{"id":24701,"date":"2024-02-29T14:58:58","date_gmt":"2024-02-29T12:58:58","guid":{"rendered":"https:\/\/tor-auto.com\/shop\/sudare-la-rece-universal-multifix-60g\/"},"modified":"2024-02-29T14:58:58","modified_gmt":"2024-02-29T12:58:58","slug":"holodnaja-svarka-universalnaja-multifix-60gr","status":"publish","type":"product","link":"https:\/\/tor-auto.com\/ru\/product\/holodnaja-svarka-universalnaja-multifix-60gr\/","title":{"rendered":"Sudare la rece Universal &#171;MultiFIX 60g&#187;"},"content":{"rendered":"<p>Compozi\u021bia bicomponent\u0103 de \u00eenalt\u0103 rezisten\u021b\u0103 lipe\u0219te orice materiale: metale feroase \u0219i neferoase, beton, lemn, plastic, sticl\u0103, ceramic\u0103 \u0219i multe altele.<\/p>\n","protected":false},"excerpt":{"rendered":"<div class=\"detail_text\"><\/div>\n<div class=\"wraps\">cod produs LVR-Ln1721<\/div>\n<div>Compozi\u021bia bicomponent\u0103 de \u00eenalt\u0103 rezisten\u021b\u0103 lipe\u0219te orice materiale: metale feroase \u0219i neferoase, beton, lemn, plastic, sticl\u0103, ceramic\u0103 \u0219i multe altele.<\/div>\n","protected":false},"featured_media":0,"template":"","meta":{"inline_featured_image":false,"_exactmetrics_skip_tracking":false,"_exactmetrics_sitenote_active":false,"_exactmetrics_sitenote_note":"","_exactmetrics_sitenote_category":0},"product_brand":[],"product_cat":[19],"product_tag":[],"class_list":{"0":"post-24701","1":"product","2":"type-product","3":"status-publish","5":"product_cat-uncategorized","7":"first","8":"instock","9":"shipping-taxable","10":"product-type-simple"},"_links":{"self":[{"href":"https:\/\/tor-auto.com\/ru\/wp-json\/wp\/v2\/product\/24701","targetHints":{"allow":["GET"]}}],"collection":[{"href":"https:\/\/tor-auto.com\/ru\/wp-json\/wp\/v2\/product"}],"about":[{"href":"https:\/\/tor-auto.com\/ru\/wp-json\/wp\/v2\/types\/product"}],"wp:attachment":[{"href":"https:\/\/tor-auto.com\/ru\/wp-json\/wp\/v2\/media?parent=24701"}],"wp:term":[{"taxonomy":"product_brand","embeddable":true,"href":"https:\/\/tor-auto.com\/ru\/wp-json\/wp\/v2\/product_brand?post=24701"},{"taxonomy":"product_cat","embeddable":true,"href":"https:\/\/tor-auto.com\/ru\/wp-json\/wp\/v2\/product_cat?post=24701"},{"taxonomy":"product_tag","embeddable":true,"href":"https:\/\/tor-auto.com\/ru\/wp-json\/wp\/v2\/product_tag?post=24701"}],"curies":[{"name":"wp","href":"https:\/\/api.w.org\/{rel}","templated":true}]}}