{"id":24683,"date":"2019-02-06T11:25:40","date_gmt":"2024-02-27T12:50:24","guid":{"rendered":"https:\/\/tor-auto.com\/shop\/abro-termometal\/"},"modified":"2025-12-11T09:47:33","modified_gmt":"2025-12-11T07:47:33","slug":"termometall-abro","status":"publish","type":"product","link":"https:\/\/tor-auto.com\/ru\/product\/termometall-abro\/","title":{"rendered":"ABRO termometal"},"content":{"rendered":"<p align=\"justify\">THERMOMETAL \u201eTermometal\u201d este o dezvoltare unic\u0103 care permite repararea garantat\u0103 a pieselor din font\u0103 \u0219i o\u021bel cr\u0103pate care func\u021bioneaz\u0103 la temperaturi de p\u00e2n\u0103 la 1316\u00b0C \u00een condi\u021bii de vibra\u021bii \u0219i solicit\u0103ri mecanice. Super rezisten\u021ba repara\u021biei este ob\u021binut\u0103 datorit\u0103 reac\u021biei chimice a compozi\u021biei cu materialele care con\u021bin fier \u0219i difuz\u0103rii ionilor de fier din compozi\u021bie \u00een metal. Ca rezultat, repara\u021bia este egal\u0103 ca rezisten\u021b\u0103 cu sudarea.<\/p>\n<p align=\"justify\">Compozi\u021bia este de \u00eenalt\u0103 tehnologie \u0219i necesit\u0103 respectarea metodei de aplicare specificate. \u00cendep\u0103rta\u021bi rugina desprins\u0103 folosind o perie de s\u00e2rm\u0103 sau o roat\u0103 abraziv\u0103 (h\u00e2rtie abraziv\u0103), \u00een mod ideal folosind sablare. Elibera\u021bi stresul \u00een fisura prin g\u0103uri de 3 mm diametru \u00een col\u021burile fisurii. Se degreseaz\u0103 cu solvent. Dac\u0103 este necesar, pute\u021bi \u00eendep\u0103rta vopseaua, murd\u0103ria \u0219i rugina folosind o tor\u021b\u0103 cu gaz. Se amestec\u0103 bine compozi\u021bia. Distribui\u021bi uniform peste fisura. Pentru fisuri sau g\u0103uri mai mici de 9,5 mm, stratul de chit trebuie s\u0103 aib\u0103 o grosime de aproximativ 6 mm \u0219i s\u0103 se extind\u0103 cu 6-8 mm dincolo de marginea fisurii pe fiecare parte. Pentru fisuri \u0219i g\u0103uri mai mari de 9,5 mm, este necesar s\u0103 folosi\u021bi dou\u0103 straturi de chit cu uscare intermediar\u0103 a primului strat. Dup\u0103 aplicare, l\u0103sa\u021bi s\u0103 se usuce timp de 3-4 ore, apoi \u00eenc\u0103lzi\u021bi \u00eencet la temperatura de func\u021bionare timp de 10-15 minute. Dac\u0103 apar bule, \u00eenseamn\u0103 c\u0103 nu a\u021bi degresat corespunz\u0103tor cr\u0103p\u0103tura sau compozi\u021bia nu s-a uscat. Aceste zone trebuie cur\u0103\u021bate \u0219i chit din nou. Dup\u0103 polimerizarea final\u0103, zona reparat\u0103 poate fi prelucrat\u0103, g\u0103urit\u0103 \u0219i filetat\u0103.<\/p>\n","protected":false},"excerpt":{"rendered":"<ul class=\"list-unstyled short-description\">\n<li>Articol: TM-185<\/li>\n<li>Volum: 85 g<\/li>\n<\/ul>\n","protected":false},"featured_media":2691,"template":"","meta":{"inline_featured_image":false,"_exactmetrics_skip_tracking":false,"_exactmetrics_sitenote_active":false,"_exactmetrics_sitenote_note":"","_exactmetrics_sitenote_category":0},"product_brand":[],"product_cat":[61,37],"product_tag":[],"class_list":{"0":"post-24683","1":"product","2":"type-product","3":"status-publish","4":"has-post-thumbnail","6":"product_cat-avtohimija","7":"product_cat-klei-germetiki","9":"first","10":"instock","11":"shipping-taxable","12":"product-type-simple"},"_links":{"self":[{"href":"https:\/\/tor-auto.com\/ru\/wp-json\/wp\/v2\/product\/24683","targetHints":{"allow":["GET"]}}],"collection":[{"href":"https:\/\/tor-auto.com\/ru\/wp-json\/wp\/v2\/product"}],"about":[{"href":"https:\/\/tor-auto.com\/ru\/wp-json\/wp\/v2\/types\/product"}],"wp:featuredmedia":[{"embeddable":true,"href":"https:\/\/tor-auto.com\/ru\/wp-json\/wp\/v2\/media\/2691"}],"wp:attachment":[{"href":"https:\/\/tor-auto.com\/ru\/wp-json\/wp\/v2\/media?parent=24683"}],"wp:term":[{"taxonomy":"product_brand","embeddable":true,"href":"https:\/\/tor-auto.com\/ru\/wp-json\/wp\/v2\/product_brand?post=24683"},{"taxonomy":"product_cat","embeddable":true,"href":"https:\/\/tor-auto.com\/ru\/wp-json\/wp\/v2\/product_cat?post=24683"},{"taxonomy":"product_tag","embeddable":true,"href":"https:\/\/tor-auto.com\/ru\/wp-json\/wp\/v2\/product_tag?post=24683"}],"curies":[{"name":"wp","href":"https:\/\/api.w.org\/{rel}","templated":true}]}}