{"id":24898,"date":"2019-04-15T16:11:36","date_gmt":"2024-06-28T08:15:59","guid":{"rendered":"https:\/\/tor-auto.com\/shop\/lac-de-plastic-antistatic-400-ml\/"},"modified":"2024-06-28T11:15:59","modified_gmt":"2024-06-28T08:15:59","slug":"polirol-plastika-antistatik-400-ml","status":"publish","type":"product","link":"https:\/\/tor-auto.com\/ro\/product\/polirol-plastika-antistatik-400-ml\/","title":{"rendered":"Lac de plastic antistatic, 400 ml"},"content":{"rendered":"<ul>\n<li><strong>Produs profesional pentru cur\u0103\u021barea \u0219i lustruirea plan\u0219elor de bord \u0219i a elementelor ornamentale din plastic, vinil \u0219i cauciuc.<\/strong><\/li>\n<li>Reface culoarea original\u0103, umple denivel\u0103rile, zg\u00e2rie \u0219i re\u00eennoie\u0219te aspectul.<\/li>\n<li>Ofer\u0103 o str\u0103lucire nobil\u0103, moderat\u0103 \u0219i nu las\u0103 o pelicul\u0103 lipicioas\u0103.<\/li>\n<li>Protejeaz\u0103 materialele de cr\u0103pare, \u00eemb\u0103tr\u00e2nire \u0219i decolorare.<\/li>\n<li>Efectul ob\u021binut dureaz\u0103 mult timp.<\/li>\n<li><strong>Re\u00eemprosp\u0103teaz\u0103 interiorul \u0219i \u00eel umple cu o arom\u0103 revigorant\u0103.<\/strong><\/li>\n<li>\n<ul>\n<li> Aplica\u021bie:<\/li>\n<li>Agita\u021bi recipientul \u00eenainte de utilizare.<\/li>\n<li>Cur\u0103\u021ba\u021bi suprafa\u021ba de murd\u0103rie grea \u0219i \u0219terge\u021bi-l.<\/li>\n<li>Pulveriza\u021bi amestecul pe suprafa\u021b\u0103.<\/li>\n<li>Lustrui\u021bi bine cu o c\u00e2rp\u0103 moale, f\u0103r\u0103 scame.<\/li>\n<\/ul>\n<p>Pentru rezultate optime, utiliza\u021bi la temperaturi mai mari de +14\u00b0C.<\/p>\n<p><strong>Compozi\u021bie:<\/strong> hidrocarburi alifatice &gt;30%, hidrocarburi naftenice &lt;, polidimetilsiloxan lichid &lt;, aditiv_&lt;stilou 5%.<\/li>\n<\/ul>\n","protected":false},"excerpt":{"rendered":"<p>Aroma de vanilie, cirese, lime.<\/p>\n","protected":false},"featured_media":2999,"template":"","meta":{"inline_featured_image":false,"_exactmetrics_skip_tracking":false,"_exactmetrics_sitenote_active":false,"_exactmetrics_sitenote_note":"","_exactmetrics_sitenote_category":0},"product_brand":[],"product_cat":[250,251],"product_tag":[],"class_list":{"0":"post-24898","1":"product","2":"type-product","3":"status-publish","4":"has-post-thumbnail","6":"product_cat-produse-chimice-auto","7":"product_cat-produse-cosmetice-auto","9":"first","10":"instock","11":"shipping-taxable","12":"product-type-simple"},"_links":{"self":[{"href":"https:\/\/tor-auto.com\/ro\/wp-json\/wp\/v2\/product\/24898","targetHints":{"allow":["GET"]}}],"collection":[{"href":"https:\/\/tor-auto.com\/ro\/wp-json\/wp\/v2\/product"}],"about":[{"href":"https:\/\/tor-auto.com\/ro\/wp-json\/wp\/v2\/types\/product"}],"wp:featuredmedia":[{"embeddable":true,"href":"https:\/\/tor-auto.com\/ro\/wp-json\/wp\/v2\/media\/2999"}],"wp:attachment":[{"href":"https:\/\/tor-auto.com\/ro\/wp-json\/wp\/v2\/media?parent=24898"}],"wp:term":[{"taxonomy":"product_brand","embeddable":true,"href":"https:\/\/tor-auto.com\/ro\/wp-json\/wp\/v2\/product_brand?post=24898"},{"taxonomy":"product_cat","embeddable":true,"href":"https:\/\/tor-auto.com\/ro\/wp-json\/wp\/v2\/product_cat?post=24898"},{"taxonomy":"product_tag","embeddable":true,"href":"https:\/\/tor-auto.com\/ro\/wp-json\/wp\/v2\/product_tag?post=24898"}],"curies":[{"name":"wp","href":"https:\/\/api.w.org\/{rel}","templated":true}]}}