{"id":24896,"date":"2019-04-15T16:28:29","date_gmt":"2024-06-28T06:22:33","guid":{"rendered":"https:\/\/tor-auto.com\/shop\/balsam-pentru-refacerea-pielii-185-ml\/"},"modified":"2024-06-28T09:22:33","modified_gmt":"2024-06-28T06:22:33","slug":"kondicioner-kozhi-vosstanavlivajushhij-185-ml","status":"publish","type":"product","link":"https:\/\/tor-auto.com\/ro\/product\/kondicioner-kozhi-vosstanavlivajushhij-185-ml\/","title":{"rendered":"Balsam pentru refacerea pielii, 185 ml"},"content":{"rendered":"<ul>\n<li>\u00cengrije\u0219te cu aten\u021bie suprafe\u021bele din piele ale interioarelor auto \u0219i mobilierul tapi\u021bat, confer\u0103 moliciune \u0219i str\u0103lucire. Umple porii \u0219i protejeaz\u0103 pielea de uscare \u0219i cr\u0103pare.<\/li>\n<li>Se absoarbe rapid \u00een suprafa\u021b\u0103 \u0219i nu necesit\u0103 cl\u0103tire.<\/li>\n<li>Potrivit pentru suprafe\u021be din piele artificial\u0103 \u0219i natural\u0103.<\/li>\n<li>\n<blockquote><p>AGITA\u021aI BINE \u00ceNAINTE DE UTILIZARE!<\/p><\/blockquote>\n<p>Aplica\u021bi pe o c\u00e2rp\u0103 uscat\u0103 \u0219i curat\u0103 \u0219i \u0219terge\u021bi suprafa\u021ba pielii cu ea. Pute\u021bi aplica balsam direct pe suprafe\u021bele uscate sau umede. Dac\u0103 este necesar, pre-trata\u021bi <strong>suprafa\u021ba<\/strong> cu <strong> LAVR<\/strong><strong>Leather Cleaner.<\/strong><\/p>\n<p><strong>Ingrediente:<\/strong> surfactant anionic, surfactant neionic, componente de \u00eenmuiere (alcool polihidroxilic, acid gras), conservant, ap\u0103 distilat\u0103.<\/li>\n<li>https:\/\/www.youtube.com\/watch?v=gu5C2Z_zIjw<\/li>\n<\/ul>\n","protected":false},"excerpt":{"rendered":"<p>Articol: Ln1471-L<\/p>\n","protected":false},"featured_media":3012,"template":"","meta":{"inline_featured_image":false,"_exactmetrics_skip_tracking":false,"_exactmetrics_sitenote_active":false,"_exactmetrics_sitenote_note":"","_exactmetrics_sitenote_category":0},"product_brand":[],"product_cat":[250,251],"product_tag":[],"class_list":{"0":"post-24896","1":"product","2":"type-product","3":"status-publish","4":"has-post-thumbnail","6":"product_cat-produse-chimice-auto","7":"product_cat-produse-cosmetice-auto","9":"first","10":"instock","11":"shipping-taxable","12":"product-type-simple"},"_links":{"self":[{"href":"https:\/\/tor-auto.com\/ro\/wp-json\/wp\/v2\/product\/24896","targetHints":{"allow":["GET"]}}],"collection":[{"href":"https:\/\/tor-auto.com\/ro\/wp-json\/wp\/v2\/product"}],"about":[{"href":"https:\/\/tor-auto.com\/ro\/wp-json\/wp\/v2\/types\/product"}],"wp:featuredmedia":[{"embeddable":true,"href":"https:\/\/tor-auto.com\/ro\/wp-json\/wp\/v2\/media\/3012"}],"wp:attachment":[{"href":"https:\/\/tor-auto.com\/ro\/wp-json\/wp\/v2\/media?parent=24896"}],"wp:term":[{"taxonomy":"product_brand","embeddable":true,"href":"https:\/\/tor-auto.com\/ro\/wp-json\/wp\/v2\/product_brand?post=24896"},{"taxonomy":"product_cat","embeddable":true,"href":"https:\/\/tor-auto.com\/ro\/wp-json\/wp\/v2\/product_cat?post=24896"},{"taxonomy":"product_tag","embeddable":true,"href":"https:\/\/tor-auto.com\/ro\/wp-json\/wp\/v2\/product_tag?post=24896"}],"curies":[{"name":"wp","href":"https:\/\/api.w.org\/{rel}","templated":true}]}}