{"id":24792,"date":"2019-02-20T16:15:11","date_gmt":"2024-03-27T12:03:48","guid":{"rendered":"https:\/\/tor-auto.com\/shop\/lanterna-defort-led-ddl-60\/"},"modified":"2024-03-27T14:03:48","modified_gmt":"2024-03-27T12:03:48","slug":"fonar-defort-led-ddl-60","status":"publish","type":"product","link":"https:\/\/tor-auto.com\/ro\/product\/fonar-defort-led-ddl-60\/","title":{"rendered":"Lanterna DEFORT LED DDL-60"},"content":{"rendered":"<p><strong>Avantaje:<\/strong><\/p>\n<p>Indicator de \u00eenc\u0103rcare<br \/>\nBlocarea comutatorului \u00een pozi\u021bia pornit<\/p>\n<p><strong>Specifica\u021bii:<\/strong><\/p>\n<p>Articol: 98298109<br \/>\nTensiune\/capacitate baterie: 3,6 V\/0,6 Ah<br \/>\nTimp de \u00eenc\u0103rcare a bateriei: 4 ore<br \/>\nGreutate: 0,27 kg<br \/>\nAmbalare: cutie color<br \/>\nDimensiuni: 168x84x177 mm<\/p>\n","protected":false},"excerpt":{"rendered":"<p>Lanterna cu baterie incorporata<br \/>\n\u00cenc\u0103rc\u0103tor<br \/>\nAdaptor bricheta<\/p>\n","protected":false},"featured_media":2922,"template":"","meta":{"inline_featured_image":false,"_exactmetrics_skip_tracking":false,"_exactmetrics_sitenote_active":false,"_exactmetrics_sitenote_note":"","_exactmetrics_sitenote_category":0},"product_brand":[],"product_cat":[258,268],"product_tag":[],"class_list":{"0":"post-24792","1":"product","2":"type-product","3":"status-publish","4":"has-post-thumbnail","6":"product_cat-accessorii-auto","7":"product_cat-lanterne","9":"first","10":"instock","11":"shipping-taxable","12":"product-type-simple"},"_links":{"self":[{"href":"https:\/\/tor-auto.com\/ro\/wp-json\/wp\/v2\/product\/24792","targetHints":{"allow":["GET"]}}],"collection":[{"href":"https:\/\/tor-auto.com\/ro\/wp-json\/wp\/v2\/product"}],"about":[{"href":"https:\/\/tor-auto.com\/ro\/wp-json\/wp\/v2\/types\/product"}],"wp:featuredmedia":[{"embeddable":true,"href":"https:\/\/tor-auto.com\/ro\/wp-json\/wp\/v2\/media\/2922"}],"wp:attachment":[{"href":"https:\/\/tor-auto.com\/ro\/wp-json\/wp\/v2\/media?parent=24792"}],"wp:term":[{"taxonomy":"product_brand","embeddable":true,"href":"https:\/\/tor-auto.com\/ro\/wp-json\/wp\/v2\/product_brand?post=24792"},{"taxonomy":"product_cat","embeddable":true,"href":"https:\/\/tor-auto.com\/ro\/wp-json\/wp\/v2\/product_cat?post=24792"},{"taxonomy":"product_tag","embeddable":true,"href":"https:\/\/tor-auto.com\/ro\/wp-json\/wp\/v2\/product_tag?post=24792"}],"curies":[{"name":"wp","href":"https:\/\/api.w.org\/{rel}","templated":true}]}}