{"id":24791,"date":"2019-02-20T13:40:56","date_gmt":"2024-03-26T09:03:14","guid":{"rendered":"https:\/\/tor-auto.com\/shop\/baterii-super-1604a-cr1-gp-baterii\/"},"modified":"2024-03-26T11:03:14","modified_gmt":"2024-03-26T09:03:14","slug":"batarejka-krona-super-1604a-cr1-gp-batteries","status":"publish","type":"product","link":"https:\/\/tor-auto.com\/ro\/product\/batarejka-krona-super-1604a-cr1-gp-batteries\/","title":{"rendered":"Baterii Super 1604A-CR1 GP Baterii"},"content":{"rendered":"<p>Krona Super 1604A-CR1 de la GP Batteries este o baterie alcalin\u0103 cu un raport ideal pre\u021b-calitate.<\/p>\n<p>Func\u021bioneaz\u0103 mult timp \u0219i nu pierde \u00eenc\u0103rcarea mult timp \u00een timpul depozit\u0103rii.<\/p>\n<p>Este un produs nutri\u021bional de \u00eenalt\u0103 calitate \u0219i eficient pentru o gam\u0103 larg\u0103 de aplica\u021bii.<\/p>\n","protected":false},"excerpt":{"rendered":"<p>Krona Super 1604A-CR1 de la GP Batteries este o baterie alcalin\u0103 cu un raport ideal pre\u021b-calitate. Func\u021bioneaz\u0103 mult timp \u0219i nu pierde \u00eenc\u0103rcarea mult timp \u00een timpul depozit\u0103rii. Este un produs nutri\u021bional de \u00eenalt\u0103 calitate \u0219i eficient pentru o gam\u0103 larg\u0103 de aplica\u021bii.<\/p>\n","protected":false},"featured_media":2910,"template":"","meta":{"inline_featured_image":false,"_exactmetrics_skip_tracking":false,"_exactmetrics_sitenote_active":false,"_exactmetrics_sitenote_note":"","_exactmetrics_sitenote_category":0},"product_brand":[],"product_cat":[258,265],"product_tag":[],"class_list":{"0":"post-24791","1":"product","2":"type-product","3":"status-publish","4":"has-post-thumbnail","6":"product_cat-accessorii-auto","7":"product_cat-baterii","9":"first","10":"instock","11":"shipping-taxable","12":"product-type-simple"},"_links":{"self":[{"href":"https:\/\/tor-auto.com\/ro\/wp-json\/wp\/v2\/product\/24791","targetHints":{"allow":["GET"]}}],"collection":[{"href":"https:\/\/tor-auto.com\/ro\/wp-json\/wp\/v2\/product"}],"about":[{"href":"https:\/\/tor-auto.com\/ro\/wp-json\/wp\/v2\/types\/product"}],"wp:featuredmedia":[{"embeddable":true,"href":"https:\/\/tor-auto.com\/ro\/wp-json\/wp\/v2\/media\/2910"}],"wp:attachment":[{"href":"https:\/\/tor-auto.com\/ro\/wp-json\/wp\/v2\/media?parent=24791"}],"wp:term":[{"taxonomy":"product_brand","embeddable":true,"href":"https:\/\/tor-auto.com\/ro\/wp-json\/wp\/v2\/product_brand?post=24791"},{"taxonomy":"product_cat","embeddable":true,"href":"https:\/\/tor-auto.com\/ro\/wp-json\/wp\/v2\/product_cat?post=24791"},{"taxonomy":"product_tag","embeddable":true,"href":"https:\/\/tor-auto.com\/ro\/wp-json\/wp\/v2\/product_tag?post=24791"}],"curies":[{"name":"wp","href":"https:\/\/api.w.org\/{rel}","templated":true}]}}