{"id":24756,"date":"2019-02-19T13:45:42","date_gmt":"2024-03-20T15:31:28","guid":{"rendered":"https:\/\/tor-auto.com\/shop\/areon-mon-aroma-de-aer-cu-bule-de-vanilie\/"},"modified":"2024-03-20T17:31:28","modified_gmt":"2024-03-20T15:31:28","slug":"aromatizator-vozduha-areon-mon-vanilla-bubble","status":"publish","type":"product","link":"https:\/\/tor-auto.com\/ro\/product\/aromatizator-vozduha-areon-mon-vanilla-bubble\/","title":{"rendered":"Areon Mon Aroma de aer cu bule de vanilie"},"content":{"rendered":"<p>Aceast\u0103 compozi\u021bie aromat\u0103 este veselia personificat\u0103! Ridic\u0103 moralul tuturor \u2013 b\u0103rba\u021bi, femei \u0219i copii. Moderat dulce, cald \u0219i afectuos \u2013 a\u0219a miroase ziua de na\u0219tere visat\u0103 a unui copil!<\/p>\n<p>Te va \u00eenc\u0103lzi \u00een iarna rece \u0219i va ad\u0103uga energie unei zile de var\u0103. V\u0103 va ajuta s\u0103 v\u0103 relaxa\u021bi dup\u0103 o zi de lucru. \u00ce\u021bi va aminti c\u0103 toate durerile sunt temporare \u0219i trec\u0103toare; \u00eentr-o s\u0103pt\u0103m\u00e2n\u0103 nici nu-\u021bi vei aminti c\u0103 ai fost at\u00e2t de \u201ebolnav\u201d ast\u0103zi.<\/p>\n<p>Dar mirosurile de vanilie \u0219i gum\u0103 de mestecat sunt eterne! Chiar \u0219i dup\u0103 100 de ani, inspir\u00e2ndu-le, vei sim\u021bi c\u0103 e\u0219ti t\u00e2n\u0103r, iar lumea din jurul t\u0103u este frumoas\u0103 \u0219i proasp\u0103t\u0103!<\/p>\n<p>Bubble de vanilie de la Areon este unul dintre cele mai pozitive arome!<\/p>\n","protected":false},"excerpt":{"rendered":"<p>Bubble de vanilie de la Areon este unul dintre cele mai pozitive arome!<\/p>\n","protected":false},"featured_media":2875,"template":"","meta":{"inline_featured_image":false,"_exactmetrics_skip_tracking":false,"_exactmetrics_sitenote_active":false,"_exactmetrics_sitenote_note":"","_exactmetrics_sitenote_category":0},"product_brand":[],"product_cat":[272,258],"product_tag":[],"class_list":{"0":"post-24756","1":"product","2":"type-product","3":"status-publish","4":"has-post-thumbnail","6":"product_cat-parfumuri-auto","7":"product_cat-accessorii-auto","9":"first","10":"instock","11":"shipping-taxable","12":"product-type-simple"},"_links":{"self":[{"href":"https:\/\/tor-auto.com\/ro\/wp-json\/wp\/v2\/product\/24756","targetHints":{"allow":["GET"]}}],"collection":[{"href":"https:\/\/tor-auto.com\/ro\/wp-json\/wp\/v2\/product"}],"about":[{"href":"https:\/\/tor-auto.com\/ro\/wp-json\/wp\/v2\/types\/product"}],"wp:featuredmedia":[{"embeddable":true,"href":"https:\/\/tor-auto.com\/ro\/wp-json\/wp\/v2\/media\/2875"}],"wp:attachment":[{"href":"https:\/\/tor-auto.com\/ro\/wp-json\/wp\/v2\/media?parent=24756"}],"wp:term":[{"taxonomy":"product_brand","embeddable":true,"href":"https:\/\/tor-auto.com\/ro\/wp-json\/wp\/v2\/product_brand?post=24756"},{"taxonomy":"product_cat","embeddable":true,"href":"https:\/\/tor-auto.com\/ro\/wp-json\/wp\/v2\/product_cat?post=24756"},{"taxonomy":"product_tag","embeddable":true,"href":"https:\/\/tor-auto.com\/ro\/wp-json\/wp\/v2\/product_tag?post=24756"}],"curies":[{"name":"wp","href":"https:\/\/api.w.org\/{rel}","templated":true}]}}