{"id":24752,"date":"2019-02-11T15:21:37","date_gmt":"2024-03-20T15:21:40","guid":{"rendered":"https:\/\/tor-auto.com\/shop\/philips-w5w-ultinon-led-11961ulwx2-6000k\/"},"modified":"2024-03-20T17:21:40","modified_gmt":"2024-03-20T15:21:40","slug":"philips-w5w-ultinon-led-11961ulwx2-6000k","status":"publish","type":"product","link":"https:\/\/tor-auto.com\/ro\/product\/philips-w5w-ultinon-led-11961ulwx2-6000k\/","title":{"rendered":"Philips W5W Ultinon LED &#8211; 11961ULWX2 (6000K)"},"content":{"rendered":"<p>Becurile <strong>LED Philips Ultinon<\/strong> luminoase produc cu <b>160%<\/b> mai mult\u0103 lumin\u0103 dec\u00e2t becurile cu halogen standard. O unitate de control electronic\u0103 este \u00eencorporat\u0103 \u00een carcasa l\u0103mpii, care controleaz\u0103 LED-urile &#8211; regl\u00e2nd puterea \u0219i puterea de lumin\u0103.<\/p>\n","protected":false},"excerpt":{"rendered":"<ul class=\"list-unstyled list-inline\">\n<li><strong>Temperatura de culoare, K:<\/strong> 6000<\/li>\n<li><strong>Mai mult\u0103 luminozitate, %<\/strong>: 160<\/li>\n<li><strong>Garantie:<\/strong> niciuna<\/li>\n<li><strong>Snag \u00eencorporat:<\/strong> nu<\/li>\n<li><strong>Putere, W:<\/strong> 5<\/li>\n<li><strong>Tensiune, V:<\/strong> 12<\/li>\n<li><strong>Durat\u0103 de via\u021b\u0103, h:<\/strong> 70080<\/li>\n<li><strong>Nuanta de culoare:<\/strong> alb rece<\/li>\n<li><strong>Baza:<\/strong> W2.1&#215;9.5d<\/li>\n<li class=\"ng-binding\"><strong>Num\u0103r articol:<\/strong> 11961ULWX2<\/li>\n<li><strong>\u021aara de origine:<\/strong> Taiwan<\/li>\n<\/ul>\n","protected":false},"featured_media":2804,"template":"","meta":{"inline_featured_image":false,"_exactmetrics_skip_tracking":false,"_exactmetrics_sitenote_active":false,"_exactmetrics_sitenote_note":"","_exactmetrics_sitenote_category":0},"product_brand":[],"product_cat":[252],"product_tag":[],"class_list":{"0":"post-24752","1":"product","2":"type-product","3":"status-publish","4":"has-post-thumbnail","6":"product_cat-lampi-auto","8":"first","9":"instock","10":"shipping-taxable","11":"product-type-simple"},"_links":{"self":[{"href":"https:\/\/tor-auto.com\/ro\/wp-json\/wp\/v2\/product\/24752","targetHints":{"allow":["GET"]}}],"collection":[{"href":"https:\/\/tor-auto.com\/ro\/wp-json\/wp\/v2\/product"}],"about":[{"href":"https:\/\/tor-auto.com\/ro\/wp-json\/wp\/v2\/types\/product"}],"wp:featuredmedia":[{"embeddable":true,"href":"https:\/\/tor-auto.com\/ro\/wp-json\/wp\/v2\/media\/2804"}],"wp:attachment":[{"href":"https:\/\/tor-auto.com\/ro\/wp-json\/wp\/v2\/media?parent=24752"}],"wp:term":[{"taxonomy":"product_brand","embeddable":true,"href":"https:\/\/tor-auto.com\/ro\/wp-json\/wp\/v2\/product_brand?post=24752"},{"taxonomy":"product_cat","embeddable":true,"href":"https:\/\/tor-auto.com\/ro\/wp-json\/wp\/v2\/product_cat?post=24752"},{"taxonomy":"product_tag","embeddable":true,"href":"https:\/\/tor-auto.com\/ro\/wp-json\/wp\/v2\/product_tag?post=24752"}],"curies":[{"name":"wp","href":"https:\/\/api.w.org\/{rel}","templated":true}]}}