{"id":24743,"date":"2020-02-27T14:07:25","date_gmt":"2024-03-18T13:09:59","guid":{"rendered":"https:\/\/tor-auto.com\/shop\/areon-home-parfum-150ml-premium-patchouli-lavanda\/"},"modified":"2024-03-18T15:09:59","modified_gmt":"2024-03-18T13:09:59","slug":"aromatizator-areon-home-perfume-premium-patchouli-lavender","status":"publish","type":"product","link":"https:\/\/tor-auto.com\/ro\/product\/aromatizator-areon-home-perfume-premium-patchouli-lavender\/","title":{"rendered":"Areon Home Parfum 150ml Premium Patchouli Lavanda"},"content":{"rendered":"<p><strong>Descrierea:<\/strong><\/p>\n<p>Primul patchouli a fost adus \u00een Europa de Napoleon Bonaparte din campaniile egiptene \u2013 e\u0219arfe de ca\u0219mir de o frumuse\u021be f\u0103r\u0103 precedent, parfumate cu o arom\u0103 necunoscut\u0103, picante, u\u0219or afumat\u0103, care a captivat imediat curtea francez\u0103. Parfumierii francezi s-au \u00eensufle\u021bit, iar \u00een prima jum\u0103tate a secolului al XX-lea, paciuliul a devenit cea mai la mod\u0103 component\u0103 a parfumurilor pentru femei. A doua cre\u0219tere a popularit\u0103\u021bii a avut loc la mijlocul secolului al XX-lea &#8211; hipio\u021bii au iubit cu adev\u0103rat paciuliul \u0219i au stricat pu\u021bin reputa\u021bia mirosului, deoarece au folosit ulei de calitate sc\u0103zut\u0103, ieftin \u0219i nu \u0219tiau ce s\u0103 fac\u0103. Dar era \u201ecopiilor florilor\u201d a trecut, dar patchouli, ca component\u0103 indispensabil\u0103 a compozi\u021biilor picante cu o \u00eentors\u0103tur\u0103 u\u0219or oriental\u0103, r\u0103m\u00e2ne. Acest parfum umed, mosc, p\u0103m\u00e2ntesc, lemnos, condimentat serve\u0219te drept not\u0103 de v\u00e2rf a parfumului luxos PATCHOULI &#8211; LAVANDA &#8211; VANILIE.<\/p>\n<p>Nota de inim\u0103 dezv\u0103luie lavand\u0103, a c\u0103rei arom\u0103 rece, u\u0219or uscat\u0103, serve\u0219te ca un puternic antistres. \u201eMirosul de lavand\u0103 v\u0103 prelunge\u0219te \u0219ederea fericit\u0103 pe P\u0103m\u00e2nt\u201d, au spus anticii. \u0218i pentru a \u00eenmuia severitatea lavandei \u0219i a patchouliului, compozi\u021bia este echipat\u0103 cu o d\u00e2r\u0103 de vanilie, ad\u0103ug\u00e2nd tandre\u021be \u0219i juc\u0103u\u0219 u\u0219or.<\/p>\n<p>O inim\u0103 de lavand\u0103 \u00eencadrat\u0103 de note orientale minunate este puritate, pace \u0219i stil.<\/p>\n<p><strong>Cum se utilizeaz\u0103 Areon Home Perfume Premium:<\/strong><\/p>\n<ul>\n<li>extragem din pachet<\/li>\n<li>deschide\u0163i capacul \u015fi capacul de protec\u0163ie<\/li>\n<li>cobor\u00e2m be\u021bele de bambus \u00een lichidul aromat \u0219i ne bucur\u0103m.<\/li>\n<\/ul>\n<p>Lichidul aromatizat impregneaz\u0103 bastoanele de bambus \u0219i, cu ajutorul lor, aroma se r\u0103sp\u00e2nde\u0219te \u00een \u00eentreaga camer\u0103.<\/p>\n<p>Pentru a reduce concentra\u021bia de miros \u0219i a cre\u0219te durata de via\u021b\u0103, este necesar s\u0103 \u00eendep\u0103rta\u021bi bastoanele impregnate din sticl\u0103, s\u0103 \u00eenchide\u021bi capacul de protec\u021bie cu capacul \u0219i s\u0103 introduce\u021bi aroma b\u0103\u021bului \u00een capac.<\/p>\n<p>Toate!!!<\/p>\n","protected":false},"excerpt":{"rendered":"<p>Descrierea: Primul patchouli a fost adus \u00een Europa de Napoleon Bonaparte din campaniile egiptene \u2013 e\u0219arfe de ca\u0219mir de o frumuse\u021be f\u0103r\u0103 precedent, parfumate cu o arom\u0103 necunoscut\u0103, picante, u\u0219or afumat\u0103, care a captivat imediat curtea francez\u0103. Parfumierii francezi s-au \u00eensufle\u021bit, iar \u00een prima jum\u0103tate a secolului al XX-lea, paciuliul a devenit cea mai la [&#8230;]\n","protected":false},"featured_media":9470,"template":"","meta":{"inline_featured_image":false,"_exactmetrics_skip_tracking":false,"_exactmetrics_sitenote_active":false,"_exactmetrics_sitenote_note":"","_exactmetrics_sitenote_category":0},"product_brand":[],"product_cat":[273,269],"product_tag":[],"class_list":{"0":"post-24743","1":"product","2":"type-product","3":"status-publish","4":"has-post-thumbnail","6":"product_cat-parfumuri-pentru-casa-si-birou","7":"product_cat-parfume","9":"first","10":"instock","11":"shipping-taxable","12":"product-type-simple"},"_links":{"self":[{"href":"https:\/\/tor-auto.com\/ro\/wp-json\/wp\/v2\/product\/24743","targetHints":{"allow":["GET"]}}],"collection":[{"href":"https:\/\/tor-auto.com\/ro\/wp-json\/wp\/v2\/product"}],"about":[{"href":"https:\/\/tor-auto.com\/ro\/wp-json\/wp\/v2\/types\/product"}],"wp:featuredmedia":[{"embeddable":true,"href":"https:\/\/tor-auto.com\/ro\/wp-json\/wp\/v2\/media\/9470"}],"wp:attachment":[{"href":"https:\/\/tor-auto.com\/ro\/wp-json\/wp\/v2\/media?parent=24743"}],"wp:term":[{"taxonomy":"product_brand","embeddable":true,"href":"https:\/\/tor-auto.com\/ro\/wp-json\/wp\/v2\/product_brand?post=24743"},{"taxonomy":"product_cat","embeddable":true,"href":"https:\/\/tor-auto.com\/ro\/wp-json\/wp\/v2\/product_cat?post=24743"},{"taxonomy":"product_tag","embeddable":true,"href":"https:\/\/tor-auto.com\/ro\/wp-json\/wp\/v2\/product_tag?post=24743"}],"curies":[{"name":"wp","href":"https:\/\/api.w.org\/{rel}","templated":true}]}}