{"id":24739,"date":"2020-01-29T10:28:00","date_gmt":"2024-03-18T12:43:38","guid":{"rendered":"https:\/\/tor-auto.com\/shop\/ulei-motor-mobil-3000-xe-5w30\/"},"modified":"2024-03-18T14:43:38","modified_gmt":"2024-03-18T12:43:38","slug":"maslo-motornoe-mobil-3000-xe-5w30","status":"publish","type":"product","link":"https:\/\/tor-auto.com\/ro\/product\/maslo-motornoe-mobil-3000-xe-5w30\/","title":{"rendered":"Ulei motor Mobil 3000 XE 5W30"},"content":{"rendered":"<p>Mobil Super 3000 XE 5W-30 este formulat pentru a \u00eendeplini cele mai recente specifica\u021bii majore privind uleiul de motor pentru automobile \u0219i este compatibil cu cele mai avansate filtre de particule diesel \u0219i toate convertoarele catalitice pe benzin\u0103.<br \/>\nMobil Super 3000 XE 5W-30 este capabil s\u0103 ofere performan\u021be excelente at\u00e2t la temperaturi de func\u021bionare foarte sc\u0103zute, c\u00e2t \u0219i foarte ridicate, precum \u0219i protec\u021bie pe termen lung a motorului \u00eempotriva uzurii, n\u0103molului \u0219i depunerilor.<\/p>\n<p>Mobil Super 3000 XE 5W-30 este recomandat \u00een special pentru utilizarea \u00een vehiculele Mercedes-Benz care necesit\u0103 ulei cu specifica\u021bii MB 229.31, 229.51 sau 229.52, vehicule BMW care necesit\u0103 ulei cu specifica\u021bii Longlife Oil 04 \u0219i vehicule Volkswagen care necesit\u0103 ulei cu specifica\u021bii MB 04 c\u0103tre VW. 505 00 specifica\u021bii.<\/p>\n<p>Uleiul Mobil Super 3000 XE 5W-30 este recomandat \u0219i pentru utilizarea \u00een motoarele diesel Volkswagen TDI turbo cu injectoare cu pomp\u0103 (cu un interval de \u00eenlocuire de 15.000 km sau o dat\u0103 pe an), care necesit\u0103 uleiuri conform specifica\u021biei VW 505 01, precum \u0219i la motoarele diesel cu vehicule Ford Galaxy de 1,9 l turbo, care necesit\u0103 uleiuri conform specifica\u021biilor VW 505 01 sau Ford WSS-M2C917-A.<\/p>\n<p>Mobil Super 3000 XE 5W-30 este un ulei de service aprobat de General Motors dexos2\u2122, necesar pentru \u00eentre\u021binerea tuturor noilor vehicule GM\/Opel\/Vauxhall\/Chevrolet pe motorin\u0103 \u0219i pe benzin\u0103 model 2010. GM\/Opel a anun\u021bat c\u0103 uleiurile dexos2\u2122 pot \u200b\u200b\u00eenlocui uleiurile cu specifica\u021bii anterioare GM\/Opel (GM-LL-A-025 \u0219i GM-LL-B-025). Majoritatea vehiculelor diesel \u0219i pe benzin\u0103 GM\/Opel\/Vauxhall\/Chevrolet pot folosi uleiuri certificate dexos2\u2122.<\/p>\n","protected":false},"excerpt":{"rendered":"<p><strong>Uleiul Mobil Super 3000 XE 5W-30 \u00eendepline\u0219te urm\u0103toarele cerin\u021be:<\/strong><br \/>\nACEA C3<\/p>\n<p>API SM\/SL\/SN<\/p>\n<p><strong>Mobil Super 3000 XE 5W-30 este recomandat pentru aplica\u021bii care necesit\u0103:<\/strong><br \/>\nAPI CF<br \/>\nFord WSS-M2C917-A<\/p>\n","protected":false},"featured_media":8796,"template":"","meta":{"inline_featured_image":false,"_exactmetrics_skip_tracking":false,"_exactmetrics_sitenote_active":false,"_exactmetrics_sitenote_note":"","_exactmetrics_sitenote_category":0},"product_brand":[],"product_cat":[249,173],"product_tag":[],"class_list":{"0":"post-24739","1":"product","2":"type-product","3":"status-publish","4":"has-post-thumbnail","6":"product_cat-uleiuri-de-motor","7":"product_cat-mobil","9":"first","10":"instock","11":"shipping-taxable","12":"product-type-simple"},"_links":{"self":[{"href":"https:\/\/tor-auto.com\/ro\/wp-json\/wp\/v2\/product\/24739","targetHints":{"allow":["GET"]}}],"collection":[{"href":"https:\/\/tor-auto.com\/ro\/wp-json\/wp\/v2\/product"}],"about":[{"href":"https:\/\/tor-auto.com\/ro\/wp-json\/wp\/v2\/types\/product"}],"wp:featuredmedia":[{"embeddable":true,"href":"https:\/\/tor-auto.com\/ro\/wp-json\/wp\/v2\/media\/8796"}],"wp:attachment":[{"href":"https:\/\/tor-auto.com\/ro\/wp-json\/wp\/v2\/media?parent=24739"}],"wp:term":[{"taxonomy":"product_brand","embeddable":true,"href":"https:\/\/tor-auto.com\/ro\/wp-json\/wp\/v2\/product_brand?post=24739"},{"taxonomy":"product_cat","embeddable":true,"href":"https:\/\/tor-auto.com\/ro\/wp-json\/wp\/v2\/product_cat?post=24739"},{"taxonomy":"product_tag","embeddable":true,"href":"https:\/\/tor-auto.com\/ro\/wp-json\/wp\/v2\/product_tag?post=24739"}],"curies":[{"name":"wp","href":"https:\/\/api.w.org\/{rel}","templated":true}]}}