{"id":24736,"date":"2020-01-27T11:37:48","date_gmt":"2024-03-18T12:16:43","guid":{"rendered":"https:\/\/tor-auto.com\/shop\/ulei-motor-motul-x-clean-5w40\/"},"modified":"2024-03-18T14:16:43","modified_gmt":"2024-03-18T12:16:43","slug":"maslo-motornoe-motul-x-clean-5w40","status":"publish","type":"product","link":"https:\/\/tor-auto.com\/ro\/product\/maslo-motornoe-motul-x-clean-5w40\/","title":{"rendered":"Ulei motor Motul X-Clean 5W40"},"content":{"rendered":"<p><strong>MOTUL 8100 X-CLEAN 5W30<\/strong> &#8211; ulei de motor high-tech 100% sintetic (sintetic), special conceput pentru motoarele pe benzin\u0103 \u0219i diesel ale autoturismelor de ultim\u0103 genera\u021bie, echipate cu turboalimentare \u0219i injec\u021bie direct\u0103 \u0219i care \u00eendeplinesc cerin\u021bele standardelor Euro IV \u0219i Euro V, necesit\u00e2nd utilizarea ACEA Ulei standard C3 \u00een ele &#8211; uleiuri cu HTHS de v\u00e2scozitate mare (mai mult de 3,5 mPa\/s), con\u021binut redus de cenu\u0219\u0103 sulfatat\u0103 (0,8%), fosfor (0,07%-0,09%), sulf (0,3%) &#8211; \u201eMid SAPS\u201d.<\/p>\n<p>100% sintetic <strong>MOTUL 8100 X-CLEAN 5W30<\/strong> este compatibil cu sistemele de tratare a gazelor de e\u0219apament \u0219i convertoare catalitice \u0219i filtre de particule (DPF). Poate fi folosit la motoarele pe benzin\u0103 \u0219i diesel care necesit\u0103 ulei de motor din clasa de calitate ACEA A3\/B3, A3\/B4.<\/p>\n<p><strong><u>Standarde:<\/u><\/strong><strong> <\/strong>ACEA A3\/B4\/C3 API SM\/CF<\/p>\n<p><strong><u>Aprobari:<\/u><\/strong><strong> <\/strong>BMW LL-04, MB 229.51, VW 502 00 \u2014 505 00<\/p>\n<p><strong><u>Recomand\u0103ri:<\/u><\/strong><strong> <\/strong>FIAT, HYUNDAI \/ KIA, NISSAN, RENAULT, SSANGYONG, SUZUKI<\/p>\n","protected":false},"excerpt":{"rendered":"<p>Pachet<\/p>\n<p>5l &#8211; 925 lei<\/p>\n<p>1l &#8211; 190 lei<\/p>\n","protected":false},"featured_media":8723,"template":"","meta":{"inline_featured_image":false,"_exactmetrics_skip_tracking":false,"_exactmetrics_sitenote_active":false,"_exactmetrics_sitenote_note":"","_exactmetrics_sitenote_category":0},"product_brand":[],"product_cat":[249,174],"product_tag":[],"class_list":{"0":"post-24736","1":"product","2":"type-product","3":"status-publish","4":"has-post-thumbnail","6":"product_cat-uleiuri-de-motor","7":"product_cat-motul","9":"first","10":"instock","11":"shipping-taxable","12":"product-type-simple"},"_links":{"self":[{"href":"https:\/\/tor-auto.com\/ro\/wp-json\/wp\/v2\/product\/24736","targetHints":{"allow":["GET"]}}],"collection":[{"href":"https:\/\/tor-auto.com\/ro\/wp-json\/wp\/v2\/product"}],"about":[{"href":"https:\/\/tor-auto.com\/ro\/wp-json\/wp\/v2\/types\/product"}],"wp:featuredmedia":[{"embeddable":true,"href":"https:\/\/tor-auto.com\/ro\/wp-json\/wp\/v2\/media\/8723"}],"wp:attachment":[{"href":"https:\/\/tor-auto.com\/ro\/wp-json\/wp\/v2\/media?parent=24736"}],"wp:term":[{"taxonomy":"product_brand","embeddable":true,"href":"https:\/\/tor-auto.com\/ro\/wp-json\/wp\/v2\/product_brand?post=24736"},{"taxonomy":"product_cat","embeddable":true,"href":"https:\/\/tor-auto.com\/ro\/wp-json\/wp\/v2\/product_cat?post=24736"},{"taxonomy":"product_tag","embeddable":true,"href":"https:\/\/tor-auto.com\/ro\/wp-json\/wp\/v2\/product_tag?post=24736"}],"curies":[{"name":"wp","href":"https:\/\/api.w.org\/{rel}","templated":true}]}}