{"id":24735,"date":"2020-01-27T11:29:37","date_gmt":"2024-03-18T09:02:59","guid":{"rendered":"https:\/\/tor-auto.com\/shop\/ulei-motor-motul-8100-x-cess-5w40\/"},"modified":"2024-03-18T11:02:59","modified_gmt":"2024-03-18T09:02:59","slug":"maslo-motornoe-motul-8100-x-cess-5w40","status":"publish","type":"product","link":"https:\/\/tor-auto.com\/ro\/product\/maslo-motornoe-motul-8100-x-cess-5w40\/","title":{"rendered":"Ulei motor Motul 8100 X-Cess 5W40"},"content":{"rendered":"<p><strong>MOTUL 8100<\/strong><strong>X<\/strong><strong>-C<\/strong><strong>ESS<\/strong><strong>5<\/strong><strong>W<\/strong><strong>40<\/strong> este un ulei de motor high-tech 100% sintetic, special conceput pentru motoarele moderne de autoturisme cu putere si volum mare, pentru motoarele pe benzina si diesel cu injectie directa, dotate cu sisteme de posttratare a gazelor de esapament. <strong>8100X-<\/strong><strong>CESS<\/strong><strong>5W-40<\/strong> &#8211; are numeroase aprob\u0103ri de la produc\u0103torii de automobile, ceea ce \u00eei permite s\u0103 fie utilizat \u00een perioada de garan\u021bie. Este folosit la motoarele care func\u021bioneaz\u0103 cu toate tipurile de benzin\u0103, motorin\u0103 \u0219i combustibil gazos (GPL).<\/p>\n<p><strong><u>Folosit la motoare, lucru<\/u><\/strong><\/p>\n<p>ACEA A3 \/ B4<\/p>\n<p>API SN \/ CF<\/p>\n<p><strong><u>Aprobarea produc\u0103torului de vehicule:<\/u><\/strong><\/p>\n<p>BMW LL-01, GM-Opel LL B-025 (Diesel), Omologare MB 229.5, Porsche A40, Renault RN0700 N\u00b0RN0700\u201310\u201370, Renault RN0710 N\u00b0RN0710\u201310\u201343, VW 502 00 \u2013 505<\/p>\n<p><strong><u>Respectarea cerin\u021belor:<\/u><\/strong><\/p>\n<p>FIAT 9.55535-H2, FIAT 9.55535-M2, FIAT 9.55535-N2<\/p>\n","protected":false},"excerpt":{"rendered":"<p>Verifica\u021bi pre\u021bul sun\u00e2nd la 022716191<\/p>\n","protected":false},"featured_media":8720,"template":"","meta":{"inline_featured_image":false,"_exactmetrics_skip_tracking":false,"_exactmetrics_sitenote_active":false,"_exactmetrics_sitenote_note":"","_exactmetrics_sitenote_category":0},"product_brand":[],"product_cat":[249,174],"product_tag":[],"class_list":{"0":"post-24735","1":"product","2":"type-product","3":"status-publish","4":"has-post-thumbnail","6":"product_cat-uleiuri-de-motor","7":"product_cat-motul","9":"first","10":"instock","11":"shipping-taxable","12":"product-type-simple"},"_links":{"self":[{"href":"https:\/\/tor-auto.com\/ro\/wp-json\/wp\/v2\/product\/24735","targetHints":{"allow":["GET"]}}],"collection":[{"href":"https:\/\/tor-auto.com\/ro\/wp-json\/wp\/v2\/product"}],"about":[{"href":"https:\/\/tor-auto.com\/ro\/wp-json\/wp\/v2\/types\/product"}],"wp:featuredmedia":[{"embeddable":true,"href":"https:\/\/tor-auto.com\/ro\/wp-json\/wp\/v2\/media\/8720"}],"wp:attachment":[{"href":"https:\/\/tor-auto.com\/ro\/wp-json\/wp\/v2\/media?parent=24735"}],"wp:term":[{"taxonomy":"product_brand","embeddable":true,"href":"https:\/\/tor-auto.com\/ro\/wp-json\/wp\/v2\/product_brand?post=24735"},{"taxonomy":"product_cat","embeddable":true,"href":"https:\/\/tor-auto.com\/ro\/wp-json\/wp\/v2\/product_cat?post=24735"},{"taxonomy":"product_tag","embeddable":true,"href":"https:\/\/tor-auto.com\/ro\/wp-json\/wp\/v2\/product_tag?post=24735"}],"curies":[{"name":"wp","href":"https:\/\/api.w.org\/{rel}","templated":true}]}}