{"id":24709,"date":"2019-02-06T16:25:57","date_gmt":"2024-02-29T15:04:40","guid":{"rendered":"https:\/\/tor-auto.com\/shop\/sigilant-siliconic-penetrant-pentru-repararea-sticlei\/"},"modified":"2024-02-29T17:04:40","modified_gmt":"2024-02-29T15:04:40","slug":"germetik-silikonovyj-pronikajushhij-dlja-remonta-stekol","status":"publish","type":"product","link":"https:\/\/tor-auto.com\/ro\/product\/germetik-silikonovyj-pronikajushhij-dlja-remonta-stekol\/","title":{"rendered":"Sigilant siliconic penetrant pentru repararea sticlei"},"content":{"rendered":"<p>O compozi\u021bie special dezvoltat\u0103, cu fluiditate crescut\u0103, p\u0103trunde ad\u00e2nc \u00een fisuri \u0219i goluri, urmat\u0103 de formarea unui strat transparent, durabil, impermeabil. Este rezistent la vibra\u021bii \u0219i c\u0103ldur\u0103 \u0219i nu se pr\u0103bu\u0219e\u0219te sub influen\u021ba majorit\u0103\u021bii lichidelor auto \u0219i de uz casnic. Potrivit pentru repararea suprafetelor din sticla, metal, lemn, plastic, cauciuc, ceramica.<\/p>\n<p><strong>Aplica\u021bie:<\/strong><\/p>\n<ol>\n<li>Suprafa\u021ba trebuie s\u0103 fie curat\u0103, uscat\u0103 \u0219i f\u0103r\u0103 gr\u0103simi.<\/li>\n<li>Scoate\u021bi capacul, perfora\u021bi membrana de protec\u021bie \u0219i \u00een\u0219uruba\u021bi duza. T\u0103ia\u021bi v\u00e2rful duzei la dimensiunea dorit\u0103.<\/li>\n<li>Aplica\u021bi etan\u0219ant pe suprafa\u021ba de reparat.\n<ul>\n<li>C\u00e2nd repara\u021bi scurgerile de etan\u0219are din cauciuc de pe geamurile ma\u0219inii, \u00eendoi\u021bi etan\u0219area departe de geam \u0219i caroserie.<\/li>\n<li>C\u00e2nd repara\u021bi acvariile, aplica\u021bi etan\u0219ant din interior. \u00cendep\u0103rta\u021bi excesul de etan\u0219ant cu un prosop de h\u00e2rtie sau o c\u00e2rp\u0103.<\/li>\n<\/ul>\n<\/li>\n<li>Verifica\u021bi rezultatul la 15-20 de minute dup\u0103 aplicare. Dac\u0103 scurgerea nu se opre\u0219te, aplica\u021bi din nou materialul de etan\u0219are. \u00cent\u0103rirea complet\u0103 a materialului de etan\u0219are are loc dup\u0103 24 de ore.<\/li>\n<\/ol>\n","protected":false},"excerpt":{"rendered":"<ul class=\"list-unstyled short-description\">\n<li>Articol: FS-3200<\/li>\n<li>Volum: 85 g<\/li>\n<\/ul>\n","protected":false},"featured_media":2706,"template":"","meta":{"inline_featured_image":false,"_exactmetrics_skip_tracking":false,"_exactmetrics_sitenote_active":false,"_exactmetrics_sitenote_note":"","_exactmetrics_sitenote_category":0},"product_brand":[],"product_cat":[250,254],"product_tag":[],"class_list":{"0":"post-24709","1":"product","2":"type-product","3":"status-publish","4":"has-post-thumbnail","6":"product_cat-produse-chimice-auto","7":"product_cat-lubrifianti","9":"first","10":"instock","11":"shipping-taxable","12":"product-type-simple"},"_links":{"self":[{"href":"https:\/\/tor-auto.com\/ro\/wp-json\/wp\/v2\/product\/24709","targetHints":{"allow":["GET"]}}],"collection":[{"href":"https:\/\/tor-auto.com\/ro\/wp-json\/wp\/v2\/product"}],"about":[{"href":"https:\/\/tor-auto.com\/ro\/wp-json\/wp\/v2\/types\/product"}],"wp:featuredmedia":[{"embeddable":true,"href":"https:\/\/tor-auto.com\/ro\/wp-json\/wp\/v2\/media\/2706"}],"wp:attachment":[{"href":"https:\/\/tor-auto.com\/ro\/wp-json\/wp\/v2\/media?parent=24709"}],"wp:term":[{"taxonomy":"product_brand","embeddable":true,"href":"https:\/\/tor-auto.com\/ro\/wp-json\/wp\/v2\/product_brand?post=24709"},{"taxonomy":"product_cat","embeddable":true,"href":"https:\/\/tor-auto.com\/ro\/wp-json\/wp\/v2\/product_cat?post=24709"},{"taxonomy":"product_tag","embeddable":true,"href":"https:\/\/tor-auto.com\/ro\/wp-json\/wp\/v2\/product_tag?post=24709"}],"curies":[{"name":"wp","href":"https:\/\/api.w.org\/{rel}","templated":true}]}}