{"id":24704,"date":"2019-02-08T12:02:25","date_gmt":"2024-02-29T13:32:53","guid":{"rendered":"https:\/\/tor-auto.com\/shop\/lipici-epoxidic-abro-rezistenta-ridicata\/"},"modified":"2024-02-29T15:39:48","modified_gmt":"2024-02-29T13:39:48","slug":"klej-jepoksidnyj-abro-vysokoprochnyj","status":"publish","type":"product","link":"https:\/\/tor-auto.com\/ro\/product\/klej-jepoksidnyj-abro-vysokoprochnyj\/","title":{"rendered":"Lipici epoxidic &#8222;ABRO&#8221; Rezistenta ridicata."},"content":{"rendered":"<p>\u2014 Proiectat pentru sudarea chimic\u0103, umplerea, etan\u0219area \u0219i lipirea lemnului, plasticului \u0219i a majorit\u0103\u021bii metalelor (alama, o\u021bel, cupru, fier) \u200b\u200bpentru lucr\u0103ri auto, industriale \u0219i casnice.<br \/>\n\u2014 Este o compozi\u021bie de r\u0103\u0219in\u0103 epoxidic\u0103 \u0219i o\u021bel zdrobit.<br \/>\n&#8211; Setare instantanee in 4 minute.<br \/>\n&#8211; Combin\u0103 rezisten\u021ba \u0219i durabilitatea excep\u021bionale.<br \/>\n\u2014 Are rezisten\u021b\u0103 ridicat\u0103 la benzin\u0103, antigel \u0219i majoritatea solven\u021bilor.<br \/>\n\u2014 Produsul lipit poate fi lustruit, g\u0103urit, vopsit.<br \/>\n\u2014 Umple golurile \u0219i fisurile, restabile\u0219te forma \u0219i volumul produs.<\/p>\n<p>Aplica\u021bie:<br \/>\n1. Folosi\u021bi un \u0219tift sau alt obiect ascu\u021bit pentru a perfora orificiul de evacuare al tubului de etan\u0219are.<br \/>\n2. Cur\u0103\u021ba\u021bi suprafa\u021ba de murd\u0103rie, usca\u021bi \u0219i degresa\u021bi.<br \/>\n3. Stoarce\u021bi p\u0103r\u021bi egale de baz\u0103 \u0219i de \u00eent\u0103ritor din tuburi \u0219i amesteca\u021bi bine p\u00e2n\u0103 c\u00e2nd se ob\u021bine o culoare uniform\u0103. Amesteca\u021bi doar cantitatea care va fi folosit\u0103 imediat, deoarece adezivul se \u00eent\u0103re\u0219te \u00een 4 minute.<br \/>\n4. Dac\u0103 temperatura ambiant\u0103 este sub 5\u00b0C, lipiciul dureaz\u0103 mai mult s\u0103 se \u00eent\u0103reasc\u0103. Amestecul va fi cald p\u00e2n\u0103 se \u00eent\u0103re\u0219te.<br \/>\n5. Aplica\u021bi cu aten\u021bie lipici epoxidic pe suprafe\u021bele de lipit. Nu sunt necesare cleme pentru fixarea materialului; str\u00e2nge\u021bi u\u0219or piesele de lipit.<\/p>\n<p>Ingrediente: sulfat de bariu, talc, carbonat de calciu, carbonat de magneziu, nonilfenol, siliciu, dimetil aminometil.<\/p>\n","protected":false},"excerpt":{"rendered":"<div class=\"product-data__item product-data__list-item \"><span class=\"product-data__item-title\">Num\u0103r articol<\/span> <span class=\"product-data__item-content\">ES-509<\/span><\/div>\n<div class=\"product-data__item product-data__list-item \"><span class=\"product-data__item-title\">Producator<\/span> <span class=\"product-data__item-content\">ABRO<\/span><\/div>\n","protected":false},"featured_media":2741,"template":"","meta":{"inline_featured_image":false,"_exactmetrics_skip_tracking":false,"_exactmetrics_sitenote_active":false,"_exactmetrics_sitenote_note":"","_exactmetrics_sitenote_category":0},"product_brand":[],"product_cat":[250,254],"product_tag":[],"class_list":{"0":"post-24704","1":"product","2":"type-product","3":"status-publish","4":"has-post-thumbnail","6":"product_cat-produse-chimice-auto","7":"product_cat-lubrifianti","9":"first","10":"instock","11":"shipping-taxable","12":"product-type-simple"},"_links":{"self":[{"href":"https:\/\/tor-auto.com\/ro\/wp-json\/wp\/v2\/product\/24704","targetHints":{"allow":["GET"]}}],"collection":[{"href":"https:\/\/tor-auto.com\/ro\/wp-json\/wp\/v2\/product"}],"about":[{"href":"https:\/\/tor-auto.com\/ro\/wp-json\/wp\/v2\/types\/product"}],"wp:featuredmedia":[{"embeddable":true,"href":"https:\/\/tor-auto.com\/ro\/wp-json\/wp\/v2\/media\/2741"}],"wp:attachment":[{"href":"https:\/\/tor-auto.com\/ro\/wp-json\/wp\/v2\/media?parent=24704"}],"wp:term":[{"taxonomy":"product_brand","embeddable":true,"href":"https:\/\/tor-auto.com\/ro\/wp-json\/wp\/v2\/product_brand?post=24704"},{"taxonomy":"product_cat","embeddable":true,"href":"https:\/\/tor-auto.com\/ro\/wp-json\/wp\/v2\/product_cat?post=24704"},{"taxonomy":"product_tag","embeddable":true,"href":"https:\/\/tor-auto.com\/ro\/wp-json\/wp\/v2\/product_tag?post=24704"}],"curies":[{"name":"wp","href":"https:\/\/api.w.org\/{rel}","templated":true}]}}