{"id":24703,"date":"2019-02-08T12:14:55","date_gmt":"2024-02-29T13:06:42","guid":{"rendered":"https:\/\/tor-auto.com\/shop\/k2-mega-mirror-rearview-mirror-adhesive-6ml\/"},"modified":"2024-02-29T15:06:42","modified_gmt":"2024-02-29T13:06:42","slug":"k2-mega-mirror-klej-dlja-zerkala-zadnego-vida-6ml","status":"publish","type":"product","link":"https:\/\/tor-auto.com\/ro\/product\/k2-mega-mirror-klej-dlja-zerkala-zadnego-vida-6ml\/","title":{"rendered":"K2 Mega Mirror Rearview Mirror Adhesive 6ml"},"content":{"rendered":"<div id=\"tabs\" class=\"tabs_names\">\n<div id=\"tab-dscription\">\n<div class=\"prod-main-desc\">\n<div class=\"pmd-desc\">\n<div>Adezivul de \u00eenalt\u0103 performan\u021b\u0103 ajut\u0103 acolo unde al\u021bii e\u0219ueaz\u0103. F\u0103r\u0103 agitare. Adeziv foarte puternic \u0219i cu ac\u021biune rapid\u0103. Mai eficient dec\u00e2t epoxicile \u0219i supercleiurile. Leag\u0103 puternic oglinda retrovizoare de sticl\u0103. Poate fi folosit \u0219i pentru a \u00eembina metal cu metal, sticl\u0103 cu sticl\u0103, ceramic\u0103, bijuterii, bijuterii \u0219i alte materiale. Atinge 60% putere \u00een 5 minute. Volum: 6 ml.<\/div>\n<div><\/div>\n<div>Adeziv deosebit de puternic \u0219i cu priz\u0103 rapid\u0103. Poate fi folosit \u0219i \u00een toate cazurile de conexiuni metal-sticl\u0103, metal-metal, sticl\u0103-sticl\u0103.<\/div>\n<div><\/div>\n<div><strong>APLICARE: <\/strong>Cur\u0103\u021ba\u021bi bine suprafe\u021bele de lipit \u0219i marca\u021bi zona de lipire pe parbriz cu un creion sau marker. Scoate\u021bi capacul tubului cu activatorul \u0219i pune\u021bi-l la cel\u0103lalt cap\u0103t al tubului. Ap\u0103sa\u021bi u\u0219or tubul, zdrobind partea interioar\u0103 de sticl\u0103.Aplica\u021bi un strat sub\u021bire de activator pe zona adeziv\u0103 de pe parbriz. Rupe\u021bi nasul capsulei cu lipici \u0219i aplica\u021bi, f\u0103r\u0103 a m\u00e2nji, o pic\u0103tur\u0103 pe suportul pentru oglind\u0103 lipit. Ap\u0103sa\u021bi suprafe\u021bele de lipit, muta\u021bi u\u0219or suportul dintr-o parte \u00een alta (5-10 secunde) \u0219i str\u00e2nge\u021bi \u00een pozi\u021bia final\u0103 timp de 1-2 minute.<\/div>\n<div><\/div>\n<div><strong>PRECAU\u021aII:<\/strong> Con\u021bine izopropanol, aminoacizi. \u00cen caz de contact cu pielea sau ochii, cl\u0103ti\u021bi cu ap\u0103. Utiliza\u021bi \u00eentr-o zon\u0103 ventilat\u0103. STAI DEPARTE DE COPII!<\/div>\n<div><\/div>\n<div><strong>VOLUM<\/strong> &#8211; 2 capsule a 3 ml.<\/div>\n<\/div>\n<\/div>\n<\/div>\n<\/div>\n","protected":false},"excerpt":{"rendered":"<p>Adezivul de \u00eenalt\u0103 performan\u021b\u0103 ajut\u0103 acolo unde al\u021bii e\u0219ueaz\u0103. F\u0103r\u0103 agitare. Adeziv foarte puternic \u0219i cu ac\u021biune rapid\u0103. Mai eficient dec\u00e2t epoxicile \u0219i supercleiurile. Leag\u0103 puternic oglinda retrovizoare de sticl\u0103. Poate fi folosit \u0219i pentru a \u00eembina metal cu metal, sticl\u0103 cu sticl\u0103, ceramic\u0103, bijuterii, bijuterii \u0219i alte materiale. Atinge 60% putere \u00een 5 minute. [&#8230;]\n","protected":false},"featured_media":2744,"template":"","meta":{"inline_featured_image":false,"_exactmetrics_skip_tracking":false,"_exactmetrics_sitenote_active":false,"_exactmetrics_sitenote_note":"","_exactmetrics_sitenote_category":0},"product_brand":[],"product_cat":[250,254],"product_tag":[],"class_list":{"0":"post-24703","1":"product","2":"type-product","3":"status-publish","4":"has-post-thumbnail","6":"product_cat-produse-chimice-auto","7":"product_cat-lubrifianti","9":"first","10":"instock","11":"shipping-taxable","12":"product-type-simple"},"_links":{"self":[{"href":"https:\/\/tor-auto.com\/ro\/wp-json\/wp\/v2\/product\/24703","targetHints":{"allow":["GET"]}}],"collection":[{"href":"https:\/\/tor-auto.com\/ro\/wp-json\/wp\/v2\/product"}],"about":[{"href":"https:\/\/tor-auto.com\/ro\/wp-json\/wp\/v2\/types\/product"}],"wp:featuredmedia":[{"embeddable":true,"href":"https:\/\/tor-auto.com\/ro\/wp-json\/wp\/v2\/media\/2744"}],"wp:attachment":[{"href":"https:\/\/tor-auto.com\/ro\/wp-json\/wp\/v2\/media?parent=24703"}],"wp:term":[{"taxonomy":"product_brand","embeddable":true,"href":"https:\/\/tor-auto.com\/ro\/wp-json\/wp\/v2\/product_brand?post=24703"},{"taxonomy":"product_cat","embeddable":true,"href":"https:\/\/tor-auto.com\/ro\/wp-json\/wp\/v2\/product_cat?post=24703"},{"taxonomy":"product_tag","embeddable":true,"href":"https:\/\/tor-auto.com\/ro\/wp-json\/wp\/v2\/product_tag?post=24703"}],"curies":[{"name":"wp","href":"https:\/\/api.w.org\/{rel}","templated":true}]}}