{"id":24692,"date":"2019-02-05T17:43:13","date_gmt":"2024-02-27T15:18:52","guid":{"rendered":"https:\/\/tor-auto.com\/shop\/epoxid-bicomponent-transparent\/"},"modified":"2024-02-27T17:18:52","modified_gmt":"2024-02-27T15:18:52","slug":"dvuhkomponentnyj-jepoksidnyj-sostav-prozrachnyj","status":"publish","type":"product","link":"https:\/\/tor-auto.com\/ro\/product\/dvuhkomponentnyj-jepoksidnyj-sostav-prozrachnyj\/","title":{"rendered":"Epoxid bicomponent (transparent)"},"content":{"rendered":"<p align=\"justify\">Compozi\u021bie epoxidica bicomponent\u0103, transparent\u0103. Analog cu <strong>EP-300<\/strong>. O tr\u0103s\u0103tur\u0103 caracteristic\u0103 este aderen\u021ba excelent\u0103 la ceramic\u0103, sticl\u0103 \u0219i plastic. Compozi\u021bia lichid\u0103, complet transparent\u0103, va face repara\u021bia invizibil\u0103. Indispensabil pentru reparatii auto si acasa. Rezistent la ap\u0103, detergen\u021bi \u0219i majoritatea solven\u021bilor.<\/p>\n<p align=\"justify\"><strong>Aplica\u021bie:<\/strong><\/p>\n<ol>\n<li>Utiliza\u021bi un \u0219tift sau alt obiect ascu\u021bit pentru a perfora orificiul de evacuare al tubului de etan\u0219are.<\/li>\n<li>Suprafa\u021ba de reparat trebuie cur\u0103\u021bat\u0103 de murd\u0103rie, uscat\u0103 \u0219i degresat\u0103.<\/li>\n<li>Stoarce\u021bi p\u0103r\u021bi egale de baz\u0103 \u0219i de \u00eent\u0103ritor din tuburi \u0219i amesteca\u021bi bine p\u00e2n\u0103 c\u00e2nd se ob\u021bine o culoare uniform\u0103.<\/li>\n<li>Amesteca\u021bi doar cantitatea care va fi folosit\u0103 imediat, deoarece adezivul are un timp de \u00eent\u0103rire de 4 minute.<\/li>\n<li>Aplica\u021bi un strat sub\u021bire de amestec pe ambele suprafe\u021be. Amestecul va fi cald p\u00e2n\u0103 se \u00eent\u0103re\u0219te.<\/li>\n<li>Nu sunt necesare cleme pentru fixarea materialului; trebuie doar s\u0103 stoarce\u021bi u\u0219or piesele de lipit.<\/li>\n<\/ol>\n<p>A nu se utiliza la temperaturi sub 10\u00b0C.<\/p>\n","protected":false},"excerpt":{"rendered":"<ul class=\"list-unstyled short-description\">\n<li>Articolul: EC-520<\/li>\n<li>Volum: 28,40 g<\/li>\n<\/ul>\n","protected":false},"featured_media":2676,"template":"","meta":{"inline_featured_image":false,"_exactmetrics_skip_tracking":false,"_exactmetrics_sitenote_active":false,"_exactmetrics_sitenote_note":"","_exactmetrics_sitenote_category":0},"product_brand":[],"product_cat":[250,254],"product_tag":[],"class_list":{"0":"post-24692","1":"product","2":"type-product","3":"status-publish","4":"has-post-thumbnail","6":"product_cat-produse-chimice-auto","7":"product_cat-lubrifianti","9":"first","10":"instock","11":"shipping-taxable","12":"product-type-simple"},"_links":{"self":[{"href":"https:\/\/tor-auto.com\/ro\/wp-json\/wp\/v2\/product\/24692","targetHints":{"allow":["GET"]}}],"collection":[{"href":"https:\/\/tor-auto.com\/ro\/wp-json\/wp\/v2\/product"}],"about":[{"href":"https:\/\/tor-auto.com\/ro\/wp-json\/wp\/v2\/types\/product"}],"wp:featuredmedia":[{"embeddable":true,"href":"https:\/\/tor-auto.com\/ro\/wp-json\/wp\/v2\/media\/2676"}],"wp:attachment":[{"href":"https:\/\/tor-auto.com\/ro\/wp-json\/wp\/v2\/media?parent=24692"}],"wp:term":[{"taxonomy":"product_brand","embeddable":true,"href":"https:\/\/tor-auto.com\/ro\/wp-json\/wp\/v2\/product_brand?post=24692"},{"taxonomy":"product_cat","embeddable":true,"href":"https:\/\/tor-auto.com\/ro\/wp-json\/wp\/v2\/product_cat?post=24692"},{"taxonomy":"product_tag","embeddable":true,"href":"https:\/\/tor-auto.com\/ro\/wp-json\/wp\/v2\/product_tag?post=24692"}],"curies":[{"name":"wp","href":"https:\/\/api.w.org\/{rel}","templated":true}]}}