{"id":24687,"date":"2019-02-06T10:42:35","date_gmt":"2024-02-27T13:55:06","guid":{"rendered":"https:\/\/tor-auto.com\/shop\/compus-de-sudare-chimica-adeziv-din-otel-epoxidic\/"},"modified":"2024-02-27T15:55:06","modified_gmt":"2024-02-27T13:55:06","slug":"sostav-dlja-himicheskoj-svarki-epoxy-steel-adhesive","status":"publish","type":"product","link":"https:\/\/tor-auto.com\/ro\/product\/sostav-dlja-himicheskoj-svarki-epoxy-steel-adhesive\/","title":{"rendered":"Compus de sudare chimic\u0103 Adeziv din o\u021bel epoxidic"},"content":{"rendered":"<p align=\"justify\">Compozi\u021bie pentru sudarea chimic\u0103, etan\u0219area g\u0103urilor, fisurilor \u0219i lipirea majorit\u0103\u021bii metalelor. Rezist\u0103 contactul constant cu benzina, majoritatea solven\u021bilor \u0219i antigel. Compozi\u021bia este potrivit\u0103 pentru lucrul cu metal, cupru, bronz, alam\u0103, ceramic\u0103, lemn \u0219i plastic. Potrivit pentru utilizare \u00een via\u021ba de zi cu zi, \u00een produc\u021bie \u0219i \u00een vehicule.<\/p>\n<ol>\n<li>Suprafa\u021ba de reparat trebuie cur\u0103\u021bat\u0103 \u0219i degresat\u0103.<\/li>\n<li>Stoarce\u021bi con\u021binutul ambelor tuburi \u00een cantitatea necesar\u0103 \u0219i \u00een propor\u021bii egale.<\/li>\n<li>Se amestec\u0103 p\u00e2n\u0103 c\u00e2nd culoarea este uniform\u0103.<\/li>\n<li>Aplica\u021bi compusul pe piesele de reparat \u0219i ap\u0103sa\u021bi \u00een jos.<\/li>\n<li>Compozi\u021bia se usuc\u0103 complet \u00een 24 de ore.<\/li>\n<\/ol>\n<p>A nu se utiliza la temperaturi ambientale sub 7\u02daC.<\/p>\n<p>AVERTISMENT: Evita\u021bi contactul cu pielea \u0219i ochii. \u00cen caz de contact, sp\u0103la\u021bi cu ap\u0103 \u0219i s\u0103pun. Utiliza\u021bi \u00een interior cu o bun\u0103 ventila\u021bie. Stay departe de copii.<\/p>\n","protected":false},"excerpt":{"rendered":"<ul class=\"list-unstyled short-description\">\n<li>Articolul: ES-506<\/li>\n<li>Volum: 57 g<\/li>\n<\/ul>\n","protected":false},"featured_media":2682,"template":"","meta":{"inline_featured_image":false,"_exactmetrics_skip_tracking":false,"_exactmetrics_sitenote_active":false,"_exactmetrics_sitenote_note":"","_exactmetrics_sitenote_category":0},"product_brand":[],"product_cat":[250,254],"product_tag":[],"class_list":{"0":"post-24687","1":"product","2":"type-product","3":"status-publish","4":"has-post-thumbnail","6":"product_cat-produse-chimice-auto","7":"product_cat-lubrifianti","9":"first","10":"instock","11":"shipping-taxable","12":"product-type-simple"},"_links":{"self":[{"href":"https:\/\/tor-auto.com\/ro\/wp-json\/wp\/v2\/product\/24687","targetHints":{"allow":["GET"]}}],"collection":[{"href":"https:\/\/tor-auto.com\/ro\/wp-json\/wp\/v2\/product"}],"about":[{"href":"https:\/\/tor-auto.com\/ro\/wp-json\/wp\/v2\/types\/product"}],"wp:featuredmedia":[{"embeddable":true,"href":"https:\/\/tor-auto.com\/ro\/wp-json\/wp\/v2\/media\/2682"}],"wp:attachment":[{"href":"https:\/\/tor-auto.com\/ro\/wp-json\/wp\/v2\/media?parent=24687"}],"wp:term":[{"taxonomy":"product_brand","embeddable":true,"href":"https:\/\/tor-auto.com\/ro\/wp-json\/wp\/v2\/product_brand?post=24687"},{"taxonomy":"product_cat","embeddable":true,"href":"https:\/\/tor-auto.com\/ro\/wp-json\/wp\/v2\/product_cat?post=24687"},{"taxonomy":"product_tag","embeddable":true,"href":"https:\/\/tor-auto.com\/ro\/wp-json\/wp\/v2\/product_tag?post=24687"}],"curies":[{"name":"wp","href":"https:\/\/api.w.org\/{rel}","templated":true}]}}