{"id":24677,"date":"2020-05-06T14:53:50","date_gmt":"2024-02-21T12:33:16","guid":{"rendered":"https:\/\/tor-auto.com\/shop\/lipici-universal-50ml-moment-universal-classic\/"},"modified":"2024-02-21T14:33:16","modified_gmt":"2024-02-21T12:33:16","slug":"klej-universalnyj-50ml-moment-universal-classic","status":"publish","type":"product","link":"https:\/\/tor-auto.com\/ro\/product\/klej-universalnyj-50ml-moment-universal-classic\/","title":{"rendered":"Lipici universal 50ml Moment Universal Classic"},"content":{"rendered":"<div class=\"product__descriptionText\">\n<p><b>Domenii de utilizare:<\/b><\/p>\n<ul>\n<li>Lipire combinat\u0103 de lemn, metal, clorur\u0103 de polivinil rigid\u0103, piele, cauciuc, p\u00e2sl\u0103, plut\u0103. Lipirea laminatului decorativ, arm\u0103turi pe PAL, fibre, MDF, lemn. Fa\u021betare \u0219i postformare. Fixare panouri de izolare fonic\u0103, izolare \u0219i acustic\u0103, potrivite pentru panouri din plastic \u0219i diverse acoperiri de pere\u021bi.<\/li>\n<li>Nu este potrivit pentru lipirea polistirenului, polietilenei, polipropilenei, PVC plastificat.<\/li>\n<\/ul>\n<\/div>\n","protected":false},"excerpt":{"rendered":"<div class=\"product__featureText\">\n<p>Adeziv pe baz\u0103 de cauciuc cu consisten\u021b\u0103 de gel. Potrivit pentru repara\u021bii \u0219i lucr\u0103ri de bricolaj.<\/p>\n<\/div>\n<div class=\"product__descriptionText\">\n<p>Datorit\u0103 texturii sale de gel, nu curge pe suprafe\u021bele verticale.<\/p>\n<\/div>\n","protected":false},"featured_media":11102,"template":"","meta":{"inline_featured_image":false,"_exactmetrics_skip_tracking":false,"_exactmetrics_sitenote_active":false,"_exactmetrics_sitenote_note":"","_exactmetrics_sitenote_category":0},"product_brand":[],"product_cat":[250,254],"product_tag":[],"class_list":{"0":"post-24677","1":"product","2":"type-product","3":"status-publish","4":"has-post-thumbnail","6":"product_cat-produse-chimice-auto","7":"product_cat-lubrifianti","9":"first","10":"instock","11":"shipping-taxable","12":"product-type-simple"},"_links":{"self":[{"href":"https:\/\/tor-auto.com\/ro\/wp-json\/wp\/v2\/product\/24677","targetHints":{"allow":["GET"]}}],"collection":[{"href":"https:\/\/tor-auto.com\/ro\/wp-json\/wp\/v2\/product"}],"about":[{"href":"https:\/\/tor-auto.com\/ro\/wp-json\/wp\/v2\/types\/product"}],"wp:featuredmedia":[{"embeddable":true,"href":"https:\/\/tor-auto.com\/ro\/wp-json\/wp\/v2\/media\/11102"}],"wp:attachment":[{"href":"https:\/\/tor-auto.com\/ro\/wp-json\/wp\/v2\/media?parent=24677"}],"wp:term":[{"taxonomy":"product_brand","embeddable":true,"href":"https:\/\/tor-auto.com\/ro\/wp-json\/wp\/v2\/product_brand?post=24677"},{"taxonomy":"product_cat","embeddable":true,"href":"https:\/\/tor-auto.com\/ro\/wp-json\/wp\/v2\/product_cat?post=24677"},{"taxonomy":"product_tag","embeddable":true,"href":"https:\/\/tor-auto.com\/ro\/wp-json\/wp\/v2\/product_tag?post=24677"}],"curies":[{"name":"wp","href":"https:\/\/api.w.org\/{rel}","templated":true}]}}