{"id":24676,"date":"2020-05-06T15:17:50","date_gmt":"2024-02-21T12:29:28","guid":{"rendered":"https:\/\/tor-auto.com\/shop\/lipici-pentru-pantofi-50ml-moment-lipici-pentru-pantofi-transparent\/"},"modified":"2024-02-21T14:29:28","modified_gmt":"2024-02-21T12:29:28","slug":"klej-dlja-obuvi-50ml-moment-transparent-shoe-glue","status":"publish","type":"product","link":"https:\/\/tor-auto.com\/ro\/product\/klej-dlja-obuvi-50ml-moment-transparent-shoe-glue\/","title":{"rendered":"Lipici pentru pantofi 50ml Moment Lipici pentru pantofi transparent"},"content":{"rendered":"<p>Lipire ideal\u0103 \u00een diverse combina\u021bii de textile, fitinguri, produse din metal \u0219i plastic.<\/p>\n<p>Potrivit pentru repararea gen\u021bilor, pantofilor sau a obiectelor de artizanat.<\/p>\n","protected":false},"excerpt":{"rendered":"<div class=\"product__featureText\">\n<p>Adeziv de contact impermeabil conceput pentru articole din piele.<\/p>\n<\/div>\n<div class=\"product__descriptionText\">\n<p>Conexiunea adeziv\u0103 r\u0103m\u00e2ne elastic\u0103 \u0219i compenseaz\u0103 tensiunea materialelor \u0219i nu se usuc\u0103 \u00een timp.<\/p>\n<\/div>\n","protected":false},"featured_media":11106,"template":"","meta":{"inline_featured_image":false,"_exactmetrics_skip_tracking":false,"_exactmetrics_sitenote_active":false,"_exactmetrics_sitenote_note":"","_exactmetrics_sitenote_category":0},"product_brand":[],"product_cat":[250,254],"product_tag":[],"class_list":{"0":"post-24676","1":"product","2":"type-product","3":"status-publish","4":"has-post-thumbnail","6":"product_cat-produse-chimice-auto","7":"product_cat-lubrifianti","9":"first","10":"instock","11":"shipping-taxable","12":"product-type-simple"},"_links":{"self":[{"href":"https:\/\/tor-auto.com\/ro\/wp-json\/wp\/v2\/product\/24676","targetHints":{"allow":["GET"]}}],"collection":[{"href":"https:\/\/tor-auto.com\/ro\/wp-json\/wp\/v2\/product"}],"about":[{"href":"https:\/\/tor-auto.com\/ro\/wp-json\/wp\/v2\/types\/product"}],"wp:featuredmedia":[{"embeddable":true,"href":"https:\/\/tor-auto.com\/ro\/wp-json\/wp\/v2\/media\/11106"}],"wp:attachment":[{"href":"https:\/\/tor-auto.com\/ro\/wp-json\/wp\/v2\/media?parent=24676"}],"wp:term":[{"taxonomy":"product_brand","embeddable":true,"href":"https:\/\/tor-auto.com\/ro\/wp-json\/wp\/v2\/product_brand?post=24676"},{"taxonomy":"product_cat","embeddable":true,"href":"https:\/\/tor-auto.com\/ro\/wp-json\/wp\/v2\/product_cat?post=24676"},{"taxonomy":"product_tag","embeddable":true,"href":"https:\/\/tor-auto.com\/ro\/wp-json\/wp\/v2\/product_tag?post=24676"}],"curies":[{"name":"wp","href":"https:\/\/api.w.org\/{rel}","templated":true}]}}