{"id":24675,"date":"2020-05-06T15:41:04","date_gmt":"2024-02-21T12:27:05","guid":{"rendered":"https:\/\/tor-auto.com\/shop\/etansant-adeziv-dr-boat\/"},"modified":"2024-02-21T14:27:05","modified_gmt":"2024-02-21T12:27:05","slug":"klej-germetik-dr-boat","status":"publish","type":"product","link":"https:\/\/tor-auto.com\/ro\/product\/klej-germetik-dr-boat\/","title":{"rendered":"Etan\u0219ant adeziv DR.BOAT"},"content":{"rendered":"<p>Dr.Boat Adhesive-Sealant este special conceput pentru etan\u0219area cus\u0103turilor, repararea \u0219i etan\u0219area perfora\u021biilor \u0219i t\u0103ieturii \u00een produsele gonflabile din PVC, PU \u0219i \u021bes\u0103turi cauciucate. Nu necesit\u0103 utilizarea de petice, petice sau alte elemente de deasupra capului. Recomandat pentru repararea b\u0103rcilor gonflabile, saltelelor, atrac\u021biilor acvatice, trambulinelor, precum \u0219i a produselor pentru cadru din material PVC (copertine, corturi). Poate fi folosit at\u00e2t \u00een \u200b\u200bcondi\u021bii de sta\u021bionare, c\u00e2t \u0219i de c\u0103l\u0103torie.<\/p>\n<h4>PROPRIETATI:<\/h4>\n<ul class=\"ja-unordered-list\">\n<li>Rezistenta la hidroliza (rezistenta la apa) in apa sarata si dulce.<\/li>\n<li>Rezisten\u021b\u0103 ridicat\u0103 \u0219i rezisten\u021b\u0103 la c\u0103ldur\u0103.<\/li>\n<li>Ductilitate bun\u0103, \u0219i la temperaturi sc\u0103zute<\/li>\n<\/ul>\n","protected":false},"excerpt":{"rendered":"<h4>COMPOZI\u021aIE PE BAZ\u0102 DE POLURETAN PENTRU SIGLAREA CUSATUR\u0102RILOR, REPARA\u021aIA \u0218I SIGLAREA PULSAN\u021aILOR SAU TAI\u0102RILOR \u00ceN PRODUSE (INCLUS GOMBLABELE) DIN \u021aES\u0102T\u0102 PVC \u0218I \u021aES\u0102T\u0102 CAUCUMAT\u0102 F\u0102R\u0102 UTILIZAREA PETICURILOR.<\/h4>\n","protected":false},"featured_media":11109,"template":"","meta":{"inline_featured_image":false,"_exactmetrics_skip_tracking":false,"_exactmetrics_sitenote_active":false,"_exactmetrics_sitenote_note":"","_exactmetrics_sitenote_category":0},"product_brand":[],"product_cat":[250,254],"product_tag":[],"class_list":{"0":"post-24675","1":"product","2":"type-product","3":"status-publish","4":"has-post-thumbnail","6":"product_cat-produse-chimice-auto","7":"product_cat-lubrifianti","9":"first","10":"instock","11":"shipping-taxable","12":"product-type-simple"},"_links":{"self":[{"href":"https:\/\/tor-auto.com\/ro\/wp-json\/wp\/v2\/product\/24675","targetHints":{"allow":["GET"]}}],"collection":[{"href":"https:\/\/tor-auto.com\/ro\/wp-json\/wp\/v2\/product"}],"about":[{"href":"https:\/\/tor-auto.com\/ro\/wp-json\/wp\/v2\/types\/product"}],"wp:featuredmedia":[{"embeddable":true,"href":"https:\/\/tor-auto.com\/ro\/wp-json\/wp\/v2\/media\/11109"}],"wp:attachment":[{"href":"https:\/\/tor-auto.com\/ro\/wp-json\/wp\/v2\/media?parent=24675"}],"wp:term":[{"taxonomy":"product_brand","embeddable":true,"href":"https:\/\/tor-auto.com\/ro\/wp-json\/wp\/v2\/product_brand?post=24675"},{"taxonomy":"product_cat","embeddable":true,"href":"https:\/\/tor-auto.com\/ro\/wp-json\/wp\/v2\/product_cat?post=24675"},{"taxonomy":"product_tag","embeddable":true,"href":"https:\/\/tor-auto.com\/ro\/wp-json\/wp\/v2\/product_tag?post=24675"}],"curies":[{"name":"wp","href":"https:\/\/api.w.org\/{rel}","templated":true}]}}