{"id":24674,"date":"2020-05-27T14:04:45","date_gmt":"2024-02-20T11:47:22","guid":{"rendered":"https:\/\/tor-auto.com\/shop\/instalarea-unei-motopompe-akm-4-cu-un-generator-de-12-v-patru-intr-unul-pompa-ventilator-incalzitor-generator\/"},"modified":"2024-02-20T13:47:22","modified_gmt":"2024-02-20T11:47:22","slug":"ustanovka-pompa-akm-4-s-generatorom-na-12v-chetyre-v-odnom-nasos-ventiljator-obogrevatel-generator","status":"publish","type":"product","link":"https:\/\/tor-auto.com\/ro\/product\/ustanovka-pompa-akm-4-s-generatorom-na-12v-chetyre-v-odnom-nasos-ventiljator-obogrevatel-generator\/","title":{"rendered":"Instalarea unei motopompe AKM-4 cu un generator de 12 V. Patru \u00eentr-unul (pomp\u0103, ventilator, \u00eenc\u0103lzitor, generator)."},"content":{"rendered":"<p>Nou din stocare.<\/p>\n<p>Instala\u021bia AKM-4 este conceput\u0103 pentru a crea un microclimat \u00een dispozitivele de inspec\u021bie GTS (pu\u021buri) prin iluminare artificial\u0103, ventila\u021bie de alimentare, \u00eenc\u0103lzire \u0219i pompare a apei, precum \u0219i pentru uneltele electrice utilizate la pozarea \u0219i instalarea cablurilor de comunica\u021bie.<br \/>\nInstala\u021bia poate fi utilizat\u0103 atunci c\u00e2nd se efectueaz\u0103 lucr\u0103ri \u00een NUP-uri \u0219i gropi la instalarea cablurilor de comunica\u021bie \u00een c\u00e2mp.<br \/>\nFunc\u021bionarea instala\u021biei se men\u021bine la temperaturi de la +40 p\u00e2n\u0103 la minus 40 \u0219i umiditate relativ\u0103 p\u00e2n\u0103 la 80% la 20 de grade.<\/p>\n<p>Pompa:<br \/>\nTip &#8211; centrifugal;<br \/>\nProductivitate &#8211; la o ad\u00e2ncime de aspira\u021bie de 4-5m nu mai pu\u021bin de 10m3\/h<\/p>\n","protected":false},"excerpt":{"rendered":"<p>Nou din stocare. Instala\u021bia AKM-4 este conceput\u0103 pentru a crea un microclimat \u00een dispozitivele de inspec\u021bie GTS (pu\u021buri) prin iluminare artificial\u0103, ventila\u021bie de alimentare, \u00eenc\u0103lzire \u0219i pompare a apei, precum \u0219i pentru uneltele electrice utilizate la pozarea \u0219i instalarea cablurilor de comunica\u021bie. Instala\u021bia poate fi utilizat\u0103 atunci c\u00e2nd se efectueaz\u0103 lucr\u0103ri \u00een NUP-uri \u0219i gropi [&#8230;]\n","protected":false},"featured_media":11595,"template":"","meta":{"inline_featured_image":false,"_exactmetrics_skip_tracking":false,"_exactmetrics_sitenote_active":false,"_exactmetrics_sitenote_note":"","_exactmetrics_sitenote_category":0},"product_brand":[],"product_cat":[274],"product_tag":[],"class_list":{"0":"post-24674","1":"product","2":"type-product","3":"status-publish","4":"has-post-thumbnail","6":"product_cat-altele","8":"first","9":"instock","10":"shipping-taxable","11":"product-type-simple"},"_links":{"self":[{"href":"https:\/\/tor-auto.com\/ro\/wp-json\/wp\/v2\/product\/24674","targetHints":{"allow":["GET"]}}],"collection":[{"href":"https:\/\/tor-auto.com\/ro\/wp-json\/wp\/v2\/product"}],"about":[{"href":"https:\/\/tor-auto.com\/ro\/wp-json\/wp\/v2\/types\/product"}],"wp:featuredmedia":[{"embeddable":true,"href":"https:\/\/tor-auto.com\/ro\/wp-json\/wp\/v2\/media\/11595"}],"wp:attachment":[{"href":"https:\/\/tor-auto.com\/ro\/wp-json\/wp\/v2\/media?parent=24674"}],"wp:term":[{"taxonomy":"product_brand","embeddable":true,"href":"https:\/\/tor-auto.com\/ro\/wp-json\/wp\/v2\/product_brand?post=24674"},{"taxonomy":"product_cat","embeddable":true,"href":"https:\/\/tor-auto.com\/ro\/wp-json\/wp\/v2\/product_cat?post=24674"},{"taxonomy":"product_tag","embeddable":true,"href":"https:\/\/tor-auto.com\/ro\/wp-json\/wp\/v2\/product_tag?post=24674"}],"curies":[{"name":"wp","href":"https:\/\/api.w.org\/{rel}","templated":true}]}}