{"id":24569,"date":"2020-05-31T22:22:59","date_gmt":"2024-02-10T10:52:08","guid":{"rendered":"https:\/\/tor-auto.com\/shop\/cooper-zeon-4xs-sport-225-65r17-102h\/"},"modified":"2024-02-10T12:52:08","modified_gmt":"2024-02-10T10:52:08","slug":"cooper-zeon-4xs-sport-225-65r17-102h","status":"publish","type":"product","link":"https:\/\/tor-auto.com\/ro\/product\/cooper-zeon-4xs-sport-225-65r17-102h\/","title":{"rendered":"COOPER ZEON 4XS SPORT 225\/65R17 102H"},"content":{"rendered":"<p>Cooper Zeon 4XS Sport este o anvelop\u0103 de var\u0103 asimetric\u0103 pentru utilizare rutier\u0103 pe SUV-uri mari \u0219i mijlocii. Caracteristica cheie a acestui model SUV este aderen\u021ba sa de prim\u0103 clas\u0103 pe suprafe\u021bele umede, care, conform marcajului Euro pentru anvelope, apar\u021bine celei mai \u00eenalte clase \u201eA\u201d.<\/p>\n<p>Caracteristicile tehnologice avansate ale anvelopelor Zeon 4XS Sport includ:<\/p>\n<ul>\n<li>gropi\u021be fonoizolante care suprim\u0103 zgomotul creat de fluxul de aer atunci c\u00e2nd anvelopa intr\u0103 \u00een contact cu drumul;<\/li>\n<\/ul>\n<ul>\n<li>nou design interior u\u0219or pentru rezisten\u021b\u0103 redus\u0103 la rulare \u0219i r\u0103spuns \u00eembun\u0103t\u0103\u021bit la direc\u021bie;<\/li>\n<\/ul>\n<figure id=\"attachment_3412\" class=\"wp-caption alignright\" aria-describedby=\"caption-attachment-3412\"><img loading=\"lazy\" decoding=\"async\" class=\"wp-image-3412 size-full\" src=\"https:\/\/shina.guide\/reviews\/wp-content\/uploads\/2016\/03\/rim-protector.png\" alt=\"Protec\u021bia jantei\" width=\"151\" height=\"151\"><figcaption id=\"caption-attachment-3412\" class=\"wp-caption-text\">Protec\u021bia jantei<\/figcaption><\/figure>\n<ul>\n<li>un nou compus de cauciuc cu silice \u0219i polimeri func\u021bionaliza\u021bi, care \u00eembun\u0103t\u0103\u021be\u0219te aderen\u021ba, precum \u0219i reduce uzura benzii de rulare \u0219i consumul de combustibil al ma\u0219inii.<\/li>\n<\/ul>\n<p>Ap\u0103r\u0103toarea jantei iese din cauciuc deasupra marginii jantei, ajut\u00e2nd la protejarea jantei de deteriorarea cauzat\u0103 de pietrele de bordur\u0103<\/p>\n","protected":false},"excerpt":{"rendered":"<div class=\"tr\">\n<div class=\"td\">\n<div class=\"help-rel\">L\u0103\u021bimea anvelopei, mm: 225<\/div>\n<\/div>\n<\/div>\n<div class=\"tr\">\n<div class=\"td\">Profil anvelope,%: 65<\/div>\n<\/div>\n<div class=\"tr\">\n<div class=\"td\">Diametru, inci: 17<\/div>\n<\/div>\n<div class=\"tr\">\n<div class=\"td\">Indice de sarcina: 102<\/div>\n<div class=\"td\">Index de viteza: H<\/div>\n<\/div>\n<div class=\"tr top\">\n<div class=\"td\">Sezon: vara<\/div>\n<\/div>\n","protected":false},"featured_media":11724,"template":"","meta":{"inline_featured_image":false,"_exactmetrics_skip_tracking":false,"_exactmetrics_sitenote_active":false,"_exactmetrics_sitenote_note":"","_exactmetrics_sitenote_category":0},"product_brand":[],"product_cat":[180,203],"product_tag":[],"class_list":{"0":"post-24569","1":"product","2":"type-product","3":"status-publish","4":"has-post-thumbnail","6":"product_cat-cooper","7":"product_cat-anvelope","8":"pa_diametr-17-ro","9":"pa_proporcionalnost-65-ro","10":"pa_sezonnost-vara","11":"pa_sirina-profilja-225-ro","13":"first","14":"instock","15":"sale","16":"shipping-taxable","17":"product-type-simple"},"_links":{"self":[{"href":"https:\/\/tor-auto.com\/ro\/wp-json\/wp\/v2\/product\/24569","targetHints":{"allow":["GET"]}}],"collection":[{"href":"https:\/\/tor-auto.com\/ro\/wp-json\/wp\/v2\/product"}],"about":[{"href":"https:\/\/tor-auto.com\/ro\/wp-json\/wp\/v2\/types\/product"}],"wp:featuredmedia":[{"embeddable":true,"href":"https:\/\/tor-auto.com\/ro\/wp-json\/wp\/v2\/media\/11724"}],"wp:attachment":[{"href":"https:\/\/tor-auto.com\/ro\/wp-json\/wp\/v2\/media?parent=24569"}],"wp:term":[{"taxonomy":"product_brand","embeddable":true,"href":"https:\/\/tor-auto.com\/ro\/wp-json\/wp\/v2\/product_brand?post=24569"},{"taxonomy":"product_cat","embeddable":true,"href":"https:\/\/tor-auto.com\/ro\/wp-json\/wp\/v2\/product_cat?post=24569"},{"taxonomy":"product_tag","embeddable":true,"href":"https:\/\/tor-auto.com\/ro\/wp-json\/wp\/v2\/product_tag?post=24569"}],"curies":[{"name":"wp","href":"https:\/\/api.w.org\/{rel}","templated":true}]}}