{"id":24529,"date":"2020-08-28T13:35:19","date_gmt":"2024-02-01T12:30:35","guid":{"rendered":"https:\/\/tor-auto.com\/shop\/scotch-cu-doua-sensuri-bison-car-tape-1-5mx19mm\/"},"modified":"2024-02-01T14:31:04","modified_gmt":"2024-02-01T12:31:04","slug":"skotch-dvuhstoronnij-bison-car-tape-1-5mx19mm","status":"publish","type":"product","link":"https:\/\/tor-auto.com\/ro\/product\/skotch-dvuhstoronnij-bison-car-tape-1-5mx19mm\/","title":{"rendered":"Scotch cu dou\u0103 sensuri Bison Car Tape 1,5mx19mm"},"content":{"rendered":"<section id=\"nav-description\" class=\"pdp-section pdp-section--product-description\">\n<div>\n<div>\n<h2>Descriere<\/h2>\n<div>\n<div>\n<div class=\"slot-container\">\n<div>\n<p><strong>Bison Car Tape pentru vehicule<\/strong> este o band\u0103 adeziv\u0103 cu dou\u0103 fe\u021be cu un singur strat de protec\u021bie, care este utilizat\u0103 pentru ata\u0219area p\u0103r\u021bilor din interiorul sau caroseria unei ma\u0219ini &#8211; muluri, pl\u0103cu\u021be de identificare, parbrize, suprapuneri decorative.<\/p>\n<h3>Particularit\u0103\u021bi<\/h3>\n<ul>\n<li>Dac\u0103 este necesar, produsul poate fi folosit \u00een via\u021ba de zi cu zi pentru instalarea articolelor de interior \u0219i la asamblarea mobilierului.<\/li>\n<li>Pentru o leg\u0103tur\u0103 puternic\u0103 a pieselor, suprafe\u021bele de lipit trebuie degresate.<\/li>\n<li>Pentru a \u00eendep\u0103rta orice band\u0103 r\u0103mas\u0103 de pe suprafa\u021b\u0103, aceasta trebuie \u00eenc\u0103lzit\u0103. \u0218terge\u021bi orice reziduu r\u0103mas cu un \u0219erve\u021bel curat.<\/li>\n<\/ul>\n<\/div>\n<\/div>\n<\/div>\n<\/div>\n<\/div>\n<div><\/div>\n<\/div>\n<\/section>\n<section id=\"nav-characteristics\" class=\"pdp-section pdp-section--product-characteristicks\">\n<div>\n<div>\n<h2>Caracteristici<\/h2>\n<div>\n<div>\n<div class=\"slot-container\">\n<div class=\"def-list__group\">Greutate, kg 0,024<\/div>\n<div class=\"def-list__group\">Tip de produs Band\u0103 adeziv\u0103 cu dou\u0103 fe\u021be<\/div>\n<div class=\"def-list__group\">Marca BISON<\/div>\n<div class=\"def-list__group\">Tara de origine: Olanda<\/div>\n<\/div>\n<\/div>\n<\/div>\n<\/div>\n<\/div>\n<\/section>\n","protected":false},"excerpt":{"rendered":"<p>Descriere Bison Car Tape pentru vehicule este o band\u0103 adeziv\u0103 cu dou\u0103 fe\u021be cu un singur strat de protec\u021bie, care este utilizat\u0103 pentru ata\u0219area p\u0103r\u021bilor din interiorul sau caroseria unei ma\u0219ini &#8211; muluri, pl\u0103cu\u021be de identificare, parbrize, suprapuneri decorative. Particularit\u0103\u021bi Dac\u0103 este necesar, produsul poate fi folosit \u00een via\u021ba de zi cu zi pentru instalarea [&#8230;]\n","protected":false},"featured_media":13890,"template":"","meta":{"inline_featured_image":false,"_exactmetrics_skip_tracking":false,"_exactmetrics_sitenote_active":false,"_exactmetrics_sitenote_note":"","_exactmetrics_sitenote_category":0},"product_brand":[],"product_cat":[250,254],"product_tag":[],"class_list":{"0":"post-24529","1":"product","2":"type-product","3":"status-publish","4":"has-post-thumbnail","6":"product_cat-produse-chimice-auto","7":"product_cat-lubrifianti","9":"first","10":"instock","11":"shipping-taxable","12":"product-type-simple"},"_links":{"self":[{"href":"https:\/\/tor-auto.com\/ro\/wp-json\/wp\/v2\/product\/24529","targetHints":{"allow":["GET"]}}],"collection":[{"href":"https:\/\/tor-auto.com\/ro\/wp-json\/wp\/v2\/product"}],"about":[{"href":"https:\/\/tor-auto.com\/ro\/wp-json\/wp\/v2\/types\/product"}],"wp:featuredmedia":[{"embeddable":true,"href":"https:\/\/tor-auto.com\/ro\/wp-json\/wp\/v2\/media\/13890"}],"wp:attachment":[{"href":"https:\/\/tor-auto.com\/ro\/wp-json\/wp\/v2\/media?parent=24529"}],"wp:term":[{"taxonomy":"product_brand","embeddable":true,"href":"https:\/\/tor-auto.com\/ro\/wp-json\/wp\/v2\/product_brand?post=24529"},{"taxonomy":"product_cat","embeddable":true,"href":"https:\/\/tor-auto.com\/ro\/wp-json\/wp\/v2\/product_cat?post=24529"},{"taxonomy":"product_tag","embeddable":true,"href":"https:\/\/tor-auto.com\/ro\/wp-json\/wp\/v2\/product_tag?post=24529"}],"curies":[{"name":"wp","href":"https:\/\/api.w.org\/{rel}","templated":true}]}}