{"id":24522,"date":"2019-01-28T13:25:03","date_gmt":"2024-02-01T08:47:47","guid":{"rendered":"https:\/\/tor-auto.com\/shop\/lampa-auto-osram-night-breaker-unlimited-os-64210-nbu-h7\/"},"modified":"2024-02-01T10:47:47","modified_gmt":"2024-02-01T08:47:47","slug":"lampa-avtomobilnaja-osram-night-breaker-unlimited-os-64210-nbu-h7","status":"publish","type":"product","link":"https:\/\/tor-auto.com\/ro\/product\/lampa-avtomobilnaja-osram-night-breaker-unlimited-os-64210-nbu-h7\/","title":{"rendered":"Lamp\u0103 auto Osram Night Breaker Unlimited OS 64210 NBU (H7)"},"content":{"rendered":"<p>Lampa cu halogen Osram OS 64210 NBU-01B (H7) este un produs original de la un produc\u0103tor german, conceput pentru instalarea \u00een l\u0103mpi de cea\u021b\u0103\/faruri ale autoturismelor, unde este necesar\u0103 instalarea l\u0103mpilor auto cu soclu H7. Aceast\u0103 lamp\u0103 are multe avantaje fa\u021b\u0103 de halogeni H7 standard, principalele fiind un con de lumin\u0103 mai lung, cu 110% mai mult\u0103 lumin\u0103, o formul\u0103 \u00eembun\u0103t\u0103\u021bit\u0103 a gazului inert, o spiral\u0103 rezistent\u0103, design modern \u0219i durat\u0103 de via\u021b\u0103 optim\u0103. De asemenea, merit\u0103 remarcat stratul par\u021bial unic al l\u0103mpii (inel albastru), care reduce efectul de str\u0103lucire. Instal\u00e2nd o astfel de lumin\u0103 cu halogen, \u0219oferul va putea recunoa\u0219te diverse obstacole mult mai devreme \u0219i, \u00een consecin\u021b\u0103, va reac\u021biona la ele mai rapid, ceea ce \u00eenseamn\u0103 c\u0103 \u00ee\u0219i va cre\u0219te siguran\u021ba \u00een mod semnificativ!<\/p>\n","protected":false},"excerpt":{"rendered":"<ul>\n<li>Seria &#8211; Night Breaker Unlimited;<\/li>\n<li>Putere &#8211; 55W;<\/li>\n<li>Flux luminos auto lamp\u0103 &#8211; 1500lm (\u00b110%);<\/li>\n<li>Baza &#8211; H7 (PX26d);<\/li>\n<li>Durata de viata &#8211; 250 ore;<\/li>\n<li>Tensiune &#8211; 12V;<\/li>\n<\/ul>\n","protected":false},"featured_media":2585,"template":"","meta":{"inline_featured_image":false,"_exactmetrics_skip_tracking":false,"_exactmetrics_sitenote_active":false,"_exactmetrics_sitenote_note":"","_exactmetrics_sitenote_category":0},"product_brand":[],"product_cat":[252],"product_tag":[],"class_list":{"0":"post-24522","1":"product","2":"type-product","3":"status-publish","4":"has-post-thumbnail","6":"product_cat-lampi-auto","8":"first","9":"instock","10":"shipping-taxable","11":"product-type-simple"},"_links":{"self":[{"href":"https:\/\/tor-auto.com\/ro\/wp-json\/wp\/v2\/product\/24522","targetHints":{"allow":["GET"]}}],"collection":[{"href":"https:\/\/tor-auto.com\/ro\/wp-json\/wp\/v2\/product"}],"about":[{"href":"https:\/\/tor-auto.com\/ro\/wp-json\/wp\/v2\/types\/product"}],"wp:featuredmedia":[{"embeddable":true,"href":"https:\/\/tor-auto.com\/ro\/wp-json\/wp\/v2\/media\/2585"}],"wp:attachment":[{"href":"https:\/\/tor-auto.com\/ro\/wp-json\/wp\/v2\/media?parent=24522"}],"wp:term":[{"taxonomy":"product_brand","embeddable":true,"href":"https:\/\/tor-auto.com\/ro\/wp-json\/wp\/v2\/product_brand?post=24522"},{"taxonomy":"product_cat","embeddable":true,"href":"https:\/\/tor-auto.com\/ro\/wp-json\/wp\/v2\/product_cat?post=24522"},{"taxonomy":"product_tag","embeddable":true,"href":"https:\/\/tor-auto.com\/ro\/wp-json\/wp\/v2\/product_tag?post=24522"}],"curies":[{"name":"wp","href":"https:\/\/api.w.org\/{rel}","templated":true}]}}