{"id":24518,"date":"2019-01-28T15:10:32","date_gmt":"2024-02-01T08:23:37","guid":{"rendered":"https:\/\/tor-auto.com\/shop\/lampa-auto-osram-night-breaker-laser-150-64210nl-h7\/"},"modified":"2024-02-01T10:23:37","modified_gmt":"2024-02-01T08:23:37","slug":"lampa-avtomobilnaja-osram-night-breaker-laser-150-64210nl-h7","status":"publish","type":"product","link":"https:\/\/tor-auto.com\/ro\/product\/lampa-avtomobilnaja-osram-night-breaker-laser-150-64210nl-h7\/","title":{"rendered":"Lampa auto Osram Night Breaker Laser + 150% 64210NL H7"},"content":{"rendered":"<p class=\"bold product-info-headline\">Cea mai puternic\u0103 lumin\u0103 cu halogen de la OSRAM<\/p>\n<p class=\"product-text truncated-text\" data-label-reduce=\"Reduce\" data-label-more=\"Read more\">Descoperi\u021bi urm\u0103toarea genera\u021bie de NIGHT BREAKER LASER &#8211; cea mai str\u0103lucitoare lumin\u0103 cu halogen pentru ma\u0219in\u0103 de la OSRAM! Folosind tehnologia inovatoare de abla\u021bie cu laser, aceste faruri sunt cu 150% mai luminoase dec\u00e2t standardul legal minim. Filamentul de \u00eenalt\u0103 tehnologie ofer\u0103 flux luminos suplimentar. Astfel, l\u0103mpile ofer\u0103 o lungime a fasciculului de p\u00e2n\u0103 la 150 de metri \u0219i p\u00e2n\u0103 la 20% lumin\u0103 alb\u0103 fa\u021b\u0103 de standardul minim legal. Vizibilitatea mai u\u0219oar\u0103 \u0219i \u00eembun\u0103t\u0103\u021bit\u0103 poate ajuta \u0219oferii s\u0103 identifice \u0219i s\u0103 r\u0103spund\u0103 mai rapid la pericolele din trafic.<\/p>\n","protected":false},"excerpt":{"rendered":"<p>Cea mai puternic\u0103 lumin\u0103 cu halogen de la OSRAM Descoperi\u021bi urm\u0103toarea genera\u021bie de NIGHT BREAKER LASER &#8211; cea mai str\u0103lucitoare lumin\u0103 cu halogen pentru ma\u0219in\u0103 de la OSRAM! Folosind tehnologia inovatoare de abla\u021bie cu laser, aceste faruri sunt cu 150% mai luminoase dec\u00e2t standardul legal minim. Filamentul de \u00eenalt\u0103 tehnologie ofer\u0103 flux luminos suplimentar. Astfel, [&#8230;]\n","protected":false},"featured_media":2596,"template":"","meta":{"inline_featured_image":false,"_exactmetrics_skip_tracking":false,"_exactmetrics_sitenote_active":false,"_exactmetrics_sitenote_note":"","_exactmetrics_sitenote_category":0},"product_brand":[],"product_cat":[252],"product_tag":[],"class_list":{"0":"post-24518","1":"product","2":"type-product","3":"status-publish","4":"has-post-thumbnail","6":"product_cat-lampi-auto","8":"first","9":"instock","10":"shipping-taxable","11":"product-type-simple"},"_links":{"self":[{"href":"https:\/\/tor-auto.com\/ro\/wp-json\/wp\/v2\/product\/24518","targetHints":{"allow":["GET"]}}],"collection":[{"href":"https:\/\/tor-auto.com\/ro\/wp-json\/wp\/v2\/product"}],"about":[{"href":"https:\/\/tor-auto.com\/ro\/wp-json\/wp\/v2\/types\/product"}],"wp:featuredmedia":[{"embeddable":true,"href":"https:\/\/tor-auto.com\/ro\/wp-json\/wp\/v2\/media\/2596"}],"wp:attachment":[{"href":"https:\/\/tor-auto.com\/ro\/wp-json\/wp\/v2\/media?parent=24518"}],"wp:term":[{"taxonomy":"product_brand","embeddable":true,"href":"https:\/\/tor-auto.com\/ro\/wp-json\/wp\/v2\/product_brand?post=24518"},{"taxonomy":"product_cat","embeddable":true,"href":"https:\/\/tor-auto.com\/ro\/wp-json\/wp\/v2\/product_cat?post=24518"},{"taxonomy":"product_tag","embeddable":true,"href":"https:\/\/tor-auto.com\/ro\/wp-json\/wp\/v2\/product_tag?post=24518"}],"curies":[{"name":"wp","href":"https:\/\/api.w.org\/{rel}","templated":true}]}}