{"id":24515,"date":"2019-01-28T15:40:16","date_gmt":"2024-02-01T08:18:47","guid":{"rendered":"https:\/\/tor-auto.com\/shop\/lampa-auto-bosch-pure-light-h1\/"},"modified":"2024-02-01T10:18:47","modified_gmt":"2024-02-01T08:18:47","slug":"lampa-avtomobilnaja-bosch-pure-light-h1","status":"publish","type":"product","link":"https:\/\/tor-auto.com\/ro\/product\/lampa-avtomobilnaja-bosch-pure-light-h1\/","title":{"rendered":"Lampa auto Bosch Pure Light H1"},"content":{"rendered":"<div>Compania Bosch a mul\u021bumit mul\u021bi \u0219oferi experimenta\u021bi cu lampa inovatoare cu halogen Bosch Pure Light 1987301005 (H1). Acest model este capabil s\u0103 ofere o calitate standard a luminii, fiind \u00een acela\u0219i timp foarte fiabil. Lampa cu halogen din seria \u201ePure Light\u201d este furnizat\u0103 \u00eentr-un blister de marc\u0103.<\/p>\n<p>Lampa cu halogen Bosch Pure Light 1987301005 (H1) poate fi instalat\u0103 \u00een farurile pentru faza lung\u0103\/\u00een jos \u0219i \u00een farurile de cea\u021b\u0103. Modelul emite lumin\u0103 intens\u0103 datorit\u0103 materialului cu filament de \u00eenalt\u0103 calitate. \u00cen plus, durata de via\u021b\u0103 a l\u0103mpii cu halogen pentru ma\u0219in\u0103 este prelungit\u0103 semnificativ. Rezisten\u021ba la UV a balonului este un merit al sticlei durabile \u0219i de \u00eenalt\u0103 calitate, cu un grad ridicat de transparen\u021b\u0103. Lampa produce lumin\u0103 alb\u0103 cu o nuan\u021b\u0103 galben\u0103, care este renumit\u0103 pentru confortul s\u0103u pe timp de noapte. Baza este lunga si metalica. Modelul poate fi aplicat exclusiv vehiculelor de pasageri.<\/p>\n<p><strong>Lampa cu halogen Bosch Pure Light 1987301005 (H1) iese \u00een eviden\u021b\u0103 fa\u021b\u0103 de analogii s\u0103i cu urm\u0103toarele propriet\u0103\u021bi:<\/strong><\/div>\n<ul>\n<li>Baza H1\/P14.5s cu un contact. Rolul celui de-al doilea contact este jucat de corpul halogen;<\/li>\n<li>Iluminare excelent\u0103, siguran\u021b\u0103 \u00een mi\u0219care \u00een diverse condi\u021bii meteorologice \u0219i confort vizual pe timp de noapte;<\/li>\n<li>Instalare f\u0103r\u0103 probleme care se poate face acas\u0103;<\/li>\n<li>Respectarea absolut\u0103 a standardelor de scaune pentru faruri;<\/li>\n<li>Rezistent la vibra\u021bii;<\/li>\n<li>Tensiune de func\u021bionare 12 V \u0219i putere consumat\u0103 55 W.<\/li>\n<\/ul>\n<div><strong>Recomand\u0103ri de instalare:<\/strong> Nu atinge\u021bi becul l\u0103mpii pentru a nu l\u0103sa amprente.<\/div>\n","protected":false},"excerpt":{"rendered":"<table class=\"cc-tech\">\n<tbody>\n<tr>\n<td class=\"cc-pn\">Baza<\/td>\n<td>H1<\/td>\n<\/tr>\n<tr class=\"even\">\n<td class=\"cc-pn\">Voltaj<\/td>\n<td>12 V<\/td>\n<\/tr>\n<tr>\n<td class=\"cc-pn\">Putere<\/td>\n<td>55 W<\/td>\n<\/tr>\n<tr class=\"even\">\n<td class=\"cc-pn\">Echipamente<\/td>\n<td>Lamp\u0103 cu halogen &#8211; 1 buc.<\/td>\n<\/tr>\n<\/tbody>\n<\/table>\n","protected":false},"featured_media":2606,"template":"","meta":{"inline_featured_image":false,"_exactmetrics_skip_tracking":false,"_exactmetrics_sitenote_active":false,"_exactmetrics_sitenote_note":"","_exactmetrics_sitenote_category":0},"product_brand":[],"product_cat":[252],"product_tag":[],"class_list":{"0":"post-24515","1":"product","2":"type-product","3":"status-publish","4":"has-post-thumbnail","6":"product_cat-lampi-auto","8":"first","9":"instock","10":"shipping-taxable","11":"product-type-simple"},"_links":{"self":[{"href":"https:\/\/tor-auto.com\/ro\/wp-json\/wp\/v2\/product\/24515","targetHints":{"allow":["GET"]}}],"collection":[{"href":"https:\/\/tor-auto.com\/ro\/wp-json\/wp\/v2\/product"}],"about":[{"href":"https:\/\/tor-auto.com\/ro\/wp-json\/wp\/v2\/types\/product"}],"wp:featuredmedia":[{"embeddable":true,"href":"https:\/\/tor-auto.com\/ro\/wp-json\/wp\/v2\/media\/2606"}],"wp:attachment":[{"href":"https:\/\/tor-auto.com\/ro\/wp-json\/wp\/v2\/media?parent=24515"}],"wp:term":[{"taxonomy":"product_brand","embeddable":true,"href":"https:\/\/tor-auto.com\/ro\/wp-json\/wp\/v2\/product_brand?post=24515"},{"taxonomy":"product_cat","embeddable":true,"href":"https:\/\/tor-auto.com\/ro\/wp-json\/wp\/v2\/product_cat?post=24515"},{"taxonomy":"product_tag","embeddable":true,"href":"https:\/\/tor-auto.com\/ro\/wp-json\/wp\/v2\/product_tag?post=24515"}],"curies":[{"name":"wp","href":"https:\/\/api.w.org\/{rel}","templated":true}]}}