{"id":24510,"date":"2019-01-29T09:49:24","date_gmt":"2024-01-30T12:39:42","guid":{"rendered":"https:\/\/tor-auto.com\/shop\/lampa-auto-osram-cool-blue-os-64193-cbi-01b-h4\/"},"modified":"2024-01-30T14:39:42","modified_gmt":"2024-01-30T12:39:42","slug":"lampa-avtomobilnaja-osram-cool-blue-os-64193-cbi-01b-h4","status":"publish","type":"product","link":"https:\/\/tor-auto.com\/ro\/product\/lampa-avtomobilnaja-osram-cool-blue-os-64193-cbi-01b-h4\/","title":{"rendered":"Lamp\u0103 auto Osram Cool Blue OS 64193 CBI-01B (H4)"},"content":{"rendered":"<p>Lampa cu halogen Osram OS 64193 CBI-01B (H4) este o op\u021biune accesibil\u0103 pentru \u00eenlocuirea l\u0103mpilor cu halogen standard \u00een faruri \u0219i l\u0103mpi de cea\u021b\u0103 cu un conector pentru priza H4. Acest produs atrage nu numai costul, ci \u0219i alte caracteristici &#8211; durat\u0103 lung\u0103 de via\u021b\u0103, design modern (capac de argint) \u0219i performan\u021b\u0103 ridicat\u0103. \u00cen compara\u021bie cu halogenii H4 conven\u021bionali, aceste l\u0103mpi de ma\u0219in\u0103 emit cu 20% mai mult\u0103 lumin\u0103, sporind astfel siguran\u021ba \u0219oferului. O aten\u021bie deosebit\u0103 trebuie acordat\u0103 temperaturii de culoare a l\u0103mpii, care, conform produc\u0103torului german, este de p\u00e2n\u0103 la 4200 Kelvin. Aceast\u0103 temperatur\u0103 ofer\u0103 lumin\u0103 alb\u0103 str\u0103lucitoare, bogat\u0103, cu o nuan\u021b\u0103 alb\u0103struie, ceea ce face ca lumina unei l\u0103mpi cu halogen s\u0103 fie aproape de lumina popular\u0103 cu xenon.<\/p>\n","protected":false},"excerpt":{"rendered":"<ul>\n<li>Putere &#8211; 60 \/ 55W;<\/li>\n<li>Flux luminos cu halogen &#8211; 1650 \/ 1000lm (\u00b112 \/ \u00b115%);<\/li>\n<li>Perioada de service &#8211; 100 \/ 400 ore;<\/li>\n<li>Tensiune &#8211; 12V;<\/li>\n<li>Baza &#8211; H4 (P43t);<\/li>\n<li>Seria &#8211; Cool Blue Intense;<\/li>\n<\/ul>\n","protected":false},"featured_media":2624,"template":"","meta":{"inline_featured_image":false,"_exactmetrics_skip_tracking":false,"_exactmetrics_sitenote_active":false,"_exactmetrics_sitenote_note":"","_exactmetrics_sitenote_category":0},"product_brand":[],"product_cat":[252],"product_tag":[],"class_list":{"0":"post-24510","1":"product","2":"type-product","3":"status-publish","4":"has-post-thumbnail","6":"product_cat-lampi-auto","8":"first","9":"instock","10":"shipping-taxable","11":"product-type-simple"},"_links":{"self":[{"href":"https:\/\/tor-auto.com\/ro\/wp-json\/wp\/v2\/product\/24510","targetHints":{"allow":["GET"]}}],"collection":[{"href":"https:\/\/tor-auto.com\/ro\/wp-json\/wp\/v2\/product"}],"about":[{"href":"https:\/\/tor-auto.com\/ro\/wp-json\/wp\/v2\/types\/product"}],"wp:featuredmedia":[{"embeddable":true,"href":"https:\/\/tor-auto.com\/ro\/wp-json\/wp\/v2\/media\/2624"}],"wp:attachment":[{"href":"https:\/\/tor-auto.com\/ro\/wp-json\/wp\/v2\/media?parent=24510"}],"wp:term":[{"taxonomy":"product_brand","embeddable":true,"href":"https:\/\/tor-auto.com\/ro\/wp-json\/wp\/v2\/product_brand?post=24510"},{"taxonomy":"product_cat","embeddable":true,"href":"https:\/\/tor-auto.com\/ro\/wp-json\/wp\/v2\/product_cat?post=24510"},{"taxonomy":"product_tag","embeddable":true,"href":"https:\/\/tor-auto.com\/ro\/wp-json\/wp\/v2\/product_tag?post=24510"}],"curies":[{"name":"wp","href":"https:\/\/api.w.org\/{rel}","templated":true}]}}