{"id":24505,"date":"2019-01-31T16:57:53","date_gmt":"2024-01-30T09:11:32","guid":{"rendered":"https:\/\/tor-auto.com\/shop\/lampa-auto-a12-50-40\/"},"modified":"2024-01-30T11:11:32","modified_gmt":"2024-01-30T09:11:32","slug":"avtomobilnaja-lampa-a12-50-40","status":"publish","type":"product","link":"https:\/\/tor-auto.com\/ro\/product\/avtomobilnaja-lampa-a12-50-40\/","title":{"rendered":"Lampa auto A12-50+40"},"content":{"rendered":"<p>Lampa A12-50+40 este utilizat\u0103 \u00een principal \u00een farurile \u0219i alte dispozitive de iluminat ale echipamentelor auto \u0219i tractorului. Unul dintre avantajele l\u0103mpii auto A12-50+40 este rezisten\u021ba crescut\u0103 a corpului filamentului din cauza deterior\u0103rii mecanice. \u00cen plus, durata medie de via\u021b\u0103 a unei l\u0103mpi \u00eenainte de defec\u021biune este de aproximativ 275 de ore, iar \u021bin\u00e2nd cont de pre\u021bul sc\u0103zut, aceast\u0103 lamp\u0103 este o alegere ideal\u0103 pentru cump\u0103r\u0103tor. \u00cen ciuda faptului c\u0103 aceast\u0103 lamp\u0103 este numit\u0103 lamp\u0103 de automobile, este, de asemenea, utilizat\u0103 pe scar\u0103 larg\u0103 \u00een diverse echipamente medicale.<\/p>\n","protected":false},"excerpt":{"rendered":"<p><strong>Uzina de tuburi electrice Brest<\/strong><\/p>\n<table class=\"panda-catalog-product-item__characteristic\">\n<tbody>\n<tr>\n<td class=\"panda-catalog-product-item__characteristic-key\">Tensiune nominal\u0103, V<\/td>\n<td class=\"panda-catalog-product-item__characteristic-value\">12<\/td>\n<\/tr>\n<tr>\n<td class=\"panda-catalog-product-item__characteristic-key\">Puterea nominal\u0103, W<\/td>\n<td class=\"panda-catalog-product-item__characteristic-value\">50\/40<\/td>\n<\/tr>\n<tr>\n<td class=\"panda-catalog-product-item__characteristic-key\">Baza<\/td>\n<td class=\"panda-catalog-product-item__characteristic-value\">P42d<\/td>\n<\/tr>\n<tr>\n<td class=\"panda-catalog-product-item__characteristic-key\">Particularitate<\/td>\n<td class=\"panda-catalog-product-item__characteristic-value\">tractor<\/td>\n<\/tr>\n<tr>\n<td class=\"panda-catalog-product-item__characteristic-key\">Durata de viata, h<\/td>\n<td class=\"panda-catalog-product-item__characteristic-value\">300<\/td>\n<\/tr>\n<tr>\n<td class=\"panda-catalog-product-item__characteristic-key\">Flux luminos, Lm<\/td>\n<td class=\"panda-catalog-product-item__characteristic-value\">750\/500<\/td>\n<\/tr>\n<\/tbody>\n<\/table>\n<p><strong>Cine ia totul \u00een vrac o va calcula mai ieftin.<\/strong><\/p>\n","protected":false},"featured_media":2645,"template":"","meta":{"inline_featured_image":false,"_exactmetrics_skip_tracking":false,"_exactmetrics_sitenote_active":false,"_exactmetrics_sitenote_note":"","_exactmetrics_sitenote_category":0},"product_brand":[],"product_cat":[252],"product_tag":[],"class_list":{"0":"post-24505","1":"product","2":"type-product","3":"status-publish","4":"has-post-thumbnail","6":"product_cat-lampi-auto","8":"first","9":"instock","10":"sale","11":"shipping-taxable","12":"product-type-simple"},"_links":{"self":[{"href":"https:\/\/tor-auto.com\/ro\/wp-json\/wp\/v2\/product\/24505","targetHints":{"allow":["GET"]}}],"collection":[{"href":"https:\/\/tor-auto.com\/ro\/wp-json\/wp\/v2\/product"}],"about":[{"href":"https:\/\/tor-auto.com\/ro\/wp-json\/wp\/v2\/types\/product"}],"wp:featuredmedia":[{"embeddable":true,"href":"https:\/\/tor-auto.com\/ro\/wp-json\/wp\/v2\/media\/2645"}],"wp:attachment":[{"href":"https:\/\/tor-auto.com\/ro\/wp-json\/wp\/v2\/media?parent=24505"}],"wp:term":[{"taxonomy":"product_brand","embeddable":true,"href":"https:\/\/tor-auto.com\/ro\/wp-json\/wp\/v2\/product_brand?post=24505"},{"taxonomy":"product_cat","embeddable":true,"href":"https:\/\/tor-auto.com\/ro\/wp-json\/wp\/v2\/product_cat?post=24505"},{"taxonomy":"product_tag","embeddable":true,"href":"https:\/\/tor-auto.com\/ro\/wp-json\/wp\/v2\/product_tag?post=24505"}],"curies":[{"name":"wp","href":"https:\/\/api.w.org\/{rel}","templated":true}]}}