{"id":24504,"date":"2019-02-02T09:45:07","date_gmt":"2024-01-30T08:58:51","guid":{"rendered":"https:\/\/tor-auto.com\/shop\/lampa-auto-osram-original-line-os-64212-h8\/"},"modified":"2024-01-30T10:58:51","modified_gmt":"2024-01-30T08:58:51","slug":"lampa-avtomobilnaja-osram-original-line-os-64212-h8","status":"publish","type":"product","link":"https:\/\/tor-auto.com\/ro\/product\/lampa-avtomobilnaja-osram-original-line-os-64212-h8\/","title":{"rendered":"Lamp\u0103 auto Osram Original Line OS 64212 (H8)"},"content":{"rendered":"<p>Dac\u0103 dori\u021bi s\u0103 \u00eenlocui\u021bi l\u0103mpile cu halogen \u201eoriginale\u201d cu o baz\u0103 H8 \u00een faruri \/ l\u0103mpi de cea\u021b\u0103 cu l\u0103mpi cu halogen de calitate superioar\u0103, v\u0103 recomand\u0103m Osram 64212 (H8) &#8211; o lamp\u0103 cu halogen original\u0103 de la un produc\u0103tor german. Aceast\u0103 lamp\u0103 are un consum mai mic de energie, performan\u021be mai mari \u0219i componente originale de \u00eenalt\u0103 calitate. Produce o lumin\u0103 mai str\u0103lucitoare, mai bogat\u0103 dec\u00e2t halogenii standard \u0219i, de asemenea, dureaz\u0103 mai mult. Lumina l\u0103mpii ma\u0219inii este aproape de lumina natural\u0103, reduc\u00e2nd astfel la minimum sarcina asupra vederii \u0219i oboseala \u0219oferului, ceea ce este important pentru c\u0103l\u0103toriile lungi.<\/p>\n","protected":false},"excerpt":{"rendered":"<ul>\n<li>Tensiune &#8211; 12V;<\/li>\n<li>Flux luminos auto lamp\u0103 &#8211; 800lm (\u00b115%);<\/li>\n<li>Putere lampa &#8211; 35W;<\/li>\n<li>Durata de viata &#8211; 800 ore;<\/li>\n<li>Baza &#8211; H8 (PGJ19-1);<\/li>\n<li>Ambalaj de marc\u0103 standard;<\/li>\n<li>Seria Original Line.<\/li>\n<\/ul>\n","protected":false},"featured_media":2652,"template":"","meta":{"inline_featured_image":false,"_exactmetrics_skip_tracking":false,"_exactmetrics_sitenote_active":false,"_exactmetrics_sitenote_note":"","_exactmetrics_sitenote_category":0},"product_brand":[],"product_cat":[252],"product_tag":[],"class_list":{"0":"post-24504","1":"product","2":"type-product","3":"status-publish","4":"has-post-thumbnail","6":"product_cat-lampi-auto","8":"first","9":"instock","10":"shipping-taxable","11":"product-type-simple"},"_links":{"self":[{"href":"https:\/\/tor-auto.com\/ro\/wp-json\/wp\/v2\/product\/24504","targetHints":{"allow":["GET"]}}],"collection":[{"href":"https:\/\/tor-auto.com\/ro\/wp-json\/wp\/v2\/product"}],"about":[{"href":"https:\/\/tor-auto.com\/ro\/wp-json\/wp\/v2\/types\/product"}],"wp:featuredmedia":[{"embeddable":true,"href":"https:\/\/tor-auto.com\/ro\/wp-json\/wp\/v2\/media\/2652"}],"wp:attachment":[{"href":"https:\/\/tor-auto.com\/ro\/wp-json\/wp\/v2\/media?parent=24504"}],"wp:term":[{"taxonomy":"product_brand","embeddable":true,"href":"https:\/\/tor-auto.com\/ro\/wp-json\/wp\/v2\/product_brand?post=24504"},{"taxonomy":"product_cat","embeddable":true,"href":"https:\/\/tor-auto.com\/ro\/wp-json\/wp\/v2\/product_cat?post=24504"},{"taxonomy":"product_tag","embeddable":true,"href":"https:\/\/tor-auto.com\/ro\/wp-json\/wp\/v2\/product_tag?post=24504"}],"curies":[{"name":"wp","href":"https:\/\/api.w.org\/{rel}","templated":true}]}}