{"id":24502,"date":"2019-02-05T17:19:57","date_gmt":"2024-01-26T15:13:05","guid":{"rendered":"https:\/\/tor-auto.com\/shop\/adeziv-bicomponent-abro-fix\/"},"modified":"2024-01-26T17:13:05","modified_gmt":"2024-01-26T15:13:05","slug":"dvuhkomponentnyj-klej-abro-fix","status":"publish","type":"product","link":"https:\/\/tor-auto.com\/ro\/product\/dvuhkomponentnyj-klej-abro-fix\/","title":{"rendered":"Adeziv bicomponent ABRO-FIX"},"content":{"rendered":"<p>Adezivul <strong>ABRO-FIX<\/strong> are o compozitie unica cu polimeri, lipindu-se la nivel molecular. Folosit pentru repararea, etan\u0219area \u0219i umplerea g\u0103urilor din plastic, lemn \u0219i metal. C\u00e2nd conecta\u021bi <strong>ABRO-FIX<\/strong>, se creeaz\u0103 o conexiune mai puternic\u0103. Poate fi folosit pentru lipirea materialelor.<\/p>\n<p><strong>Avantaje:<\/strong><\/p>\n<ul>\n<li>Leag\u0103 instantaneu majoritatea materialelor<\/li>\n<li>Nu se usuc\u0103 \u00een ambalaj<\/li>\n<li>Imediat dup\u0103 uscare, pute\u021bi g\u0103uri, \u0219lefui\u021bi \u0219i vopsi\u021bi suprafa\u021ba.<\/li>\n<li>Adezivul r\u0103m\u00e2ne transparent dup\u0103 uscare<\/li>\n<li>Legatura super puternica<\/li>\n<li><strong>Lipici:<\/strong>\n<ol>\n<li>Aplica\u021bi adeziv <strong>ABRO-FIX<\/strong> pe una dintre suprafe\u021bele de lipit.<\/li>\n<li>Str\u00e2nge\u021bi suprafe\u021bele pentru c\u00e2teva secunde.<\/li>\n<li>Pentru o leg\u0103tur\u0103 fiabil\u0103, nu ar trebui s\u0103 existe aer \u00eentre ele.<\/li>\n<li>Cauciucul, plasticul sau vinilul se leag\u0103 aproape instantaneu.<\/li>\n<li>Pentru metal \u0219i sticl\u0103 va dura aproximativ 30 de secunde.<\/li>\n<li>Rezistenta maxima de lipire este atinsa dupa 24 de ore.<\/li>\n<\/ol>\n<p><strong>Pudra :<\/strong><\/p>\n<ol>\n<li>La umplerea golurilor, este necesar s\u0103 aplica\u021bi 0,2-2 mm de pulbere <strong>ABRO-FIX<\/strong> cu un strat de adeziv <strong>ABRO-FIX.<\/strong><\/li>\n<li>Fiecare strat de pulbere trebuie activat cu lipici <strong>ABRO-FIX<\/strong>.<\/li>\n<li>Poate fi reutilizat pentru a umple complet golurile.<\/li>\n<\/ol>\n<p><strong>IMPORTANT! Adezivul <u>ABRO FIX<\/u> nu este destinat polietilenei, plasticului polipropilenic, h\u00e2rtiei, \u021bes\u0103turii.<\/strong> <strong>Dup\u0103 deschidere, se recomand\u0103 p\u0103strarea la frigider.<\/strong><\/p>\n<p><strong>Precau\u021bii:<\/strong> Proteja\u021bi-v\u0103 de copii. Lichid \u0219i vapori inflamabili. Iritant pentru ochi \u0219i tractul respirator. Sigileaz\u0103 instantaneu ochii \u0219i pielea. Evita\u021bi contactul cu \u00eembr\u0103c\u0103mintea, deoarece aceasta le poate deteriora. Pute\u021bi \u00eendep\u0103rta lipiciul din piele cu aceton\u0103. Utiliza\u021bi \u00eentr-o zon\u0103 ventilat\u0103 cu ochelari de protec\u021bie. Solicita\u021bi imediat asisten\u021b\u0103 medical\u0103 \u00een caz de contact cu ochii. Dac\u0103 este \u00eenghi\u021bit, nu provoca\u021bi v\u0103rs\u0103turile. Lua\u021bi leg\u0103tura cu medicul dumneavoastr\u0103.<\/li>\n<\/ul>\n","protected":false},"excerpt":{"rendered":"<ul>\n<li>Beton<\/li>\n<li>Sticl\u0103<\/li>\n<li>Metal<\/li>\n<li>Plastic<\/li>\n<li>Cauciuc<\/li>\n<li>Produse ceramice<\/li>\n<li>Lemn<\/li>\n<\/ul>\n","protected":false},"featured_media":2659,"template":"","meta":{"inline_featured_image":false,"_exactmetrics_skip_tracking":false,"_exactmetrics_sitenote_active":false,"_exactmetrics_sitenote_note":"","_exactmetrics_sitenote_category":0},"product_brand":[],"product_cat":[250,254],"product_tag":[],"class_list":{"0":"post-24502","1":"product","2":"type-product","3":"status-publish","4":"has-post-thumbnail","6":"product_cat-produse-chimice-auto","7":"product_cat-lubrifianti","9":"first","10":"instock","11":"shipping-taxable","12":"product-type-simple"},"_links":{"self":[{"href":"https:\/\/tor-auto.com\/ro\/wp-json\/wp\/v2\/product\/24502","targetHints":{"allow":["GET"]}}],"collection":[{"href":"https:\/\/tor-auto.com\/ro\/wp-json\/wp\/v2\/product"}],"about":[{"href":"https:\/\/tor-auto.com\/ro\/wp-json\/wp\/v2\/types\/product"}],"wp:featuredmedia":[{"embeddable":true,"href":"https:\/\/tor-auto.com\/ro\/wp-json\/wp\/v2\/media\/2659"}],"wp:attachment":[{"href":"https:\/\/tor-auto.com\/ro\/wp-json\/wp\/v2\/media?parent=24502"}],"wp:term":[{"taxonomy":"product_brand","embeddable":true,"href":"https:\/\/tor-auto.com\/ro\/wp-json\/wp\/v2\/product_brand?post=24502"},{"taxonomy":"product_cat","embeddable":true,"href":"https:\/\/tor-auto.com\/ro\/wp-json\/wp\/v2\/product_cat?post=24502"},{"taxonomy":"product_tag","embeddable":true,"href":"https:\/\/tor-auto.com\/ro\/wp-json\/wp\/v2\/product_tag?post=24502"}],"curies":[{"name":"wp","href":"https:\/\/api.w.org\/{rel}","templated":true}]}}