{"id":24495,"date":"2019-01-23T14:26:48","date_gmt":"2024-01-26T12:53:45","guid":{"rendered":"https:\/\/tor-auto.com\/shop\/anvelope-maloya-195-65-r16c-quadris\/"},"modified":"2024-01-26T14:53:45","modified_gmt":"2024-01-26T12:53:45","slug":"shiny-maloya-195-65-r16c-quadris","status":"publish","type":"product","link":"https:\/\/tor-auto.com\/ro\/product\/shiny-maloya-195-65-r16c-quadris\/","title":{"rendered":"Anvelope MALOYA 195\/65 R16C QUADRIS"},"content":{"rendered":"<p>Anvelope pentru toate anotimpurile Maloya QuadriS pentru autoturisme.<\/p>\n<p>Caracteristici anvelope: all-season, camion u\u0219or, f\u0103r\u0103 crampoane<\/p>\n<p>Seria de anvelope pentru toate anotimpurile Maloya QuadriS este renumit\u0103 pentru caracteristicile sale de \u00eenalt\u0103 calitate. Mul\u021bi \u0219oferi aleg anvelopele pentru pasageri All Season Maloya QuadriS pentru performan\u021ba lor de \u00eenalt\u0103 calitate.<\/p>\n<p>Confortul \u0219i nivelurile reduse de zgomot sunt ceea ce caracterizeaz\u0103 noile anvelope All-season Maloya QuadriS. Anvelopele pentru toate anotimpurile ofer\u0103 un amestec versatil de calitate a c\u0103l\u0103toriei, nivel de zgomot, confort \u0219i rezisten\u021b\u0103 la hidroplanare pe drumuri umede \u0219i n\u0103moloase. \u0219i rezisten\u021ba la uzur\u0103 a benzii de rulare, precum \u0219i caracteristici excelente de trac\u021biune chiar \u0219i pe suprafe\u021be umede sau \u00eenz\u0103pezite.<\/p>\n<p>\u021aara produc\u0103torului:<\/p>\n<p>Este o companie elve\u021bian\u0103, dar este de\u021binut\u0103 de Vredestein din 1980. Acum Maloya este o companie destul de mare care ofer\u0103 produse tuturor \u021b\u0103rilor europene. Speciali\u0219tii Maloya lucreaz\u0103 \u00eendeaproape cu inginerii Vredestein, iar produsele realizate se remarc\u0103 prin cele mai bune propriet\u0103\u021bi \u0219i pre\u021buri atractive. Mai mult de un \u0219ofer de ma\u0219in\u0103 a folosit deja o ma\u0219in\u0103 cu aceste anvelope \u0219i, judec\u00e2nd dup\u0103 recenzii, \u0219oferii de ma\u0219ini sunt mul\u021bumi\u021bi de calitatea produsului. Sunt produse toate cele mai populare m\u0103rimi de produse, aproape toate anvelopele de var\u0103 apar\u021bin grupului de anvelope de ploaie, benzile de rulare \u0219i anvelopele folosesc componente moderne care asigur\u0103 o bun\u0103 aderen\u021b\u0103 pe carosabil umed \u0219i uscat.<\/p>\n","protected":false},"excerpt":{"rendered":"<table class=\"inftd\">\n<tbody>\n<tr class=\"odd\">\n<th>Tip de vehicul<\/th>\n<td class=\"wide\">camion u\u0219or<\/td>\n<\/tr>\n<tr>\n<th>Sezonalitatea<\/th>\n<td class=\"wide\">tot sezonul<\/td>\n<\/tr>\n<tr>\n<td colspan=\"2\"><\/td>\n<\/tr>\n<tr class=\"odd\">\n<th>L\u0103\u021bimea profilului<\/th>\n<td class=\"wide\">195<\/td>\n<\/tr>\n<tr>\n<th>\u00cen\u0103l\u021bimea profilului<\/th>\n<td class=\"wide\">65<\/td>\n<\/tr>\n<tr class=\"odd\">\n<th>Diametru<\/th>\n<td class=\"wide\">16<\/td>\n<\/tr>\n<\/tbody>\n<\/table>\n","protected":false},"featured_media":2518,"template":"","meta":{"inline_featured_image":false,"_exactmetrics_skip_tracking":false,"_exactmetrics_sitenote_active":false,"_exactmetrics_sitenote_note":"","_exactmetrics_sitenote_category":0},"product_brand":[],"product_cat":[185,203,182],"product_tag":[],"class_list":{"0":"post-24495","1":"product","2":"type-product","3":"status-publish","4":"has-post-thumbnail","6":"product_cat-vredestein","7":"product_cat-anvelope","8":"product_cat-maloya","9":"pa_diametr-16s-ro","10":"pa_proporcionalnost-65-ro","11":"pa_sezonnost-all-seazon","12":"pa_sirina-profilja-195-ro","14":"first","15":"outofstock","16":"sale","17":"shipping-taxable","18":"product-type-simple"},"_links":{"self":[{"href":"https:\/\/tor-auto.com\/ro\/wp-json\/wp\/v2\/product\/24495","targetHints":{"allow":["GET"]}}],"collection":[{"href":"https:\/\/tor-auto.com\/ro\/wp-json\/wp\/v2\/product"}],"about":[{"href":"https:\/\/tor-auto.com\/ro\/wp-json\/wp\/v2\/types\/product"}],"wp:featuredmedia":[{"embeddable":true,"href":"https:\/\/tor-auto.com\/ro\/wp-json\/wp\/v2\/media\/2518"}],"wp:attachment":[{"href":"https:\/\/tor-auto.com\/ro\/wp-json\/wp\/v2\/media?parent=24495"}],"wp:term":[{"taxonomy":"product_brand","embeddable":true,"href":"https:\/\/tor-auto.com\/ro\/wp-json\/wp\/v2\/product_brand?post=24495"},{"taxonomy":"product_cat","embeddable":true,"href":"https:\/\/tor-auto.com\/ro\/wp-json\/wp\/v2\/product_cat?post=24495"},{"taxonomy":"product_tag","embeddable":true,"href":"https:\/\/tor-auto.com\/ro\/wp-json\/wp\/v2\/product_tag?post=24495"}],"curies":[{"name":"wp","href":"https:\/\/api.w.org\/{rel}","templated":true}]}}