{"id":24489,"date":"2019-01-25T13:36:21","date_gmt":"2024-01-24T14:49:20","guid":{"rendered":"https:\/\/tor-auto.com\/shop\/lampa-auto-osram-21-5w-os-7528\/"},"modified":"2024-01-24T16:49:20","modified_gmt":"2024-01-24T14:49:20","slug":"avtomobilnaja-lampa-osram-21-5w-os-7528","status":"publish","type":"product","link":"https:\/\/tor-auto.com\/ro\/product\/avtomobilnaja-lampa-osram-21-5w-os-7528\/","title":{"rendered":"Lampa auto OSRAM 21\/5W OS 7528"},"content":{"rendered":"<p>Marca: Osram<br \/>\nTensiune, V: 12<br \/>\nPutere, W: 5<br \/>\nBaza: BAY15d<br \/>\nScop: l\u0103mpi de interior al ma\u0219inii, l\u0103mpi de degajare, l\u0103mpi de semnalizare, l\u0103mpi de iluminare din spate a tabloului de bord.<\/p>\n","protected":false},"excerpt":{"rendered":"<p><span class=\"name\">Tip<\/span>: <span class=\"value\">becuri cu halogen<\/span><\/p>\n<p><span class=\"name\">Scop:<\/span> <span class=\"value\">indicatoare de direc\u021bie, lumini laterale, lumini interioare<\/span> <\/p>\n<p><span class=\"name\">baza<\/span> <span class=\"value\">l\u0103mpii<\/span><span class=\"value\">BA15D<\/span><\/p>\n","protected":false},"featured_media":2544,"template":"","meta":{"inline_featured_image":false,"_exactmetrics_skip_tracking":false,"_exactmetrics_sitenote_active":false,"_exactmetrics_sitenote_note":"","_exactmetrics_sitenote_category":0},"product_brand":[],"product_cat":[252],"product_tag":[],"class_list":{"0":"post-24489","1":"product","2":"type-product","3":"status-publish","4":"has-post-thumbnail","6":"product_cat-lampi-auto","8":"first","9":"instock","10":"shipping-taxable","11":"product-type-simple"},"_links":{"self":[{"href":"https:\/\/tor-auto.com\/ro\/wp-json\/wp\/v2\/product\/24489","targetHints":{"allow":["GET"]}}],"collection":[{"href":"https:\/\/tor-auto.com\/ro\/wp-json\/wp\/v2\/product"}],"about":[{"href":"https:\/\/tor-auto.com\/ro\/wp-json\/wp\/v2\/types\/product"}],"wp:featuredmedia":[{"embeddable":true,"href":"https:\/\/tor-auto.com\/ro\/wp-json\/wp\/v2\/media\/2544"}],"wp:attachment":[{"href":"https:\/\/tor-auto.com\/ro\/wp-json\/wp\/v2\/media?parent=24489"}],"wp:term":[{"taxonomy":"product_brand","embeddable":true,"href":"https:\/\/tor-auto.com\/ro\/wp-json\/wp\/v2\/product_brand?post=24489"},{"taxonomy":"product_cat","embeddable":true,"href":"https:\/\/tor-auto.com\/ro\/wp-json\/wp\/v2\/product_cat?post=24489"},{"taxonomy":"product_tag","embeddable":true,"href":"https:\/\/tor-auto.com\/ro\/wp-json\/wp\/v2\/product_tag?post=24489"}],"curies":[{"name":"wp","href":"https:\/\/api.w.org\/{rel}","templated":true}]}}