{"id":24477,"date":"2019-01-18T10:38:09","date_gmt":"2024-01-24T13:00:19","guid":{"rendered":"https:\/\/tor-auto.com\/shop\/anvelopa-vredestein-comtrac-195-65-r16c\/"},"modified":"2024-01-24T15:00:19","modified_gmt":"2024-01-24T13:00:19","slug":"shina-vredestein-comtrac-195-65-r16c","status":"publish","type":"product","link":"https:\/\/tor-auto.com\/ro\/product\/shina-vredestein-comtrac-195-65-r16c\/","title":{"rendered":"Anvelopa Vredestein Comtrac 195\/65 R16C"},"content":{"rendered":"<h2>Vredestein Comtrac<\/h2>\n<p>Vitez\u0103, fiabilitate, durabilitate \u0219i, bine\u00een\u021beles, confort. Acestea sunt principalele calit\u0103\u021bi ale Comtrac, noul tip de anvelop\u0103 Vredestein. Comtrac a fost dezvoltat de Vredestein pentru a satisface cererea de anvelope care combin\u0103 calit\u0103\u021bile tipice ale autoturismelor cu eficien\u021ba vehiculelor comerciale. Structura excep\u021bional\u0103 a carcasei, care include o band\u0103 de o\u021bel pentru un plus de rezisten\u021b\u0103, asigur\u0103 adecvarea excelent\u0103 a anvelopei pentru condi\u021bii extreme. \u00cen plus, Comtrac nu numai c\u0103 ofer\u0103 performan\u021be mult mai bune, dar ofer\u0103 \u0219i confort \u0219i fiabilitate excep\u021bionale. Comtrac este o anvelop\u0103 fiabil\u0103, durabil\u0103, cu un design modern.<\/p>\n<h3>Particularit\u0103\u021bi<\/h3>\n<ul>\n<li>Model durabil al benzii de rulare \u00een zona umerilor \u0219i contururi zim\u021bate<\/li>\n<li>Dou\u0103 caneluri longitudinale, ad\u00e2ncimea benzii de rulare &#8211; 11 mm<\/li>\n<li>Design unic al cadru cu band\u0103 de armare din o\u021bel \u00eencorporat\u0103 \u00een inelul lateral<\/li>\n<\/ul>\n<h3>Beneficii<\/h3>\n<ul>\n<li>Durat\u0103 lung\u0103 de via\u021b\u0103<\/li>\n<li>Manevrare excelenta<\/li>\n<\/ul>\n","protected":false},"excerpt":{"rendered":"<table class=\"tblParameters\">\n<tbody>\n<tr>\n<td><b>Sezon <\/b><\/td>\n<td>var\u0103<\/td>\n<\/tr>\n<tr class=\"pair\">\n<td><b>Tip <\/b><\/td>\n<td>camion u\u0219or<\/td>\n<\/tr>\n<tr>\n<td><b>L\u0103\u021bimea profilului <\/b><\/td>\n<td>195 mm<\/td>\n<\/tr>\n<tr class=\"pair\">\n<td><b>\u00cen\u0103l\u021bimea profilului <\/b><\/td>\n<td>65 %<\/td>\n<\/tr>\n<tr>\n<td><b>Diametru <\/b><\/td>\n<td>16 &#8222;<\/td>\n<\/tr>\n<tr class=\"pair\">\n<td><b>Indicele de sarcin\u0103 <\/b><\/td>\n<td>104\/102<\/td>\n<\/tr>\n<tr>\n<td><b>Indicele de vitez\u0103 <\/b><\/td>\n<td>R<\/td>\n<\/tr>\n<\/tbody>\n<\/table>\n","protected":false},"featured_media":2475,"template":"","meta":{"inline_featured_image":false,"_exactmetrics_skip_tracking":false,"_exactmetrics_sitenote_active":false,"_exactmetrics_sitenote_note":"","_exactmetrics_sitenote_category":0},"product_brand":[],"product_cat":[185,203],"product_tag":[],"class_list":{"0":"post-24477","1":"product","2":"type-product","3":"status-publish","4":"has-post-thumbnail","6":"product_cat-vredestein","7":"product_cat-anvelope","8":"pa_diametr-16s-ro","9":"pa_proporcionalnost-65-ro","10":"pa_sezonnost-vara","11":"pa_sirina-profilja-195-ro","13":"first","14":"outofstock","15":"sale","16":"shipping-taxable","17":"product-type-simple"},"_links":{"self":[{"href":"https:\/\/tor-auto.com\/ro\/wp-json\/wp\/v2\/product\/24477","targetHints":{"allow":["GET"]}}],"collection":[{"href":"https:\/\/tor-auto.com\/ro\/wp-json\/wp\/v2\/product"}],"about":[{"href":"https:\/\/tor-auto.com\/ro\/wp-json\/wp\/v2\/types\/product"}],"wp:featuredmedia":[{"embeddable":true,"href":"https:\/\/tor-auto.com\/ro\/wp-json\/wp\/v2\/media\/2475"}],"wp:attachment":[{"href":"https:\/\/tor-auto.com\/ro\/wp-json\/wp\/v2\/media?parent=24477"}],"wp:term":[{"taxonomy":"product_brand","embeddable":true,"href":"https:\/\/tor-auto.com\/ro\/wp-json\/wp\/v2\/product_brand?post=24477"},{"taxonomy":"product_cat","embeddable":true,"href":"https:\/\/tor-auto.com\/ro\/wp-json\/wp\/v2\/product_cat?post=24477"},{"taxonomy":"product_tag","embeddable":true,"href":"https:\/\/tor-auto.com\/ro\/wp-json\/wp\/v2\/product_tag?post=24477"}],"curies":[{"name":"wp","href":"https:\/\/api.w.org\/{rel}","templated":true}]}}