{"id":24471,"date":"2019-01-17T17:10:04","date_gmt":"2024-01-24T12:24:48","guid":{"rendered":"https:\/\/tor-auto.com\/shop\/anvelope-vredestein-wintrac-4-xtreme-285-45-r19-xl\/"},"modified":"2024-01-24T14:24:48","modified_gmt":"2024-01-24T12:24:48","slug":"shiny-vredestein-wintrac-4-xtreme-285-45-r19-xl","status":"publish","type":"product","link":"https:\/\/tor-auto.com\/ro\/product\/shiny-vredestein-wintrac-4-xtreme-285-45-r19-xl\/","title":{"rendered":"Anvelope VREDESTEIN Wintrac 4 Xtreme 285\/45 R19 XL"},"content":{"rendered":"<p>Wintrac 4 Xtreme este prima anvelop\u0103 de iarn\u0103 de \u00eenalt\u0103 performan\u021b\u0103 pentru SUV-uri, dezvoltat\u0103 cu participarea unui designer de renume mondial. Designul avansat Giugiaro \u0219i liniile fluide confer\u0103 acestei anvelope cu benzi de rulare \u00een form\u0103 de W un aspect puternic \u0219i impun\u0103tor. Wintrac 4 Xtreme \u00eentruchipeaz\u0103 cele mai recente evolu\u021bii &#8211; toate cele mai bune \u00een design, siguran\u021b\u0103 \u0219i confort.<\/p>\n<p>Wintrac 4 Xtreme combin\u0103 caracteristicile esen\u021biale ale anvelopelor de teren \u0219i de teren. De exemplu, banda de rulare are o proprietate de auto-cur\u0103\u021bare, rezult\u00e2nd o manevrabilitate excelent\u0103 pe drumurile \u00eenz\u0103pezite \u0219i de p\u0103m\u00e2nt. Structura anvelopei a fost special conceput\u0103 pentru a rezista cu u\u0219urin\u021b\u0103 greut\u0103\u021bii SUV-urilor \u00een cele mai extreme condi\u021bii. Pentru a cre\u0219te capacitatea portant\u0103 a anvelopei, snurul a fost \u00eent\u0103rit, iar pentru conducerea off-road, modelul benzii de rulare a fost ad\u00e2ncit.<\/p>\n<p>Creatorii Wintrac 4 Xtreme au acordat o mare aten\u021bie confortului: manevrabilitate u\u0219oar\u0103 atunci c\u00e2nd conduce\u021bi cu vitez\u0103 mare \u0219i niveluri sc\u0103zute de zgomot produse de anvelop\u0103.<\/p>\n<p>Wintrac 4 Xtreme are 2 categorii de vitez\u0103 &#8211; H \u0219i V (210, respectiv 240 km\/h).<\/p>\n","protected":false},"excerpt":{"rendered":"<table class=\"inftd\">\n<tbody>\n<tr class=\"odd\">\n<th>Tip de vehicul<\/th>\n<td class=\"wide\">SUV<\/td>\n<\/tr>\n<tr>\n<th>Sezonalitatea<\/th>\n<td class=\"wide\">iarn\u0103<\/td>\n<\/tr>\n<tr>\n<td colspan=\"2\"><\/td>\n<\/tr>\n<tr class=\"odd\">\n<th>L\u0103\u021bimea profilului<\/th>\n<td class=\"wide\">285<\/td>\n<\/tr>\n<tr>\n<th>\u00cen\u0103l\u021bimea profilului<\/th>\n<td class=\"wide\">45<\/td>\n<\/tr>\n<tr class=\"odd\">\n<th>Diametru<\/th>\n<td class=\"wide\">19<\/td>\n<\/tr>\n<\/tbody>\n<\/table>\n","protected":false},"featured_media":2340,"template":"","meta":{"inline_featured_image":false,"_exactmetrics_skip_tracking":false,"_exactmetrics_sitenote_active":false,"_exactmetrics_sitenote_note":"","_exactmetrics_sitenote_category":0},"product_brand":[],"product_cat":[185,203],"product_tag":[],"class_list":{"0":"post-24471","1":"product","2":"type-product","3":"status-publish","4":"has-post-thumbnail","6":"product_cat-vredestein","7":"product_cat-anvelope","8":"pa_diametr-19-ro","9":"pa_proporcionalnost-45-ro","10":"pa_sezonnost-iarna","11":"pa_sirina-profilja-285-ro","13":"first","14":"instock","15":"sale","16":"shipping-taxable","17":"product-type-simple"},"_links":{"self":[{"href":"https:\/\/tor-auto.com\/ro\/wp-json\/wp\/v2\/product\/24471","targetHints":{"allow":["GET"]}}],"collection":[{"href":"https:\/\/tor-auto.com\/ro\/wp-json\/wp\/v2\/product"}],"about":[{"href":"https:\/\/tor-auto.com\/ro\/wp-json\/wp\/v2\/types\/product"}],"wp:featuredmedia":[{"embeddable":true,"href":"https:\/\/tor-auto.com\/ro\/wp-json\/wp\/v2\/media\/2340"}],"wp:attachment":[{"href":"https:\/\/tor-auto.com\/ro\/wp-json\/wp\/v2\/media?parent=24471"}],"wp:term":[{"taxonomy":"product_brand","embeddable":true,"href":"https:\/\/tor-auto.com\/ro\/wp-json\/wp\/v2\/product_brand?post=24471"},{"taxonomy":"product_cat","embeddable":true,"href":"https:\/\/tor-auto.com\/ro\/wp-json\/wp\/v2\/product_cat?post=24471"},{"taxonomy":"product_tag","embeddable":true,"href":"https:\/\/tor-auto.com\/ro\/wp-json\/wp\/v2\/product_tag?post=24471"}],"curies":[{"name":"wp","href":"https:\/\/api.w.org\/{rel}","templated":true}]}}