{"id":24468,"date":"2019-01-17T16:38:45","date_gmt":"2019-01-17T14:38:45","guid":{"rendered":"https:\/\/tor-auto.com\/shop\/anvelope-vredestein-ultracsuvsess-275-45-r19\/"},"modified":"2024-01-24T10:19:15","modified_gmt":"2024-01-24T08:19:15","slug":"shiny-vredestein-ultracsuvsess-275-45-r19","status":"publish","type":"product","link":"https:\/\/tor-auto.com\/ro\/product\/shiny-vredestein-ultracsuvsess-275-45-r19\/","title":{"rendered":"Anvelope VREDESTEIN UltracSUVSess 275\/45 R19"},"content":{"rendered":"<p>Anvelopa Vredestein Ultrac SUV este un produs nou unic \u00een segmentul de anvelope premium SUV.<\/p>\n<p>Ultrac SUV Sessanta este echipat cu o band\u0103 de rulare cu l\u0103\u021bime m\u0103rit\u0103.<\/p>\n<p>Acest lucru permite un control mai bun al drumului \u0219i ofer\u0103 o stabilitate sporit\u0103 cu un nivel sporit de confort.<\/p>\n<p>Designul Ultrac SUV se caracterizeaz\u0103 prin prezen\u021ba a dou\u0103 straturi de viscoz\u0103 \u00een carcasa anvelopei \u0219i o centur\u0103 durabil\u0103. Acest lucru confer\u0103 anvelopei o capacitate de \u00eenc\u0103rcare crescut\u0103, ideal\u0103 pentru SUV-urile grele.<\/p>\n<p>Aspectul unic, ultramodern al anvelopei a fost dezvoltat de biroul de design Giugiaro Design<\/p>\n","protected":false},"excerpt":{"rendered":"<div class=\"feature-list-item-field\">Sezonalitatea &#8211; vara<\/div>\n<div>\n<div class=\"feature-list-item\">\n<div class=\"feature-list-item-field\">L\u0103\u021bimea profilului <span style=\"font-size: 14.4px;\">275<\/span><\/div>\n<\/div>\n<div class=\"feature-list-item\">\n<div class=\"feature-list-item-field\">Inaltime profil <span style=\"font-size: 14.4px;\">45<\/span><\/div>\n<\/div>\n<div class=\"feature-list-item\">\n<div class=\"feature-list-item-field\">Diametru<span style=\"font-size: 14.4px;\">19<\/span><\/div>\n<div>\n<div class=\"feature-list-item\">\n<div class=\"feature-list-item-field\">Indicele de vitez\u0103 maxim\u0103 <span style=\"font-size: 14.4px;\">Y (p\u00e2n\u0103 la 300 km\/h)<\/span><\/div>\n<\/div>\n<div class=\"feature-list-item\">\n<div class=\"feature-list-item-field\">Sarcina maxim\u0103 (pe anvelop\u0103) <span style=\"font-size: 14.4px;\">1000,0 kg<\/span><\/div>\n<\/div>\n<div class=\"feature-list-item\">\n<div class=\"feature-list-item-field\">Indicele de sarcin\u0103 <span style=\"font-size: 14.4px;\">108.0<\/span><\/div>\n<\/div>\n<\/div>\n<\/div>\n<\/div>\n","protected":false},"featured_media":2424,"template":"","meta":{"inline_featured_image":false,"_exactmetrics_skip_tracking":false,"_exactmetrics_sitenote_active":false,"_exactmetrics_sitenote_note":"","_exactmetrics_sitenote_category":0},"product_brand":[],"product_cat":[185,203],"product_tag":[],"class_list":{"0":"post-24468","1":"product","2":"type-product","3":"status-publish","4":"has-post-thumbnail","6":"product_cat-vredestein","7":"product_cat-anvelope","8":"pa_diametr-19-ro","9":"pa_proporcionalnost-45-ro","10":"pa_sezonnost-vara","11":"pa_sirina-profilja-275-ro","13":"first","14":"instock","15":"sale","16":"shipping-taxable","17":"product-type-simple"},"_links":{"self":[{"href":"https:\/\/tor-auto.com\/ro\/wp-json\/wp\/v2\/product\/24468","targetHints":{"allow":["GET"]}}],"collection":[{"href":"https:\/\/tor-auto.com\/ro\/wp-json\/wp\/v2\/product"}],"about":[{"href":"https:\/\/tor-auto.com\/ro\/wp-json\/wp\/v2\/types\/product"}],"wp:featuredmedia":[{"embeddable":true,"href":"https:\/\/tor-auto.com\/ro\/wp-json\/wp\/v2\/media\/2424"}],"wp:attachment":[{"href":"https:\/\/tor-auto.com\/ro\/wp-json\/wp\/v2\/media?parent=24468"}],"wp:term":[{"taxonomy":"product_brand","embeddable":true,"href":"https:\/\/tor-auto.com\/ro\/wp-json\/wp\/v2\/product_brand?post=24468"},{"taxonomy":"product_cat","embeddable":true,"href":"https:\/\/tor-auto.com\/ro\/wp-json\/wp\/v2\/product_cat?post=24468"},{"taxonomy":"product_tag","embeddable":true,"href":"https:\/\/tor-auto.com\/ro\/wp-json\/wp\/v2\/product_tag?post=24468"}],"curies":[{"name":"wp","href":"https:\/\/api.w.org\/{rel}","templated":true}]}}