{"id":24461,"date":"2019-01-17T12:28:55","date_gmt":"2024-01-23T13:14:41","guid":{"rendered":"https:\/\/tor-auto.com\/shop\/anvelope-vredestein-arcrac-255-55-r18-109t-xl-ghimpe\/"},"modified":"2024-01-23T15:14:44","modified_gmt":"2024-01-23T13:14:44","slug":"shiny-vredestein-arctrac-255-55-r18-109t-xl-ship","status":"publish","type":"product","link":"https:\/\/tor-auto.com\/ro\/product\/shiny-vredestein-arctrac-255-55-r18-109t-xl-ship\/","title":{"rendered":"ANVELOPE VREDESTEIN ARCRAC 255\/55 R18 109T XL (ghimpe)"},"content":{"rendered":"<p>Modelul este conceput pentru a conduce \u00een cele mai dure condi\u021bii de iarn\u0103. Are caracteristici bune de trac\u021biune pe drumuri \u00eenghe\u021bate \u0219i z\u0103pad\u0103 compact\u0103.<\/p>\n<table border=\"0\" cellspacing=\"\" cellpadding=\"\">\n<tbody>\n<tr>\n<td><strong>Capacit\u0103\u021bile ridicate de autocur\u0103\u021bare<\/strong> ale anvelopei sunt asigurate de designul special de \u00eenalt\u0103 tehnologie al benzii de rulare. Un num\u0103r mare de caneluri de drenaj v\u0103 permite s\u0103 \u00eendep\u0103rta\u021bi \u00een mod eficient z\u0103pada \u0219i murd\u0103ria din zona de contact. Fantele diagonale ascu\u021bite \u00eenguste ofer\u0103 cele mai \u00eenalte propriet\u0103\u021bi posibile de autocur\u0103\u021bare.<\/td>\n<td><strong>Caracteristici excelente de manevrabilitate a anvelopelor.<\/strong> Distribu\u021bia uniform\u0103 a presiunii pe ghimpuri v\u0103 permite s\u0103 \u00eembun\u0103t\u0103\u021bi\u021bi trac\u021biunea vehiculului. Acum nici cele mai \u00eenz\u0103pezite drumuri nu sunt o problem\u0103. Chiar \u0219i pe vreme extrem de rece, anvelopa garanteaz\u0103 o manevrabilitate excelent\u0103, distan\u021be scurte de fr\u00e2nare \u0219i accelera\u021bie rapid\u0103.<\/td>\n<\/tr>\n<\/tbody>\n<\/table>\n<p>Rezisten\u021ba excelent\u0103 la uzur\u0103 a anvelopei este ob\u021binut\u0103 folosind un compus special de cauciuc. Datorit\u0103 diferi\u021bilor acizi inclu\u0219i \u00een compusul benzii de rulare, a fost posibil s\u0103 se reduc\u0103 efectul de rulare al anvelopei. La r\u00e2ndul s\u0103u, acest lucru poate cre\u0219te semnificativ rezisten\u021ba la uzur\u0103 a anvelopei. Anvelopa p\u0103streaz\u0103 propriet\u0103\u021bi elastice excelente chiar \u0219i la temperaturi sc\u0103zute.<\/p>\n","protected":false},"excerpt":{"rendered":"<p><span class=\"tr_1 attr_12\"><span class=\"name_attr_prod\">L\u0103\u021bimea anvelopei, (mm):<\/span> <strong>255<\/strong><\/span><\/p>\n<p><span class=\"tr_1 attr_13\"><span class=\"name_attr_prod\">Profil anvelope<\/span>: <strong>55<\/strong><\/span><\/p>\n<p><span class=\"tr_1 attr_14\"><span class=\"name_attr_prod\">Diametru anvelop\u0103, (mm):<\/span> <strong>18<\/strong><\/span><\/p>\n<p><span class=\"tr_1 attr_15\"><span class=\"name_attr_prod\">Sezon:<\/span> <strong>iarna<\/strong><\/span><\/p>\n<p><span class=\"tr_1 attr_17\"><span class=\"name_attr_prod\">Indicele de \u00eenc\u0103rcare a anvelopelor:<\/span> <strong>109<\/strong><\/span><\/p>\n<p><span class=\"tr_1 attr_18\"><span class=\"name_attr_prod\">Indicele de viteza anvelopei<\/span>: <strong>T<\/strong><\/span><\/p>\n<p><span class=\"tr_1 attr_19\"><span class=\"name_attr_prod\">C\u00e2\u0219tig:<\/span> <strong>XL<\/strong><\/span><\/p>\n<p><span class=\"tr_1 attr_20\"><span class=\"name_attr_prod\">Ghimpuri:<\/span> <strong>ghimpuri<\/strong><\/span><\/p>\n<p><span class=\"tr_1 attr_22\"><span class=\"name_attr_prod\">Tip autoturism:<\/span> <strong>pasager<\/strong><\/span><\/p>\n","protected":false},"featured_media":2344,"template":"","meta":{"inline_featured_image":false,"_exactmetrics_skip_tracking":false,"_exactmetrics_sitenote_active":false,"_exactmetrics_sitenote_note":"","_exactmetrics_sitenote_category":0},"product_brand":[],"product_cat":[185,203],"product_tag":[],"class_list":{"0":"post-24461","1":"product","2":"type-product","3":"status-publish","4":"has-post-thumbnail","6":"product_cat-vredestein","7":"product_cat-anvelope","8":"pa_diametr-18-ro","9":"pa_proporcionalnost-55-ro","10":"pa_sezonnost-iarna","11":"pa_sirina-profilja-255-ro","13":"first","14":"instock","15":"sale","16":"shipping-taxable","17":"product-type-simple"},"_links":{"self":[{"href":"https:\/\/tor-auto.com\/ro\/wp-json\/wp\/v2\/product\/24461","targetHints":{"allow":["GET"]}}],"collection":[{"href":"https:\/\/tor-auto.com\/ro\/wp-json\/wp\/v2\/product"}],"about":[{"href":"https:\/\/tor-auto.com\/ro\/wp-json\/wp\/v2\/types\/product"}],"wp:featuredmedia":[{"embeddable":true,"href":"https:\/\/tor-auto.com\/ro\/wp-json\/wp\/v2\/media\/2344"}],"wp:attachment":[{"href":"https:\/\/tor-auto.com\/ro\/wp-json\/wp\/v2\/media?parent=24461"}],"wp:term":[{"taxonomy":"product_brand","embeddable":true,"href":"https:\/\/tor-auto.com\/ro\/wp-json\/wp\/v2\/product_brand?post=24461"},{"taxonomy":"product_cat","embeddable":true,"href":"https:\/\/tor-auto.com\/ro\/wp-json\/wp\/v2\/product_cat?post=24461"},{"taxonomy":"product_tag","embeddable":true,"href":"https:\/\/tor-auto.com\/ro\/wp-json\/wp\/v2\/product_tag?post=24461"}],"curies":[{"name":"wp","href":"https:\/\/api.w.org\/{rel}","templated":true}]}}