{"id":24458,"date":"2019-01-18T17:00:45","date_gmt":"2024-01-23T12:48:40","guid":{"rendered":"https:\/\/tor-auto.com\/shop\/anvelope-vredestein-comtrac-ice-195-70-r15c-cu-ghimpuri\/"},"modified":"2024-01-23T14:48:40","modified_gmt":"2024-01-23T12:48:40","slug":"shiny-vredestein-comtrac-ice-195-70-r15c-ship","status":"publish","type":"product","link":"https:\/\/tor-auto.com\/ro\/product\/shiny-vredestein-comtrac-ice-195-70-r15c-ship\/","title":{"rendered":"Anvelope Vredestein Comtrac Ice 195\/70 R15C cu ghimpuri"},"content":{"rendered":"<p>Anvelopa Comtrac Ice are o construc\u021bie durabil\u0103 a carcasei cu benzi de armare din o\u021bel, care garanteaz\u0103 siguran\u021b\u0103 pe toat\u0103 durata de via\u021b\u0103. Combina\u021bia dintre o band\u0103 de rulare unic\u0103, o compozi\u021bie echilibrat\u0103 a zonei de alergare \u0219i ghimpuri speciale asigur\u0103 o distan\u021b\u0103 scurt\u0103 de fr\u00e2nare, at\u00e2t pe drumuri \u00eenz\u0103pezite, c\u00e2t \u0219i pe ghea\u021b\u0103. Anvelopa Comtrac Ice folose\u0219te ghimpuri cu un miez special din carbur\u0103. Ca rezultat, nu numai caracteristicile de antrenare sunt \u00eembun\u0103t\u0103\u021bite semnificativ, ci \u0219i riscul de pierdere a ghimpurelor este redus. Modelul direc\u021bional al benzii de rulare cu dou\u0103 caneluri longitudinale largi asigur\u0103 drenarea maxim\u0103 a apei.<\/p>\n","protected":false},"excerpt":{"rendered":"<p>Metoda de etan\u0219are: TL (tubeless)<\/p>\n<p>Tip vehicul: camion u\u0219or<\/p>\n<p>L\u0103\u021bimea profilului (mm): 195<\/p>\n<p>\u00cen\u0103l\u021bimea profilului (%): 70<\/p>\n<p>Diametru (R): 15C<\/p>\n<p>Sezon: iarna<\/p>\n<p>Indice de sarcin\u0103: 104 (900 kg)<\/p>\n<p>Index de viteza: R (170 km\/h)<\/p>\n<p>Sub ghimpuri: da<\/p>\n","protected":false},"featured_media":2481,"template":"","meta":{"inline_featured_image":false,"_exactmetrics_skip_tracking":false,"_exactmetrics_sitenote_active":false,"_exactmetrics_sitenote_note":"","_exactmetrics_sitenote_category":0},"product_brand":[],"product_cat":[203],"product_tag":[],"class_list":{"0":"post-24458","1":"product","2":"type-product","3":"status-publish","4":"has-post-thumbnail","6":"product_cat-anvelope","7":"pa_diametr-15s-ro","8":"pa_proporcionalnost-70-ro","9":"pa_sezonnost-iarna","10":"pa_sirina-profilja-195-ro","12":"first","13":"instock","14":"sale","15":"shipping-taxable","16":"product-type-simple"},"_links":{"self":[{"href":"https:\/\/tor-auto.com\/ro\/wp-json\/wp\/v2\/product\/24458","targetHints":{"allow":["GET"]}}],"collection":[{"href":"https:\/\/tor-auto.com\/ro\/wp-json\/wp\/v2\/product"}],"about":[{"href":"https:\/\/tor-auto.com\/ro\/wp-json\/wp\/v2\/types\/product"}],"wp:featuredmedia":[{"embeddable":true,"href":"https:\/\/tor-auto.com\/ro\/wp-json\/wp\/v2\/media\/2481"}],"wp:attachment":[{"href":"https:\/\/tor-auto.com\/ro\/wp-json\/wp\/v2\/media?parent=24458"}],"wp:term":[{"taxonomy":"product_brand","embeddable":true,"href":"https:\/\/tor-auto.com\/ro\/wp-json\/wp\/v2\/product_brand?post=24458"},{"taxonomy":"product_cat","embeddable":true,"href":"https:\/\/tor-auto.com\/ro\/wp-json\/wp\/v2\/product_cat?post=24458"},{"taxonomy":"product_tag","embeddable":true,"href":"https:\/\/tor-auto.com\/ro\/wp-json\/wp\/v2\/product_tag?post=24458"}],"curies":[{"name":"wp","href":"https:\/\/api.w.org\/{rel}","templated":true}]}}