{"id":24446,"date":"2019-01-16T17:39:00","date_gmt":"2024-01-23T10:28:01","guid":{"rendered":"https:\/\/tor-auto.com\/shop\/anvelope-vredestein-wintrac-4-xtreme-265-70-r16-112h\/"},"modified":"2024-01-23T12:28:01","modified_gmt":"2024-01-23T10:28:01","slug":"shiny-vredestein-wintrac-4-xtreme-265-70-r16-112h","status":"publish","type":"product","link":"https:\/\/tor-auto.com\/ro\/product\/shiny-vredestein-wintrac-4-xtreme-265-70-r16-112h\/","title":{"rendered":"Anvelope Vredestein Wintrac 4 Xtreme 265\/70 R16 112H"},"content":{"rendered":"<p>Acestea sunt anvelopele de iarn\u0103 Vredestein Wintrac 4 XTREME pentru SUV-uri 4&#215;4. Wintrac 4 Xtreme este prima anvelop\u0103 de iarn\u0103 de \u00eenalt\u0103 performan\u021b\u0103 pentru SUV-uri, dezvoltat\u0103 cu participarea unui designer de renume mondial. Designul avansat Giugiaro \u0219i liniile fluide confer\u0103 acestei anvelope cu benzi de rulare \u00een form\u0103 de W un aspect puternic \u0219i impun\u0103tor.<\/p>\n","protected":false},"excerpt":{"rendered":"<table class=\"inftd\">\n<tbody>\n<tr class=\"odd\">\n<th>Tip de vehicul<\/th>\n<td class=\"wide\">SUV<\/td>\n<\/tr>\n<tr>\n<th>Sezonalitatea<\/th>\n<td class=\"wide\">iarn\u0103<\/td>\n<\/tr>\n<tr>\n<td colspan=\"2\">\n<h3>Marimea standard<\/h3>\n<\/td>\n<\/tr>\n<tr class=\"odd\">\n<th>L\u0103\u021bimea profilului<\/th>\n<td class=\"wide\">265<\/td>\n<\/tr>\n<tr>\n<th>\u00cen\u0103l\u021bimea profilului<\/th>\n<td class=\"wide\">70<\/td>\n<\/tr>\n<tr class=\"odd\">\n<th>Diametru<\/th>\n<td class=\"wide\">16<\/td>\n<\/tr>\n<\/tbody>\n<\/table>\n","protected":false},"featured_media":2331,"template":"","meta":{"inline_featured_image":false,"_exactmetrics_skip_tracking":false,"_exactmetrics_sitenote_active":false,"_exactmetrics_sitenote_note":"","_exactmetrics_sitenote_category":0},"product_brand":[],"product_cat":[185,203],"product_tag":[],"class_list":{"0":"post-24446","1":"product","2":"type-product","3":"status-publish","4":"has-post-thumbnail","6":"product_cat-vredestein","7":"product_cat-anvelope","8":"pa_diametr-16-ro","9":"pa_proporcionalnost-70-ro","10":"pa_sezonnost-iarna","11":"pa_sirina-profilja-265-ro","13":"first","14":"outofstock","15":"sale","16":"shipping-taxable","17":"product-type-simple"},"_links":{"self":[{"href":"https:\/\/tor-auto.com\/ro\/wp-json\/wp\/v2\/product\/24446","targetHints":{"allow":["GET"]}}],"collection":[{"href":"https:\/\/tor-auto.com\/ro\/wp-json\/wp\/v2\/product"}],"about":[{"href":"https:\/\/tor-auto.com\/ro\/wp-json\/wp\/v2\/types\/product"}],"wp:featuredmedia":[{"embeddable":true,"href":"https:\/\/tor-auto.com\/ro\/wp-json\/wp\/v2\/media\/2331"}],"wp:attachment":[{"href":"https:\/\/tor-auto.com\/ro\/wp-json\/wp\/v2\/media?parent=24446"}],"wp:term":[{"taxonomy":"product_brand","embeddable":true,"href":"https:\/\/tor-auto.com\/ro\/wp-json\/wp\/v2\/product_brand?post=24446"},{"taxonomy":"product_cat","embeddable":true,"href":"https:\/\/tor-auto.com\/ro\/wp-json\/wp\/v2\/product_cat?post=24446"},{"taxonomy":"product_tag","embeddable":true,"href":"https:\/\/tor-auto.com\/ro\/wp-json\/wp\/v2\/product_tag?post=24446"}],"curies":[{"name":"wp","href":"https:\/\/api.w.org\/{rel}","templated":true}]}}