{"id":24441,"date":"2019-01-16T16:32:08","date_gmt":"2024-01-23T09:56:01","guid":{"rendered":"https:\/\/tor-auto.com\/shop\/anvelope-vredestein-quatrac-2-195-60-r15-88h\/"},"modified":"2024-01-23T11:56:01","modified_gmt":"2024-01-23T09:56:01","slug":"shiny-vredestein-quatrac-2-195-60-r15-h88","status":"publish","type":"product","link":"https:\/\/tor-auto.com\/ro\/product\/shiny-vredestein-quatrac-2-195-60-r15-h88\/","title":{"rendered":"Anvelope Vredestein Quatrac 2 195\/60 R15 88H"},"content":{"rendered":"<div class=\"row ddesc a\">\n<div class=\"blotf\">\n<h2>Propriet\u0103\u021bi 195\/60 R15 88H Vredestein Quatrac 2<\/h2>\n<p align=\"justify\">Anvelopa pentru toate anotimpurile Vredestein Quatrac 2 este conceput\u0103 \u00een primul r\u00e2nd pentru clima european\u0103. Principala caracteristic\u0103 a acestei anvelope auto pentru toate anotimpurile este capacitatea sa de a fi utilizat\u0103 pe tot parcursul anului, ceea ce, \u00eempreun\u0103 cu durabilitatea, face ca func\u021bionarea sa s\u0103 fie extrem de profitabil\u0103.<\/p>\n<h3>Protector super versatil<\/h3>\n<p align=\"justify\">Anvelopa auto Vredestein Quatrac 2 pentru toate anotimpurile are o band\u0103 de rulare unic\u0103 care garanteaz\u0103 o aderen\u021b\u0103 puternic\u0103 pe orice suprafa\u021b\u0103 umed\u0103. O conexiune excelent\u0103 se realizeaz\u0103 datorit\u0103 num\u0103rului \u00eenmul\u021bit de margini \u00een form\u0103 de pan\u0103 formate din nenum\u0103rate blocuri, \u00eemp\u0103r\u021bindu-le prin jgheaburi de drenaj, \u0219i t\u0103ieturi \u00een blocurile profilului anvelopei. Pe l\u00e2ng\u0103 acestea, banda de rulare a unei anvelope pentru toate anotimpurile include caneluri suplimentare \u00een form\u0103 de lacrim\u0103. Fragmentele de mai sus usuc\u0103 suplimentar zona de leg\u0103tur\u0103, absorbind lichidul din traseu.<\/p>\n<h4>Cel mai bun profil al benzii de rulare<\/h4>\n<p align=\"justify\">Profilul benzii de rulare al unei anvelope auto pentru toate anotimpurile \u00een proiec\u021bia sa lateral\u0103 are o raz\u0103 variabil\u0103, care poate fi foarte mic\u0103 la marginea p\u0103r\u021bilor um\u0103rului cu pere\u021bii laterali. Aceast\u0103 inova\u021bie a garantat un num\u0103r mic de avantaje. \u00cen primul r\u00e2nd, aceasta este o m\u0103rire vizibil\u0103 a scarii zonei de conectare \u0219i care \u00eei confer\u0103 o form\u0103 aproape dreptunghiular\u0103. A doua caracteristic\u0103 \u00eembun\u0103t\u0103\u021be\u0219te considerabil caracteristicile de conectare, f\u0103c\u00e2ndu-le mai sigure \u0219i, de asemenea, reduce probabilitatea de uzur\u0103 neuniform\u0103 a unei anvelope auto pentru toate anotimpurile.<\/p>\n<h4>Specifica\u021bii importante ale Vredestein Quatrac 2<\/h4>\n<ul>\n<li>benzi de rulare multifunc\u021bionale care ofer\u0103 o trac\u021biune bun\u0103 at\u00e2t vara, c\u00e2t \u0219i iarna;<\/li>\n<li>Cadrul imbunatatit cu snur din metal imbunatateste rezistenta si capacitatea de transport a sarcinii anvelopelor pentru toate anotimpurile Vredestein Quatrac 2;<\/li>\n<li>forma \u00eembun\u0103t\u0103\u021bit\u0103 a profilului benzii de rulare \u00eembun\u0103t\u0103\u021be\u0219te manevrabilitatea \u0219i prelunge\u0219te durata de via\u021b\u0103 a unei anvelope pentru toate anotimpurile<\/li>\n<\/ul>\n<\/div>\n<\/div>\n<div class=\"row dlmore\">\n<div class=\"a\"><span class=\"t\">Colaps<\/span><\/div>\n<\/div>\n","protected":false},"excerpt":{"rendered":"<p>Propriet\u0103\u021bi 195\/60 R15 88H Vredestein Quatrac 2 Anvelopa pentru toate anotimpurile Vredestein Quatrac 2 este conceput\u0103 \u00een primul r\u00e2nd pentru clima european\u0103. Principala caracteristic\u0103 a acestei anvelope auto pentru toate anotimpurile este capacitatea sa de a fi utilizat\u0103 pe tot parcursul anului, ceea ce, \u00eempreun\u0103 cu durabilitatea, face ca func\u021bionarea sa s\u0103 fie extrem de [&#8230;]\n","protected":false},"featured_media":2317,"template":"","meta":{"inline_featured_image":false,"_exactmetrics_skip_tracking":false,"_exactmetrics_sitenote_active":false,"_exactmetrics_sitenote_note":"","_exactmetrics_sitenote_category":0},"product_brand":[],"product_cat":[185,203],"product_tag":[],"class_list":{"0":"post-24441","1":"product","2":"type-product","3":"status-publish","4":"has-post-thumbnail","6":"product_cat-vredestein","7":"product_cat-anvelope","8":"pa_diametr-15-ro","9":"pa_proporcionalnost-65-ro","10":"pa_sezonnost-all-seazon","11":"pa_sirina-profilja-205-ro","13":"first","14":"instock","15":"sale","16":"shipping-taxable","17":"product-type-simple"},"_links":{"self":[{"href":"https:\/\/tor-auto.com\/ro\/wp-json\/wp\/v2\/product\/24441","targetHints":{"allow":["GET"]}}],"collection":[{"href":"https:\/\/tor-auto.com\/ro\/wp-json\/wp\/v2\/product"}],"about":[{"href":"https:\/\/tor-auto.com\/ro\/wp-json\/wp\/v2\/types\/product"}],"wp:featuredmedia":[{"embeddable":true,"href":"https:\/\/tor-auto.com\/ro\/wp-json\/wp\/v2\/media\/2317"}],"wp:attachment":[{"href":"https:\/\/tor-auto.com\/ro\/wp-json\/wp\/v2\/media?parent=24441"}],"wp:term":[{"taxonomy":"product_brand","embeddable":true,"href":"https:\/\/tor-auto.com\/ro\/wp-json\/wp\/v2\/product_brand?post=24441"},{"taxonomy":"product_cat","embeddable":true,"href":"https:\/\/tor-auto.com\/ro\/wp-json\/wp\/v2\/product_cat?post=24441"},{"taxonomy":"product_tag","embeddable":true,"href":"https:\/\/tor-auto.com\/ro\/wp-json\/wp\/v2\/product_tag?post=24441"}],"curies":[{"name":"wp","href":"https:\/\/api.w.org\/{rel}","templated":true}]}}