{"id":24435,"date":"2019-01-17T11:00:44","date_gmt":"2024-01-23T09:16:30","guid":{"rendered":"https:\/\/tor-auto.com\/shop\/anvelope-vredestein-ultrac-cento-235-55-zr-17\/"},"modified":"2024-01-23T11:16:30","modified_gmt":"2024-01-23T09:16:30","slug":"shiny-vredestein-ultrac-cento-235-55-zr-17","status":"publish","type":"product","link":"https:\/\/tor-auto.com\/ro\/product\/shiny-vredestein-ultrac-cento-235-55-zr-17\/","title":{"rendered":"Anvelope VREDESTEIN Ultrac Cento 235\/55 ZR 17"},"content":{"rendered":"<p>Vredestein Ultrac Cento<\/p>\n<p>Vredestein prezint\u0103 o nou\u0103 anvelop\u0103 de var\u0103 UHP &#8211; Ultrac Cento<\/p>\n<p>Designul benzii de rulare se bazeaz\u0103 pe filozofia \u201emai pu\u021bin este mai mult\u201d &#8211; minimalism, stil \u0219i func\u021bionalitate. Umbrirea celor dou\u0103 canale circulare subliniaz\u0103 designul elegant, iar indicele de vitez\u0103 Y confirm\u0103 capacitatea anvelopei de a face fa\u021b\u0103 la viteze de p\u00e2n\u0103 la 300 km\/h. Astfel, anvelopa Ultrac Cento este ideal\u0103 pentru ma\u0219inile de mare vitez\u0103 cu confort sporit.<\/p>\n<p>Anvelopa prezint\u0103 o rezisten\u021b\u0103 sc\u0103zut\u0103 la rulare, ceea ce o face eficient\u0103 din punct de vedere al consumului de combustibil. Rezisten\u021ba sc\u0103zut\u0103 la rulare se datoreaz\u0103 par\u021bial unui compus inteligent de cauciuc care genereaz\u0103 c\u0103ldur\u0103 minim\u0103. Ad\u00e2ncimea canelurilor \u0219i conturul anvelopei contribuie, de asemenea, la reducerea rezisten\u021bei la rulare. Canelurile din zona umerilor sunt putin mai superficiale, ceea ce imbunatateste performanta, reduce rezistenta la rulare si creste rezistenta la uzura. \u00cen compara\u021bie cu alte anvelope din aceast\u0103 categorie, Ultrac Cento este extrem de u\u0219oar\u0103. Utilizarea eficient\u0103 a materialelor compozite a f\u0103cut posibil\u0103 crearea unei anvelope care este deosebit de confortabil\u0103.<\/p>\n<p>Aderen\u021b\u0103 uscat\u0103\/umed\u0103<\/p>\n<p>Compozi\u021bia unic\u0103 a compusului de cauciuc garanteaz\u0103 o c\u0103l\u0103torie stabil\u0103, stabilitate direc\u021bional\u0103 clar\u0103 \u0219i distan\u021be scurte de fr\u00e2nare<\/p>\n<p>Conturul rotunjit al anvelopei ofer\u0103 confort maxim<\/p>\n<p>O canelur\u0103 rigid\u0103 \u00een partea central\u0103 a benzii de rulare spore\u0219te stabilitatea direc\u021bional\u0103<\/p>\n<p>Pe suprafe\u021bele umede, anvelopa demonstreaz\u0103 calit\u0103\u021bi excelente de aderen\u021b\u0103 \u0219i de pornire &#8211; calit\u0103\u021bi care sunt \u00eentotdeauna asociate cu marca Vredestein<\/p>\n<p>Patru canale longitudinale func\u021bioneaz\u0103 rapid \u0219i precis pentru a drena apa, minimiz\u00e2nd riscul de acvaplare &#8211; anvelopa pur \u0219i simplu \u201etaie\u201d apa de pe suprafa\u021ba drumului<\/p>\n","protected":false},"excerpt":{"rendered":"<table class=\"inftd\" style=\"height: 57px;\" width=\"239\">\n<tbody>\n<tr class=\"odd\">\n<th>Tip de vehicul<\/th>\n<td class=\"wide\">autoturism<\/td>\n<\/tr>\n<tr>\n<th>Sezonalitatea<\/th>\n<td class=\"wide\">var\u0103<\/td>\n<\/tr>\n<\/tbody>\n<\/table>\n<table class=\"inftd\" style=\"height: 85px;\" width=\"196\">\n<tbody>\n<tr class=\"odd\">\n<th>L\u0103\u021bimea profilului<\/th>\n<td class=\"wide\">235<\/td>\n<\/tr>\n<tr>\n<th>\u00cen\u0103l\u021bimea profilului<\/th>\n<td class=\"wide\">55<\/td>\n<\/tr>\n<tr class=\"odd\">\n<th>Diametru<\/th>\n<td class=\"wide\">17<\/td>\n<\/tr>\n<\/tbody>\n<\/table>\n","protected":false},"featured_media":2337,"template":"","meta":{"inline_featured_image":false,"_exactmetrics_skip_tracking":false,"_exactmetrics_sitenote_active":false,"_exactmetrics_sitenote_note":"","_exactmetrics_sitenote_category":0},"product_brand":[],"product_cat":[185,203],"product_tag":[],"class_list":{"0":"post-24435","1":"product","2":"type-product","3":"status-publish","4":"has-post-thumbnail","6":"product_cat-vredestein","7":"product_cat-anvelope","8":"pa_diametr-17-ro","9":"pa_proporcionalnost-55-ro","10":"pa_sezonnost-vara","11":"pa_sirina-profilja-235-ro","13":"first","14":"instock","15":"sale","16":"shipping-taxable","17":"product-type-simple"},"_links":{"self":[{"href":"https:\/\/tor-auto.com\/ro\/wp-json\/wp\/v2\/product\/24435","targetHints":{"allow":["GET"]}}],"collection":[{"href":"https:\/\/tor-auto.com\/ro\/wp-json\/wp\/v2\/product"}],"about":[{"href":"https:\/\/tor-auto.com\/ro\/wp-json\/wp\/v2\/types\/product"}],"wp:featuredmedia":[{"embeddable":true,"href":"https:\/\/tor-auto.com\/ro\/wp-json\/wp\/v2\/media\/2337"}],"wp:attachment":[{"href":"https:\/\/tor-auto.com\/ro\/wp-json\/wp\/v2\/media?parent=24435"}],"wp:term":[{"taxonomy":"product_brand","embeddable":true,"href":"https:\/\/tor-auto.com\/ro\/wp-json\/wp\/v2\/product_brand?post=24435"},{"taxonomy":"product_cat","embeddable":true,"href":"https:\/\/tor-auto.com\/ro\/wp-json\/wp\/v2\/product_cat?post=24435"},{"taxonomy":"product_tag","embeddable":true,"href":"https:\/\/tor-auto.com\/ro\/wp-json\/wp\/v2\/product_tag?post=24435"}],"curies":[{"name":"wp","href":"https:\/\/api.w.org\/{rel}","templated":true}]}}