{"id":24428,"date":"2019-01-04T13:10:42","date_gmt":"2024-01-23T08:17:04","guid":{"rendered":"https:\/\/tor-auto.com\/shop\/baterie-cr2016-philips\/"},"modified":"2024-01-23T10:17:04","modified_gmt":"2024-01-23T08:17:04","slug":"batarejka-cr2016-philips","status":"publish","type":"product","link":"https:\/\/tor-auto.com\/ro\/product\/batarejka-cr2016-philips\/","title":{"rendered":"Baterie CR2016 PHILIPS"},"content":{"rendered":"<div>O baterie cu litiu CR este cu o treime mai u\u0219oar\u0103 dec\u00e2t o baterie alcalin\u0103. Deoarece litiul este un element chimic foarte activ, din acest motiv, aceast\u0103 surs\u0103 de curent are dimensiuni \u0219i greutate minime.<\/div>\n<div>Principalul avantaj al unei baterii CR este densitatea sa mare de energie, care garanteaz\u0103 o \u00eenc\u0103rcare mare. Prin urmare, o baterie cu litiu poate oferi timp de func\u021bionare maxim. Un alt avantaj al acestui tip de baterie este c\u0103 poate func\u021biona impecabil chiar \u0219i la temperaturi ridicate.<\/div>\n","protected":false},"excerpt":{"rendered":"<ul class=\"prod-property-list\">\n<li>\n<div class=\"prod-property-left\">Factor de form\u0103: <span style=\"font-size: 14.4px;\">CR2016<\/span><\/div>\n<\/li>\n<li>\n<div class=\"prod-property-left\">Baterie: <span style=\"font-size: 14.4px;\">litiu, disc<\/span><\/div>\n<\/li>\n<li>\n<div class=\"prod-property-left\">Diametru: <span style=\"font-size: 14.4px;\">20 mm<\/span><\/div>\n<\/li>\n<li>\n<div class=\"prod-property-left\">\u00cen\u0103l\u0163ime: <span style=\"font-size: 14.4px;\">1,6 mm<\/span><\/div>\n<\/li>\n<li>\n<div class=\"prod-property-left\">Voltaj: <span style=\"font-size: 14.4px;\">3 V<\/span><\/div>\n<\/li>\n<\/ul>\n","protected":false},"featured_media":2173,"template":"","meta":{"inline_featured_image":false,"_exactmetrics_skip_tracking":false,"_exactmetrics_sitenote_active":false,"_exactmetrics_sitenote_note":"","_exactmetrics_sitenote_category":0},"product_brand":[],"product_cat":[265],"product_tag":[],"class_list":{"0":"post-24428","1":"product","2":"type-product","3":"status-publish","4":"has-post-thumbnail","6":"product_cat-baterii","8":"first","9":"instock","10":"shipping-taxable","11":"product-type-simple"},"_links":{"self":[{"href":"https:\/\/tor-auto.com\/ro\/wp-json\/wp\/v2\/product\/24428","targetHints":{"allow":["GET"]}}],"collection":[{"href":"https:\/\/tor-auto.com\/ro\/wp-json\/wp\/v2\/product"}],"about":[{"href":"https:\/\/tor-auto.com\/ro\/wp-json\/wp\/v2\/types\/product"}],"wp:featuredmedia":[{"embeddable":true,"href":"https:\/\/tor-auto.com\/ro\/wp-json\/wp\/v2\/media\/2173"}],"wp:attachment":[{"href":"https:\/\/tor-auto.com\/ro\/wp-json\/wp\/v2\/media?parent=24428"}],"wp:term":[{"taxonomy":"product_brand","embeddable":true,"href":"https:\/\/tor-auto.com\/ro\/wp-json\/wp\/v2\/product_brand?post=24428"},{"taxonomy":"product_cat","embeddable":true,"href":"https:\/\/tor-auto.com\/ro\/wp-json\/wp\/v2\/product_cat?post=24428"},{"taxonomy":"product_tag","embeddable":true,"href":"https:\/\/tor-auto.com\/ro\/wp-json\/wp\/v2\/product_tag?post=24428"}],"curies":[{"name":"wp","href":"https:\/\/api.w.org\/{rel}","templated":true}]}}