{"id":24426,"date":"2019-01-14T11:07:53","date_gmt":"2024-01-23T08:06:12","guid":{"rendered":"https:\/\/tor-auto.com\/shop\/ulei-transmisie-mobil-atf-220-dexron-ii-1l\/"},"modified":"2024-01-23T10:06:12","modified_gmt":"2024-01-23T08:06:12","slug":"maslo-transmissionnoe-mobil-atf-220-dexron-ii-1l","status":"publish","type":"product","link":"https:\/\/tor-auto.com\/ro\/product\/maslo-transmissionnoe-mobil-atf-220-dexron-ii-1l\/","title":{"rendered":"Ulei transmisie Mobil ATF 220 DEXRON II 1l"},"content":{"rendered":"<p>Ulei de transmisie <strong>Mobil ATF 220 DEXRON II<\/strong> &#8211; fluid de transmisie automata Mobil ATF 220 este un fluid de inalta performanta pentru transmisiile automate ale vehiculelor mai vechi care necesita uleiuri conform specificatiei Dexron IID. Acest fluid este folosit \u0219i ca fluid hidraulic \u00een unele sisteme hidraulice speciale \u0219i \u00een sistemele de servodirec\u021bie.<\/p>\n<p>Mobil ATF 220 este formulat din uleiuri de baz\u0103 de \u00eenalt\u0103 calitate \u0219i un sistem special de aditivi care include antioxidare, antispum\u0103 \u0219i \u00eembun\u0103t\u0103\u021bitori ai indicelui de v\u00e2scozitate pentru a men\u021bine performan\u021ba de frecare, propriet\u0103\u021bile anti-uzur\u0103 \u0219i performan\u021ba general\u0103 a transmisiei netede. Acest ulei asigur\u0103 o func\u021bionare fiabil\u0103 \u00een diferite moduri \u0219i condi\u021bii de conducere \u0219i este utilizat pe scar\u0103 larg\u0103 \u00een transmisiile automate ale ma\u0219inilor fabricate \u00eenainte de 1994.<\/p>\n<p>Mobil ATF 220 este recomandat \u00een transmisiile automate \u0219i unele manuale ale autoturismelor \u0219i camioanelor u\u0219oare, precum \u0219i \u00een sistemele de servodirec\u021bie care necesit\u0103 uleiuri de calitate Dexron IID. Acest ulei este utilizat \u00een unele sisteme hidraulice ale ma\u0219inilor agricole \u0219i alte echipamente care impun cerin\u021be similare uleiului. Pentru a evita erorile, se recomand\u0103 s\u0103 verifica\u021bi instruc\u021biunile produc\u0103torului echipamentului.<\/p>\n<p>Alte aplica\u021bii includ:<\/p>\n<ul>\n<li>Transmisii, servodirec\u021bie \u0219i alte sisteme hidraulice ale vehiculelor de teren care necesit\u0103 utilizarea uleiurilor Dexron IID sau Allison C-4.<\/li>\n<li>Sisteme hidraulice ale echipamentelor industriale<\/li>\n<\/ul>\n","protected":false},"excerpt":{"rendered":"<table class=\"table-data-sheet\" style=\"height: 107px;\" width=\"275\">\n<tbody>\n<tr class=\"odd\">\n<td>Tipul de ulei<\/td>\n<td>Transmitere<\/td>\n<\/tr>\n<tr class=\"even\">\n<td>Compozi\u021bia uleiului<\/td>\n<td>Mineral<\/td>\n<\/tr>\n<tr class=\"odd\">\n<td>Viscozitate<\/td>\n<td>DEXRONII<\/td>\n<\/tr>\n<tr class=\"even\">\n<td>Volum<\/td>\n<td>1 l<\/td>\n<\/tr>\n<\/tbody>\n<\/table>\n","protected":false},"featured_media":2237,"template":"","meta":{"inline_featured_image":false,"_exactmetrics_skip_tracking":false,"_exactmetrics_sitenote_active":false,"_exactmetrics_sitenote_note":"","_exactmetrics_sitenote_category":0},"product_brand":[],"product_cat":[249,250,173],"product_tag":[],"class_list":{"0":"post-24426","1":"product","2":"type-product","3":"status-publish","4":"has-post-thumbnail","6":"product_cat-uleiuri-de-motor","7":"product_cat-produse-chimice-auto","8":"product_cat-mobil","10":"first","11":"instock","12":"shipping-taxable","13":"product-type-simple"},"_links":{"self":[{"href":"https:\/\/tor-auto.com\/ro\/wp-json\/wp\/v2\/product\/24426","targetHints":{"allow":["GET"]}}],"collection":[{"href":"https:\/\/tor-auto.com\/ro\/wp-json\/wp\/v2\/product"}],"about":[{"href":"https:\/\/tor-auto.com\/ro\/wp-json\/wp\/v2\/types\/product"}],"wp:featuredmedia":[{"embeddable":true,"href":"https:\/\/tor-auto.com\/ro\/wp-json\/wp\/v2\/media\/2237"}],"wp:attachment":[{"href":"https:\/\/tor-auto.com\/ro\/wp-json\/wp\/v2\/media?parent=24426"}],"wp:term":[{"taxonomy":"product_brand","embeddable":true,"href":"https:\/\/tor-auto.com\/ro\/wp-json\/wp\/v2\/product_brand?post=24426"},{"taxonomy":"product_cat","embeddable":true,"href":"https:\/\/tor-auto.com\/ro\/wp-json\/wp\/v2\/product_cat?post=24426"},{"taxonomy":"product_tag","embeddable":true,"href":"https:\/\/tor-auto.com\/ro\/wp-json\/wp\/v2\/product_tag?post=24426"}],"curies":[{"name":"wp","href":"https:\/\/api.w.org\/{rel}","templated":true}]}}