{"id":24412,"date":"2019-01-14T15:46:28","date_gmt":"2024-01-19T13:00:52","guid":{"rendered":"https:\/\/tor-auto.com\/shop\/leol-quattro-forward-80w85-1l-gl-4\/"},"modified":"2024-01-19T15:00:52","modified_gmt":"2024-01-19T13:00:52","slug":"leol-quattro-forvard-80w85-1l-gl-4","status":"publish","type":"product","link":"https:\/\/tor-auto.com\/ro\/product\/leol-quattro-forvard-80w85-1l-gl-4\/","title":{"rendered":"LEOL Quattro Forward 80W85 1L GL-4"},"content":{"rendered":"<p>Ulei de transmisie LEOL QUATTRO \u00eenainte SAE 80W-85, API GL-4 &#8211; ulei de transmisie pentru utilizare \u00een angrenaje conice, conice spiralate, cilindrice \u0219i hipoide. Recomandat pentru utilizare \u00een ma\u0219ini moderne cu trac\u021biune fa\u021b\u0103, camionete, camionete \u0219i microbuze de orice marc\u0103. Caracteristici: \u2014 asigur\u0103 o lubrifiere excelent\u0103 a pieselor transmisiei la orice temperatur\u0103 \u0219i atunci c\u00e2nd func\u021bioneaz\u0103 la sarcini maxime, ceea ce reduce uzura pieselor \u0219i, prin urmare, prelunge\u0219te durata de via\u021b\u0103 a acestora; \u2014 are propriet\u0103\u021bi excelente de temperatur\u0103 sc\u0103zut\u0103, ceea ce asigur\u0103 func\u021bionarea fiabil\u0103 a transmisiei \u00een timpul iernii; \u2014 caracterizat printr-o stabilitate ridicat\u0103 la forfecare, de ex. v\u00e2scozitatea practic nu se modific\u0103 \u0219i rezisten\u021b\u0103 ridicat\u0103 la oxidarea termic\u0103, ceea ce cre\u0219te durata de via\u021b\u0103 a uleiului \u0219i intervalele de \u00eenlocuire ale acestuia; \u2014 are propriet\u0103\u021bi anticorozive ridicate, care asigur\u0103 o protec\u021bie fiabil\u0103 a pieselor tuturor tipurilor de angrenaje \u00eempotriva coroziunii.<\/p>\n","protected":false},"excerpt":{"rendered":"<p>SAE 80W-85;<\/p>\n<p>API GL-4;<\/p>\n<p>Mercedes-Benz 235.0;<\/p>\n<p>ZF TE-ML 02A\/08A.<\/p>\n","protected":false},"featured_media":2275,"template":"","meta":{"inline_featured_image":false,"_exactmetrics_skip_tracking":false,"_exactmetrics_sitenote_active":false,"_exactmetrics_sitenote_note":"","_exactmetrics_sitenote_category":0},"product_brand":[],"product_cat":[249,250,188],"product_tag":[],"class_list":{"0":"post-24412","1":"product","2":"type-product","3":"status-publish","4":"has-post-thumbnail","6":"product_cat-uleiuri-de-motor","7":"product_cat-produse-chimice-auto","8":"product_cat-leol","10":"first","11":"instock","12":"shipping-taxable","13":"product-type-simple"},"_links":{"self":[{"href":"https:\/\/tor-auto.com\/ro\/wp-json\/wp\/v2\/product\/24412","targetHints":{"allow":["GET"]}}],"collection":[{"href":"https:\/\/tor-auto.com\/ro\/wp-json\/wp\/v2\/product"}],"about":[{"href":"https:\/\/tor-auto.com\/ro\/wp-json\/wp\/v2\/types\/product"}],"wp:featuredmedia":[{"embeddable":true,"href":"https:\/\/tor-auto.com\/ro\/wp-json\/wp\/v2\/media\/2275"}],"wp:attachment":[{"href":"https:\/\/tor-auto.com\/ro\/wp-json\/wp\/v2\/media?parent=24412"}],"wp:term":[{"taxonomy":"product_brand","embeddable":true,"href":"https:\/\/tor-auto.com\/ro\/wp-json\/wp\/v2\/product_brand?post=24412"},{"taxonomy":"product_cat","embeddable":true,"href":"https:\/\/tor-auto.com\/ro\/wp-json\/wp\/v2\/product_cat?post=24412"},{"taxonomy":"product_tag","embeddable":true,"href":"https:\/\/tor-auto.com\/ro\/wp-json\/wp\/v2\/product_tag?post=24412"}],"curies":[{"name":"wp","href":"https:\/\/api.w.org\/{rel}","templated":true}]}}