{"id":24406,"date":"2019-01-02T16:20:54","date_gmt":"2024-01-19T08:30:39","guid":{"rendered":"https:\/\/tor-auto.com\/shop\/anvelope-hankook-tire-winter-i-pike-rs2-w429-185-65-r14-90t\/"},"modified":"2024-01-19T10:30:39","modified_gmt":"2024-01-19T08:30:39","slug":"shiny-hankook-tire-winter-pike-rs2-w429-185-65-r14-90t","status":"publish","type":"product","link":"https:\/\/tor-auto.com\/ro\/product\/shiny-hankook-tire-winter-pike-rs2-w429-185-65-r14-90t\/","title":{"rendered":"Anvelope Hankook Tire Winter i*Pike RS2 W429 185\/65 R14 90T"},"content":{"rendered":"","protected":false},"excerpt":{"rendered":"<ul>\n<li>cauciucuri de iarna, cu ghimpuri<\/li>\n<li>pentru autoturism<\/li>\n<li>dimensiune 185\/65 R14<\/li>\n<li>indice de vitez\u0103 T (p\u00e2n\u0103 la 190 km\/h)<\/li>\n<li>indice de sarcin\u0103 90 (600 kg)<\/li>\n<\/ul>\n","protected":false},"featured_media":2119,"template":"","meta":{"inline_featured_image":false,"_exactmetrics_skip_tracking":false,"_exactmetrics_sitenote_active":false,"_exactmetrics_sitenote_note":"","_exactmetrics_sitenote_category":0},"product_brand":[],"product_cat":[203],"product_tag":[],"class_list":{"0":"post-24406","1":"product","2":"type-product","3":"status-publish","4":"has-post-thumbnail","6":"product_cat-anvelope","7":"pa_diametr-14-ro","8":"pa_proporcionalnost-65-ro","9":"pa_sezonnost-iarna","10":"pa_sirina-profilja-185-ro","12":"first","13":"outofstock","14":"shipping-taxable","15":"product-type-simple"},"_links":{"self":[{"href":"https:\/\/tor-auto.com\/ro\/wp-json\/wp\/v2\/product\/24406","targetHints":{"allow":["GET"]}}],"collection":[{"href":"https:\/\/tor-auto.com\/ro\/wp-json\/wp\/v2\/product"}],"about":[{"href":"https:\/\/tor-auto.com\/ro\/wp-json\/wp\/v2\/types\/product"}],"wp:featuredmedia":[{"embeddable":true,"href":"https:\/\/tor-auto.com\/ro\/wp-json\/wp\/v2\/media\/2119"}],"wp:attachment":[{"href":"https:\/\/tor-auto.com\/ro\/wp-json\/wp\/v2\/media?parent=24406"}],"wp:term":[{"taxonomy":"product_brand","embeddable":true,"href":"https:\/\/tor-auto.com\/ro\/wp-json\/wp\/v2\/product_brand?post=24406"},{"taxonomy":"product_cat","embeddable":true,"href":"https:\/\/tor-auto.com\/ro\/wp-json\/wp\/v2\/product_cat?post=24406"},{"taxonomy":"product_tag","embeddable":true,"href":"https:\/\/tor-auto.com\/ro\/wp-json\/wp\/v2\/product_tag?post=24406"}],"curies":[{"name":"wp","href":"https:\/\/api.w.org\/{rel}","templated":true}]}}