{"id":24402,"date":"2019-01-04T09:54:54","date_gmt":"2024-01-19T08:09:25","guid":{"rendered":"https:\/\/tor-auto.com\/shop\/baterie-gp-super-aa-lr06-15a-alcalina\/"},"modified":"2024-01-19T10:09:25","modified_gmt":"2024-01-19T08:09:25","slug":"batarejka-gp-super-aa-lr06-15a-alkalinovaja-sb4","status":"publish","type":"product","link":"https:\/\/tor-auto.com\/ro\/product\/batarejka-gp-super-aa-lr06-15a-alkalinovaja-sb4\/","title":{"rendered":"Baterie GP Super AA (LR06) 15A alcalin\u0103"},"content":{"rendered":"<p>Bateriile alcaline sau alcaline au o capacitate mai mare (2500-3200 mAh) dec\u00e2t bateriile cu sare \u0219i sunt recomandate pentru utilizarea \u00een dispozitive consumatoare de energie: camere foto, juc\u0103rii, lanterne etc. Pentru astfel de dispozitive, cump\u0103ra\u021bi o baterie GP Super Alkaline. GP Super Alkaline a devenit deja una dintre cele mai populare baterii datorit\u0103 calit\u0103\u021bii sale ridicate \u0219i pre\u021bului accesibil. Pretul este pentru o baterie<\/p>\n","protected":false},"excerpt":{"rendered":"<div class=\"src-components-Table--tr src-components-Product-PropertyTable--trProductOne src-components-Product-PropertyTable--trBase\">\n<div class=\"src-components-Table--td src-components-Product-PropertyTable--overflow src-components-Product-PropertyTable--tdLeftProductOne\">Marimea <span style=\"font-size: 14.4px;\">AA<\/span><\/div>\n<\/div>\n<div class=\"src-components-Table--tr src-components-Product-PropertyTable--trProductOne src-components-Product-PropertyTable--trBase\">\n<div class=\"src-components-Table--td src-components-Product-PropertyTable--overflow src-components-Product-PropertyTable--tdLeftProductOne\">Tip baterie <span style=\"font-size: 14.4px;\">alcalina<\/span><\/div>\n<\/div>\n<div class=\"src-components-Table--tr src-components-Product-PropertyTable--trProductOne src-components-Product-PropertyTable--trBase\">\n<div class=\"src-components-Table--td src-components-Product-PropertyTable--overflow src-components-Product-PropertyTable--tdLeftProductOne\">Compozi\u021bia chimic\u0103 a bateriilor <span style=\"font-size: 14.4px;\">alcaline<\/span><\/div>\n<\/div>\n<div class=\"src-components-Table--tr src-components-Product-PropertyTable--trProductOne src-components-Product-PropertyTable--trBase\">\n<div class=\"src-components-Table--td src-components-Product-PropertyTable--overflow src-components-Product-PropertyTable--tdLeftProductOne\">Tensiune nominal\u0103 <span style=\"font-size: 14.4px;\">1,5 V<\/span><\/div>\n<\/div>\n<div class=\"src-components-Table--tr src-components-Product-PropertyTable--trProductOne src-components-Product-PropertyTable--trBase\">\n<div class=\"src-components-Table--td src-components-Product-PropertyTable--overflow src-components-Product-PropertyTable--tdLeftProductOne\">Curent de desc\u0103rcare continu\u0103 (max) <span style=\"font-size: 14.4px;\">10 Ohmi, 19,5 \u041drs<\/span><\/div>\n<\/div>\n<div class=\"src-components-Table--tr src-components-Product-PropertyTable--trProductOne src-components-Product-PropertyTable--trBase\">\n<div class=\"src-components-Table--td src-components-Product-PropertyTable--overflow src-components-Product-PropertyTable--tdLeftProductOne\">Dimensiune <span style=\"font-size: 14.4px;\">14,5*50,5 mm<\/span><\/div>\n<\/div>\n","protected":false},"featured_media":2133,"template":"","meta":{"inline_featured_image":false,"_exactmetrics_skip_tracking":false,"_exactmetrics_sitenote_active":false,"_exactmetrics_sitenote_note":"","_exactmetrics_sitenote_category":0},"product_brand":[],"product_cat":[265],"product_tag":[],"class_list":{"0":"post-24402","1":"product","2":"type-product","3":"status-publish","4":"has-post-thumbnail","6":"product_cat-baterii","8":"first","9":"instock","10":"shipping-taxable","11":"product-type-simple"},"_links":{"self":[{"href":"https:\/\/tor-auto.com\/ro\/wp-json\/wp\/v2\/product\/24402","targetHints":{"allow":["GET"]}}],"collection":[{"href":"https:\/\/tor-auto.com\/ro\/wp-json\/wp\/v2\/product"}],"about":[{"href":"https:\/\/tor-auto.com\/ro\/wp-json\/wp\/v2\/types\/product"}],"wp:featuredmedia":[{"embeddable":true,"href":"https:\/\/tor-auto.com\/ro\/wp-json\/wp\/v2\/media\/2133"}],"wp:attachment":[{"href":"https:\/\/tor-auto.com\/ro\/wp-json\/wp\/v2\/media?parent=24402"}],"wp:term":[{"taxonomy":"product_brand","embeddable":true,"href":"https:\/\/tor-auto.com\/ro\/wp-json\/wp\/v2\/product_brand?post=24402"},{"taxonomy":"product_cat","embeddable":true,"href":"https:\/\/tor-auto.com\/ro\/wp-json\/wp\/v2\/product_cat?post=24402"},{"taxonomy":"product_tag","embeddable":true,"href":"https:\/\/tor-auto.com\/ro\/wp-json\/wp\/v2\/product_tag?post=24402"}],"curies":[{"name":"wp","href":"https:\/\/api.w.org\/{rel}","templated":true}]}}