{"id":24392,"date":"2019-01-04T12:21:38","date_gmt":"2024-01-15T15:19:18","guid":{"rendered":"https:\/\/tor-auto.com\/shop\/baterie-gp-cr2025\/"},"modified":"2024-01-15T17:19:18","modified_gmt":"2024-01-15T15:19:18","slug":"batarejka-gp-cr2025","status":"publish","type":"product","link":"https:\/\/tor-auto.com\/ro\/product\/batarejka-gp-cr2025\/","title":{"rendered":"Baterie GP CR2025"},"content":{"rendered":"<p>GP CR2025 &#8211; baterie litiu (1 buc.) cu densitate mare de putere. Tensiunea este de 3 V. Se caracterizeaz\u0103 printr-o func\u021bionare stabil\u0103 pe un domeniu larg de temperatur\u0103. Folosit \u00een ceasuri de m\u00e2n\u0103, echipamente fotografice, calculatoare, echipamente informatice.<\/p>\n","protected":false},"excerpt":{"rendered":"<table class=\"table-params table-no-bordered\">\n<tbody>\n<tr>\n<td class=\"table-part\" colspan=\"2\">Principalele caracteristici<\/td>\n<\/tr>\n<tr>\n<td>\n<div class=\"dots\">Tip<\/div>\n<\/td>\n<td>baterie<\/td>\n<\/tr>\n<tr>\n<td>\n<div class=\"dots\">Vedere<\/div>\n<\/td>\n<td>litiu<\/td>\n<\/tr>\n<tr>\n<td>\n<div class=\"dots\">Model<\/div>\n<\/td>\n<td>GP CR2025<\/td>\n<\/tr>\n<tr>\n<td>\n<div class=\"dots\">Factor de form\u0103<\/div>\n<\/td>\n<td>CR2025<\/td>\n<\/tr>\n<tr>\n<td>\n<div class=\"dots\">Voltaj<\/div>\n<\/td>\n<td>3 V<\/td>\n<\/tr>\n<tr>\n<td>\n<div class=\"dots\">Num\u0103rul de buc\u0103\u021bi dintr-un blister<\/div>\n<\/td>\n<td>1<\/td>\n<\/tr>\n<\/tbody>\n<\/table>\n","protected":false},"featured_media":2161,"template":"","meta":{"inline_featured_image":false,"_exactmetrics_skip_tracking":false,"_exactmetrics_sitenote_active":false,"_exactmetrics_sitenote_note":"","_exactmetrics_sitenote_category":0},"product_brand":[],"product_cat":[265],"product_tag":[],"class_list":{"0":"post-24392","1":"product","2":"type-product","3":"status-publish","4":"has-post-thumbnail","6":"product_cat-baterii","8":"first","9":"instock","10":"shipping-taxable","11":"product-type-simple"},"_links":{"self":[{"href":"https:\/\/tor-auto.com\/ro\/wp-json\/wp\/v2\/product\/24392","targetHints":{"allow":["GET"]}}],"collection":[{"href":"https:\/\/tor-auto.com\/ro\/wp-json\/wp\/v2\/product"}],"about":[{"href":"https:\/\/tor-auto.com\/ro\/wp-json\/wp\/v2\/types\/product"}],"wp:featuredmedia":[{"embeddable":true,"href":"https:\/\/tor-auto.com\/ro\/wp-json\/wp\/v2\/media\/2161"}],"wp:attachment":[{"href":"https:\/\/tor-auto.com\/ro\/wp-json\/wp\/v2\/media?parent=24392"}],"wp:term":[{"taxonomy":"product_brand","embeddable":true,"href":"https:\/\/tor-auto.com\/ro\/wp-json\/wp\/v2\/product_brand?post=24392"},{"taxonomy":"product_cat","embeddable":true,"href":"https:\/\/tor-auto.com\/ro\/wp-json\/wp\/v2\/product_cat?post=24392"},{"taxonomy":"product_tag","embeddable":true,"href":"https:\/\/tor-auto.com\/ro\/wp-json\/wp\/v2\/product_tag?post=24392"}],"curies":[{"name":"wp","href":"https:\/\/api.w.org\/{rel}","templated":true}]}}