{"id":24390,"date":"2024-01-15T17:14:21","date_gmt":"2024-01-15T15:14:21","guid":{"rendered":"https:\/\/tor-auto.com\/shop\/baterie-gp-cr1620\/"},"modified":"2024-01-15T17:14:21","modified_gmt":"2024-01-15T15:14:21","slug":"batarejka-gp-cr1620-2","status":"publish","type":"product","link":"https:\/\/tor-auto.com\/ro\/product\/batarejka-gp-cr1620-2\/","title":{"rendered":"Baterie GP CR1620"},"content":{"rendered":"<p>GP CR1620 este o baterie de \u00eenalt\u0103 calitate \u00eentr-un blister. Cu el, dispozitivul t\u0103u digital va func\u021biona mult timp \u0219i nu va e\u0219ua brusc \u00een cel mai crucial moment. GP CR1620 poate fi folosit \u00een ceasuri de m\u00e2n\u0103, echipamente fotografice, calculatoare, echipamente informatice.<\/p>\n","protected":false},"excerpt":{"rendered":"<table class=\"table-params table-no-bordered\">\n<tbody>\n<tr>\n<td>\n<div class=\"dots\">Tip<\/div>\n<\/td>\n<td>baterie<\/td>\n<\/tr>\n<tr>\n<td>\n<div class=\"dots\">Vedere<\/div>\n<\/td>\n<td>litiu<\/td>\n<\/tr>\n<tr>\n<td>\n<div class=\"dots\">Model<\/div>\n<\/td>\n<td>GP CR1620<\/td>\n<\/tr>\n<tr>\n<td>\n<div class=\"dots\">Factor de form\u0103<\/div>\n<\/td>\n<td>CR1620<\/td>\n<\/tr>\n<tr>\n<td>\n<div class=\"dots\">Voltaj<\/div>\n<\/td>\n<td>3 V<\/td>\n<\/tr>\n<tr>\n<td>\n<div class=\"dots\">Num\u0103rul de buc\u0103\u021bi dintr-un blister<\/div>\n<\/td>\n<td>1<\/td>\n<\/tr>\n<\/tbody>\n<\/table>\n","protected":false},"featured_media":0,"template":"","meta":{"inline_featured_image":false,"_exactmetrics_skip_tracking":false,"_exactmetrics_sitenote_active":false,"_exactmetrics_sitenote_note":"","_exactmetrics_sitenote_category":0},"product_brand":[],"product_cat":[19],"product_tag":[],"class_list":{"0":"post-24390","1":"product","2":"type-product","3":"status-publish","5":"product_cat-uncategorized","7":"first","8":"instock","9":"shipping-taxable","10":"product-type-simple"},"_links":{"self":[{"href":"https:\/\/tor-auto.com\/ro\/wp-json\/wp\/v2\/product\/24390","targetHints":{"allow":["GET"]}}],"collection":[{"href":"https:\/\/tor-auto.com\/ro\/wp-json\/wp\/v2\/product"}],"about":[{"href":"https:\/\/tor-auto.com\/ro\/wp-json\/wp\/v2\/types\/product"}],"wp:attachment":[{"href":"https:\/\/tor-auto.com\/ro\/wp-json\/wp\/v2\/media?parent=24390"}],"wp:term":[{"taxonomy":"product_brand","embeddable":true,"href":"https:\/\/tor-auto.com\/ro\/wp-json\/wp\/v2\/product_brand?post=24390"},{"taxonomy":"product_cat","embeddable":true,"href":"https:\/\/tor-auto.com\/ro\/wp-json\/wp\/v2\/product_cat?post=24390"},{"taxonomy":"product_tag","embeddable":true,"href":"https:\/\/tor-auto.com\/ro\/wp-json\/wp\/v2\/product_tag?post=24390"}],"curies":[{"name":"wp","href":"https:\/\/api.w.org\/{rel}","templated":true}]}}