{"id":24384,"date":"2019-01-04T12:33:59","date_gmt":"2024-01-15T15:08:28","guid":{"rendered":"https:\/\/tor-auto.com\/shop\/baterie-gp-cr1616\/"},"modified":"2024-01-15T17:08:28","modified_gmt":"2024-01-15T15:08:28","slug":"batarejka-gp-cr1616","status":"publish","type":"product","link":"https:\/\/tor-auto.com\/ro\/product\/batarejka-gp-cr1616\/","title":{"rendered":"Baterie GP CR1616"},"content":{"rendered":"<p>Au o tensiune mai mare dec\u00e2t sursele de curent ale altor sisteme electrochimice.<br \/>\nTensiunea celulelor cu disc cu litiu este de 3 V, bateriile cu litiu 3-6 V.<br \/>\nBateriile cu litiu au un nivel sc\u0103zut de auto-desc\u0103rcare (nu mai mult de 2% pe an) \u0219i o durat\u0103 de via\u021b\u0103 lung\u0103 (5 &#8211; 10 ani).<br \/>\nSe caracterizeaz\u0103 printr-o func\u021bionare stabil\u0103 \u00eentr-un interval larg de temperatur\u0103 (de la -30 la +65\u00b0C).<br \/>\nFolosit \u00een ceasuri de m\u00e2n\u0103, echipamente fotografice, calculatoare \u0219i echipamente informatice.<\/p>\n","protected":false},"excerpt":{"rendered":"<table class=\"table-params table-no-bordered\">\n<tbody>\n<tr>\n<td>\n<div class=\"dots\">Tip<\/div>\n<\/td>\n<td>baterie<\/td>\n<\/tr>\n<tr>\n<td>\n<div class=\"dots\">Vedere<\/div>\n<\/td>\n<td>litiu<\/td>\n<\/tr>\n<tr>\n<td>\n<div class=\"dots\">Model<\/div>\n<\/td>\n<td>GP CR1616<\/td>\n<\/tr>\n<tr>\n<td>\n<div class=\"dots\">Factor de form\u0103<\/div>\n<\/td>\n<td>CR1616<\/td>\n<\/tr>\n<tr>\n<td>\n<div class=\"dots\">Voltaj<\/div>\n<\/td>\n<td>3 V<\/td>\n<\/tr>\n<tr>\n<td>\n<div class=\"dots\">Num\u0103rul de buc\u0103\u021bi dintr-un blister<\/div>\n<\/td>\n<td>1<\/td>\n<\/tr>\n<\/tbody>\n<\/table>\n","protected":false},"featured_media":2167,"template":"","meta":{"inline_featured_image":false,"_exactmetrics_skip_tracking":false,"_exactmetrics_sitenote_active":false,"_exactmetrics_sitenote_note":"","_exactmetrics_sitenote_category":0},"product_brand":[],"product_cat":[265],"product_tag":[],"class_list":{"0":"post-24384","1":"product","2":"type-product","3":"status-publish","4":"has-post-thumbnail","6":"product_cat-baterii","8":"first","9":"instock","10":"shipping-taxable","11":"product-type-simple"},"_links":{"self":[{"href":"https:\/\/tor-auto.com\/ro\/wp-json\/wp\/v2\/product\/24384","targetHints":{"allow":["GET"]}}],"collection":[{"href":"https:\/\/tor-auto.com\/ro\/wp-json\/wp\/v2\/product"}],"about":[{"href":"https:\/\/tor-auto.com\/ro\/wp-json\/wp\/v2\/types\/product"}],"wp:featuredmedia":[{"embeddable":true,"href":"https:\/\/tor-auto.com\/ro\/wp-json\/wp\/v2\/media\/2167"}],"wp:attachment":[{"href":"https:\/\/tor-auto.com\/ro\/wp-json\/wp\/v2\/media?parent=24384"}],"wp:term":[{"taxonomy":"product_brand","embeddable":true,"href":"https:\/\/tor-auto.com\/ro\/wp-json\/wp\/v2\/product_brand?post=24384"},{"taxonomy":"product_cat","embeddable":true,"href":"https:\/\/tor-auto.com\/ro\/wp-json\/wp\/v2\/product_cat?post=24384"},{"taxonomy":"product_tag","embeddable":true,"href":"https:\/\/tor-auto.com\/ro\/wp-json\/wp\/v2\/product_tag?post=24384"}],"curies":[{"name":"wp","href":"https:\/\/api.w.org\/{rel}","templated":true}]}}