{"id":24348,"date":"2021-01-18T17:46:41","date_gmt":"2024-01-12T15:07:47","guid":{"rendered":"https:\/\/tor-auto.com\/shop\/aromatizator-areon-home-perfume-150ml-exclusive-selection-ecru\/"},"modified":"2024-01-12T17:07:47","modified_gmt":"2024-01-12T15:07:47","slug":"aromatizator-areon-home-perfume-150ml-exclusive-selection-ecru","status":"publish","type":"product","link":"https:\/\/tor-auto.com\/ro\/product\/aromatizator-areon-home-perfume-150ml-exclusive-selection-ecru\/","title":{"rendered":"\u0410\u0440\u043e\u043c\u0430\u0442\u0438\u0437\u0430\u0442\u043e\u0440 Areon Home Perfume 150ml Exclusive Selection Ecru"},"content":{"rendered":"<p>Areon Home Parfum Selec\u021bie Exclusiv\u0103 Ecru \u2014 <strong>arom\u0103 r<\/strong><strong>afinat\u0103<\/strong> <strong>de stil<\/strong><\/p>\n<p>Areon Home Parfum Exclusive Selection Ecru \u2014 este un nou parfum unic din colec\u021bia exclusiv\u0103 de arome de la Areon. Produsul este conceput pentru a satisface cele mai \u00eenalte cerin\u021be ale utilizatorilor, pentru a oferi casei sau biroului un stil chic \u0219i unic.<\/p>\n<p>Areon Home Parfum Exclusive Ecru \u2014 nu este doar o arom\u0103 de aer, ci \u0219i parfumuri de lux reale pentru incint\u0103. Compozi\u021bia parfumului a fost creat\u0103 de mae\u0219trii francezi de v\u00e2rf special pentru \u00abAreon\u00bb. Scopul expertului de a surprinde clien\u021bii companiei cu o nou\u0103 abordare a aromatiz\u0103rii spa\u021biilor este atins: este \u00eentr-adev\u0103r o inova\u021bie \u00een lumea aromatizatorilor!<\/p>\n<h2><strong>Areon Home Parfum Selectie Exclusiva Ecru \u2014<\/strong><strong>secretele al<\/strong> <strong>compozitiei.<\/strong><\/h2>\n<p>Parfumul din cea mai \u00eenalt\u0103 linie de odorizante Areon Home Parfum are un miros pl\u0103cut, u\u0219or dulce, cu o anumit\u0103 severitate. Notele de baz\u0103 de lemn, heliotrop \u0219i tansy, notele inimii de tonuri de lemn de ca\u0219mir \u0219i aldehid\u0103 cu gustul de cardamom, l\u0103m\u00e2ie \u0219i bergamot creeaz\u0103 o compozi\u021bie unic\u0103 de prospe\u021bime floral\u0103 \u0219i lux.<\/p>\n<p>Compozi\u021bia parfumului Ecru este dezv\u0103luit\u0103 treptat:<\/p>\n<ul>\n<li>Heliotrope \u2014 este o surs\u0103 de arom\u0103 delicioas\u0103 de vanilie. Este o plant\u0103 de aristocra\u021bi, o floare care a fost dat\u0103 iubitei \u0219i transmis\u0103 ca mesaje secrete. El a fost renumit \u00een cercurile \u00eenalte ca simbol al iubirii \u0219i devotamentului nedivizat.<\/li>\n<li>Tansy dilueaz\u0103 sunetul de vanilie al heliotropului cu un ton de camfor cu nuan\u021be de pelin, eucalipt, rozmarin picant \u0219i laur. Este adesea folosit de parfumieri ca deschiderea de baz\u0103 a parfumului, r\u0103spunz\u00e2nd \u0219i la prune. Pe fundalul notelor de lemn, tansy \u0219i heliotrop sunt \u00eenv\u0103luite cu o arom\u0103 profund\u0103 floral-vanilie. Este o reminiscen\u021b\u0103 a celebrului negru Areon Vanilla.<\/li>\n<li>Nota inimii copacului de ca\u0219mir, conform ideii de parfumieri, ajut\u0103 la transmiterea senza\u021biilor similare cu atingerea c\u0103r\u0103mizii moi din ca\u0219mir. Ofer\u0103 un sentiment de confort \u0219i c\u0103ldur\u0103. Kashmeranul \u00een sine seam\u0103n\u0103 cu un cedru cu nuan\u021be de mosc \u0219i m\u0103r, pu\u021bin miros de beton sub ploaie. \u00cen combina\u021bie cu arome florale \u0219i picante, arborele de ca\u0219mir sun\u0103 mult mai bogat.<\/li>\n<li>Nota de aldehide \u2014 este cea mai revolu\u021bionar\u0103 pic\u0103tur\u0103 care a fost folosit\u0103 pentru prima dat\u0103 \u00een Chanel No 5. Aroma sa floral\u0103 delicat\u0103 nu poate fi confundat\u0103 cu nimic.<\/li>\n<li>Cardamomul, lamaia si bergamota au devenit varful piramidei Areon Home Parfum Exclusive Selection Ecru. Nuan\u021bele picante \u00een combina\u021bie cu sm\u00e2nt\u00e2n\u0103 confer\u0103 aromei elegan\u021b\u0103 \u0219i luminozitate.<\/li>\n<\/ul>\n","protected":false},"excerpt":{"rendered":"<p>Areon Home Parfum Selec\u021bie Exclusiv\u0103 Ecru \u2014 arom\u0103 rafinat\u0103 de stil Areon Home Parfum Exclusive Selection Ecru \u2014 este un nou parfum unic din colec\u021bia exclusiv\u0103 de arome de la Areon. Produsul este conceput pentru a satisface cele mai \u00eenalte cerin\u021be ale utilizatorilor, pentru a oferi casei sau biroului un stil chic \u0219i unic. Areon [&#8230;]\n","protected":false},"featured_media":17303,"template":"","meta":{"inline_featured_image":false,"_exactmetrics_skip_tracking":false,"_exactmetrics_sitenote_active":false,"_exactmetrics_sitenote_note":"","_exactmetrics_sitenote_category":0},"product_brand":[],"product_cat":[273,269],"product_tag":[],"class_list":{"0":"post-24348","1":"product","2":"type-product","3":"status-publish","4":"has-post-thumbnail","6":"product_cat-parfumuri-pentru-casa-si-birou","7":"product_cat-parfume","9":"first","10":"instock","11":"shipping-taxable","12":"product-type-simple"},"_links":{"self":[{"href":"https:\/\/tor-auto.com\/ro\/wp-json\/wp\/v2\/product\/24348","targetHints":{"allow":["GET"]}}],"collection":[{"href":"https:\/\/tor-auto.com\/ro\/wp-json\/wp\/v2\/product"}],"about":[{"href":"https:\/\/tor-auto.com\/ro\/wp-json\/wp\/v2\/types\/product"}],"wp:featuredmedia":[{"embeddable":true,"href":"https:\/\/tor-auto.com\/ro\/wp-json\/wp\/v2\/media\/17303"}],"wp:attachment":[{"href":"https:\/\/tor-auto.com\/ro\/wp-json\/wp\/v2\/media?parent=24348"}],"wp:term":[{"taxonomy":"product_brand","embeddable":true,"href":"https:\/\/tor-auto.com\/ro\/wp-json\/wp\/v2\/product_brand?post=24348"},{"taxonomy":"product_cat","embeddable":true,"href":"https:\/\/tor-auto.com\/ro\/wp-json\/wp\/v2\/product_cat?post=24348"},{"taxonomy":"product_tag","embeddable":true,"href":"https:\/\/tor-auto.com\/ro\/wp-json\/wp\/v2\/product_tag?post=24348"}],"curies":[{"name":"wp","href":"https:\/\/api.w.org\/{rel}","templated":true}]}}