{"id":24333,"date":"2019-01-02T11:08:47","date_gmt":"2024-01-12T12:50:48","guid":{"rendered":"https:\/\/tor-auto.com\/shop\/cric-mecanic-1-5t\/"},"modified":"2024-01-12T14:50:48","modified_gmt":"2024-01-12T12:50:48","slug":"domkrat-mehanicheskij-1-5t","status":"publish","type":"product","link":"https:\/\/tor-auto.com\/ro\/product\/domkrat-mehanicheskij-1-5t\/","title":{"rendered":"Cric mecanic 1.5t"},"content":{"rendered":"<table style=\"height: 149px;\" border=\"1\" width=\"556\" cellspacing=\"0\" cellpadding=\"0\">\n<tbody>\n<tr>\n<td class=\"shop_specification_left\">Greutate<\/td>\n<td class=\"shop_specification_right\">2,5 kg<\/td>\n<\/tr>\n<tr>\n<td class=\"shop_specification_left\">Dimensiuni<\/td>\n<td class=\"shop_specification_right\">420x90x104<\/td>\n<\/tr>\n<tr class=\"white\">\n<td class=\"shop_specification_left\">Culoarea<\/td>\n<td class=\"shop_specification_right\">argint<\/td>\n<\/tr>\n<tr class=\"gray\">\n<td class=\"shop_specification_left\">Material<\/td>\n<td class=\"shop_specification_right\">O\u021bel Q235, vopsit cu pulbere<\/td>\n<\/tr>\n<tr class=\"white\">\n<td class=\"shop_specification_left\">\u00cen\u0103l\u021bimea minim\u0103 de ridicare (mm)<\/td>\n<td class=\"shop_specification_right\">104<\/td>\n<\/tr>\n<tr class=\"gray\">\n<td class=\"shop_specification_left\">\u00cen\u0103l\u021bimea maxim\u0103 de ridicare (mm)<\/td>\n<td class=\"shop_specification_right\">385<\/td>\n<\/tr>\n<\/tbody>\n<\/table>\n","protected":false},"excerpt":{"rendered":"<ul>\n<li>limit\u0103 sc\u0103zut\u0103 a temperaturii de func\u021bionare, p\u00e2n\u0103 la -50\u00b0C<\/li>\n<li>\u015fa rotativ\u0103<\/li>\n<li>manevrabilitate si stabilitate excelenta<\/li>\n<li>Capacitate de \u00eenc\u0103rcare: 1,5 T<\/li>\n<li>raza de ridicare: 104 &#8211; 385 mm<\/li>\n<li>greutate: ~ 2,5 kg<\/li>\n<li>cursa de lucru: 250-380 mm<\/li>\n<\/ul>\n","protected":false},"featured_media":2080,"template":"","meta":{"inline_featured_image":false,"_exactmetrics_skip_tracking":false,"_exactmetrics_sitenote_active":false,"_exactmetrics_sitenote_note":"","_exactmetrics_sitenote_category":0},"product_brand":[],"product_cat":[258,266],"product_tag":[],"class_list":{"0":"post-24333","1":"product","2":"type-product","3":"status-publish","4":"has-post-thumbnail","6":"product_cat-accessorii-auto","7":"product_cat-cric","9":"first","10":"instock","11":"shipping-taxable","12":"product-type-simple"},"_links":{"self":[{"href":"https:\/\/tor-auto.com\/ro\/wp-json\/wp\/v2\/product\/24333","targetHints":{"allow":["GET"]}}],"collection":[{"href":"https:\/\/tor-auto.com\/ro\/wp-json\/wp\/v2\/product"}],"about":[{"href":"https:\/\/tor-auto.com\/ro\/wp-json\/wp\/v2\/types\/product"}],"wp:featuredmedia":[{"embeddable":true,"href":"https:\/\/tor-auto.com\/ro\/wp-json\/wp\/v2\/media\/2080"}],"wp:attachment":[{"href":"https:\/\/tor-auto.com\/ro\/wp-json\/wp\/v2\/media?parent=24333"}],"wp:term":[{"taxonomy":"product_brand","embeddable":true,"href":"https:\/\/tor-auto.com\/ro\/wp-json\/wp\/v2\/product_brand?post=24333"},{"taxonomy":"product_cat","embeddable":true,"href":"https:\/\/tor-auto.com\/ro\/wp-json\/wp\/v2\/product_cat?post=24333"},{"taxonomy":"product_tag","embeddable":true,"href":"https:\/\/tor-auto.com\/ro\/wp-json\/wp\/v2\/product_tag?post=24333"}],"curies":[{"name":"wp","href":"https:\/\/api.w.org\/{rel}","templated":true}]}}